{"id":29835,"date":"2014-10-13T08:31:08","date_gmt":"2014-10-13T12:31:08","guid":{"rendered":"https:\/\/the7.io\/main\/?page_id=29835"},"modified":"2024-05-03T09:48:29","modified_gmt":"2024-05-03T13:48:29","slug":"connexion","status":"publish","type":"page","link":"https:\/\/seaborn-immigration.ca\/fr\/connexion\/","title":{"rendered":"Connexion"},"content":{"rendered":"<div class=\"wpb-content-wrapper\"><p>[vc_row content_placement=\u00a0\u00bbmiddle\u00a0\u00bb margin_top=\u00a0\u00bb0&Prime; margin_bottom=\u00a0\u00bb-30&Prime; padding_left=\u00a0\u00bb0&Prime; padding_right=\u00a0\u00bb0&Prime; bg_position=\u00a0\u00bbtop\u00a0\u00bb bg_repeat=\u00a0\u00bbno-repeat\u00a0\u00bb bg_cover=\u00a0\u00bbfalse\u00a0\u00bb bg_attachment=\u00a0\u00bbfalse\u00a0\u00bb padding_top=\u00a0\u00bb0&Prime; padding_bottom=\u00a0\u00bb0&Prime; parallax_speed=\u00a0\u00bb0.1&Prime; css=\u00a0\u00bb.vc_custom_1683833738307{margin-bottom: -30px !important;}\u00a0\u00bb][vc_column width=\u00a0\u00bb1\/4&Prime;][vc_empty_space height=\u00a0\u00bb40px\u00a0\u00bb][\/vc_column][vc_column width=\u00a0\u00bb1\/2&Prime;][vc_empty_space height=\u00a0\u00bb24px\u00a0\u00bb][vc_column_text]<div class=\"simple-login-form-shortcode\">\n\t\t\t\t\t<form name=\"loginform\" id=\"loginform\" action=\"https:\/\/seaborn-immigration.ca\/wp-login.php?itsec-hb-token=studio\" method=\"post\">\n\t\t\t\t\t\t\n\t\t\t\t\t\t<p class=\"login-username\">\n\t\t\t\t\t\t\t<label class=\"assistive-text\" for=\"user_login\">Nom d&#039;utilisateur<\/label>\n\t\t\t\t\t\t\t<input type=\"text\" name=\"log\" placeholder=\"Nom d&#039;utilisateur\" id=\"user_login\" class=\"input\" value=\"\" size=\"20\" \/>\n\t\t\t\t\t\t<\/p>\n\t\t\t\t\t\t<p class=\"login-password\">\n\t\t\t\t\t\t\t<label class=\"assistive-text\" for=\"user_pass\">Mot de passe<\/label>\n\t\t\t\t\t\t\t<input type=\"password\" name=\"pwd\" placeholder=\"Mot de passe\" id=\"user_pass\" class=\"input\" value=\"\" size=\"20\" \/>\n\t\t\t\t\t\t<\/p>\n\t\t\t\t\t\t\n\t\t\t\t\t\t<p class=\"login-remember\"><label><input name=\"rememberme\" type=\"checkbox\" id=\"rememberme\" value=\"forever\" \/> Se souvenir de moi<\/label><\/p>\n\t\t\t\t\t\t<p class=\"login-submit\">\n\t\t\t\t\t\t\t<input type=\"submit\" name=\"wp-submit\" id=\"wp-submit\" class=\"button-primary\" value=\"Connexion\" \/>\n\t\t\t\t\t\t\t<input type=\"hidden\" name=\"redirect_to\" value=\"https:\/\/seaborn-immigration.ca\/fr\/wp-json\/wp\/v2\/pages\/29835\" \/>\n\t\t\t\t\t\t<\/p>\n\t\t\t\t\t\t\n\t\t\t\t\t<\/form><\/div>[\/vc_column_text][\/vc_column][vc_column width=\u00a0\u00bb1\/4&Prime;][\/vc_column][\/vc_row]<\/p>\n<\/div>","protected":false},"excerpt":{"rendered":"<p>[vc_row content_placement=\u00a0\u00bbmiddle\u00a0\u00bb margin_top=\u00a0\u00bb0&Prime; margin_bottom=\u00a0\u00bb-30&Prime; padding_left=\u00a0\u00bb0&Prime; padding_right=\u00a0\u00bb0&Prime; bg_position=\u00a0\u00bbtop\u00a0\u00bb bg_repeat=\u00a0\u00bbno-repeat\u00a0\u00bb bg_cover=\u00a0\u00bbfalse\u00a0\u00bb bg_attachment=\u00a0\u00bbfalse\u00a0\u00bb padding_top=\u00a0\u00bb0&Prime; padding_bottom=\u00a0\u00bb0&Prime; parallax_speed=\u00a0\u00bb0.1&Prime; css=\u00a0\u00bb.vc_custom_1683833738307{margin-bottom: -30px !important;}\u00a0\u00bb][vc_column width=\u00a0\u00bb1\/4&Prime;][vc_empty_space height=\u00a0\u00bb40px\u00a0\u00bb][\/vc_column][vc_column width=\u00a0\u00bb1\/2&Prime;][vc_empty_space height=\u00a0\u00bb24px\u00a0\u00bb][vc_column_text][\/vc_column_text][\/vc_column][vc_column width=\u00a0\u00bb1\/4&Prime;][\/vc_column][\/vc_row]<\/p>\n","protected":false},"author":12,"featured_media":0,"parent":0,"menu_order":100,"comment_status":"closed","ping_status":"closed","template":"","meta":{"_acf_changed":false,"footnotes":""},"class_list":["post-29835","page","type-page","status-publish","hentry","description-off"],"acf":[],"yoast_head":"<!-- This site is optimized with the Yoast SEO plugin v27.1.1 - https:\/\/yoast.com\/product\/yoast-seo-wordpress\/ -->\n<title>Plateforme de Connexion pour Clients et Employeurs<\/title>\n<meta name=\"description\" content=\"Connectez-vous pour acc\u00e9der aux services et g\u00e9rer vos d\u00e9marches d&#039;immigration efficacement.\" \/>\n<meta name=\"robots\" content=\"index, follow, max-snippet:-1, max-image-preview:large, max-video-preview:-1\" \/>\n<link rel=\"canonical\" href=\"https:\/\/seaborn-immigration.ca\/fr\/connexion\/\" \/>\n<meta property=\"og:locale\" content=\"fr_FR\" \/>\n<meta property=\"og:type\" content=\"article\" \/>\n<meta property=\"og:title\" content=\"Plateforme de Connexion pour Clients et Employeurs\" \/>\n<meta property=\"og:description\" content=\"Connectez-vous pour acc\u00e9der aux services et g\u00e9rer vos d\u00e9marches d&#039;immigration efficacement.\" \/>\n<meta property=\"og:url\" content=\"https:\/\/seaborn-immigration.ca\/fr\/connexion\/\" \/>\n<meta property=\"og:site_name\" content=\"Seaborn Immigration\" \/>\n<meta property=\"article:modified_time\" content=\"2024-05-03T13:48:29+00:00\" \/>\n<meta name=\"twitter:card\" content=\"summary_large_image\" \/>\n<meta name=\"twitter:label1\" content=\"Dur\u00e9e de lecture estim\u00e9e\" \/>\n\t<meta name=\"twitter:data1\" content=\"1 minute\" \/>\n<!-- \/ Yoast SEO plugin. -->","yoast_head_json":{"title":"Plateforme de Connexion pour Clients et Employeurs","description":"Connectez-vous pour acc\u00e9der aux services et g\u00e9rer vos d\u00e9marches d'immigration efficacement.","robots":{"index":"index","follow":"follow","max-snippet":"max-snippet:-1","max-image-preview":"max-image-preview:large","max-video-preview":"max-video-preview:-1"},"canonical":"https:\/\/seaborn-immigration.ca\/fr\/connexion\/","og_locale":"fr_FR","og_type":"article","og_title":"Plateforme de Connexion pour Clients et Employeurs","og_description":"Connectez-vous pour acc\u00e9der aux services et g\u00e9rer vos d\u00e9marches d'immigration efficacement.","og_url":"https:\/\/seaborn-immigration.ca\/fr\/connexion\/","og_site_name":"Seaborn Immigration","article_modified_time":"2024-05-03T13:48:29+00:00","twitter_card":"summary_large_image","twitter_misc":{"Dur\u00e9e de lecture estim\u00e9e":"1 minute"},"schema":{"@context":"https:\/\/schema.org","@graph":[{"@type":"Article","@id":"https:\/\/seaborn-immigration.ca\/fr\/connexion\/#article","isPartOf":{"@id":"https:\/\/seaborn-immigration.ca\/fr\/connexion\/"},"author":{"name":"Katia Seaborn","@id":"https:\/\/seaborn-immigration.ca\/fr\/#\/schema\/person\/d7395a202dffffdf9510b59069cc031e"},"headline":"Connexion","datePublished":"2014-10-13T12:31:08+00:00","dateModified":"2024-05-03T13:48:29+00:00","mainEntityOfPage":{"@id":"https:\/\/seaborn-immigration.ca\/fr\/connexion\/"},"wordCount":86,"publisher":{"@id":"https:\/\/seaborn-immigration.ca\/fr\/#organization"},"inLanguage":"fr-FR"},{"@type":"WebPage","@id":"https:\/\/seaborn-immigration.ca\/fr\/connexion\/","url":"https:\/\/seaborn-immigration.ca\/fr\/connexion\/","name":"Plateforme de Connexion pour Clients et Employeurs","isPartOf":{"@id":"https:\/\/seaborn-immigration.ca\/fr\/#website"},"datePublished":"2014-10-13T12:31:08+00:00","dateModified":"2024-05-03T13:48:29+00:00","description":"Connectez-vous pour acc\u00e9der aux services et g\u00e9rer vos d\u00e9marches d'immigration efficacement.","breadcrumb":{"@id":"https:\/\/seaborn-immigration.ca\/fr\/connexion\/#breadcrumb"},"inLanguage":"fr-FR","potentialAction":[{"@type":"ReadAction","target":["https:\/\/seaborn-immigration.ca\/fr\/connexion\/"]}]},{"@type":"BreadcrumbList","@id":"https:\/\/seaborn-immigration.ca\/fr\/connexion\/#breadcrumb","itemListElement":[{"@type":"ListItem","position":1,"name":"Accueil","item":"https:\/\/seaborn-immigration.ca\/fr\/"},{"@type":"ListItem","position":2,"name":"Connexion"}]},{"@type":"WebSite","@id":"https:\/\/seaborn-immigration.ca\/fr\/#website","url":"https:\/\/seaborn-immigration.ca\/fr\/","name":"Seaborn Immigration","description":"Sp\u00e9cialiste en recrutement international","publisher":{"@id":"https:\/\/seaborn-immigration.ca\/fr\/#organization"},"potentialAction":[{"@type":"SearchAction","target":{"@type":"EntryPoint","urlTemplate":"https:\/\/seaborn-immigration.ca\/fr\/?s={search_term_string}"},"query-input":{"@type":"PropertyValueSpecification","valueRequired":true,"valueName":"search_term_string"}}],"inLanguage":"fr-FR"},{"@type":"Organization","@id":"https:\/\/seaborn-immigration.ca\/fr\/#organization","name":"Sp\u00e9cialiste en recrutement international","url":"https:\/\/seaborn-immigration.ca\/fr\/","logo":{"@type":"ImageObject","inLanguage":"fr-FR","@id":"https:\/\/seaborn-immigration.ca\/fr\/#\/schema\/logo\/image\/","url":"https:\/\/seaborn-immigration.ca\/wp-content\/uploads\/2023\/05\/KS-Immigration-e1686083649395.png","contentUrl":"https:\/\/seaborn-immigration.ca\/wp-content\/uploads\/2023\/05\/KS-Immigration-e1686083649395.png","width":150,"height":129,"caption":"Sp\u00e9cialiste en recrutement international"},"image":{"@id":"https:\/\/seaborn-immigration.ca\/fr\/#\/schema\/logo\/image\/"}},{"@type":"Person","@id":"https:\/\/seaborn-immigration.ca\/fr\/#\/schema\/person\/d7395a202dffffdf9510b59069cc031e","name":"Katia Seaborn","image":{"@type":"ImageObject","inLanguage":"fr-FR","@id":"https:\/\/seaborn-immigration.ca\/fr\/#\/schema\/person\/image\/","url":"https:\/\/secure.gravatar.com\/avatar\/db15f0542f3af1994ab4f2e3219ee0668bfc7217eeeb23c3ff4152d54e668b28?s=96&d=mm&r=g","contentUrl":"https:\/\/secure.gravatar.com\/avatar\/db15f0542f3af1994ab4f2e3219ee0668bfc7217eeeb23c3ff4152d54e668b28?s=96&d=mm&r=g","caption":"Katia Seaborn"},"sameAs":["https:\/\/x.com\/Seaborn-staff-1"]}]}},"_links":{"self":[{"href":"https:\/\/seaborn-immigration.ca\/fr\/wp-json\/wp\/v2\/pages\/29835","targetHints":{"allow":["GET"]}}],"collection":[{"href":"https:\/\/seaborn-immigration.ca\/fr\/wp-json\/wp\/v2\/pages"}],"about":[{"href":"https:\/\/seaborn-immigration.ca\/fr\/wp-json\/wp\/v2\/types\/page"}],"author":[{"embeddable":true,"href":"https:\/\/seaborn-immigration.ca\/fr\/wp-json\/wp\/v2\/users\/12"}],"replies":[{"embeddable":true,"href":"https:\/\/seaborn-immigration.ca\/fr\/wp-json\/wp\/v2\/comments?post=29835"}],"version-history":[{"count":0,"href":"https:\/\/seaborn-immigration.ca\/fr\/wp-json\/wp\/v2\/pages\/29835\/revisions"}],"wp:attachment":[{"href":"https:\/\/seaborn-immigration.ca\/fr\/wp-json\/wp\/v2\/media?parent=29835"}],"curies":[{"name":"wp","href":"https:\/\/api.w.org\/{rel}","templated":true}]}}