{"id":29888,"date":"2023-06-06T16:19:01","date_gmt":"2023-06-06T20:19:01","guid":{"rendered":"https:\/\/seaborn-immigration.ca\/?page_id=29888"},"modified":"2025-07-22T11:55:03","modified_gmt":"2025-07-22T15:55:03","slug":"accompagnement-des-entreprises","status":"publish","type":"page","link":"https:\/\/seaborn-immigration.ca\/fr\/recrutement-international-2\/accompagnement-des-entreprises\/","title":{"rendered":"Accompagnement des entreprises"},"content":{"rendered":"<div class=\"wpb-content-wrapper\"><p>[vc_row type=\u00a0\u00bbvc_default\u00a0\u00bb][vc_column css=\u00a0\u00bb.vc_custom_1498229431694{padding-bottom: 50px !important;}\u00a0\u00bb]<div id=\"ultimate-heading-773169fabc5a12cc3\" class=\"uvc-heading ult-adjust-bottom-margin ultimate-heading-773169fabc5a12cc3 uvc-7167 \" data-hspacer=\"no_spacer\"  data-halign=\"left\" style=\"text-align:left\"><div class=\"uvc-heading-spacer no_spacer\" style=\"top\"><\/div><\/div>[vc_column_text]Dans le cadre de notre engagement \u00e0 fournir une expertise compl\u00e8te en recrutement et en immigration, nous offrons une gamme de services d&rsquo;accompagnement, sp\u00e9cifiquement con\u00e7us pour les entreprises qui recrutent des travailleurs \u00e9trangers.<br \/>\nNous offrons des conseils en mati\u00e8re de conformit\u00e9 r\u00e9glementaire, pour vous assurer que votre entreprise respecte toutes les lois et r\u00e9glementations en vigueur. Cela comprend des services tels que la v\u00e9rification de l&rsquo;admissibilit\u00e9 \u00e0 l&#8217;emploi, la gestion des permis de travail et le respect des conditions de travail.[\/vc_column_text][\/vc_column][vc_column css=\u00a0\u00bb.vc_custom_1498229445232{padding-bottom: 50px !important;}\u00a0\u00bb]<div id=\"ultimate-heading-761169fabc5a12d14\" class=\"uvc-heading ult-adjust-bottom-margin ultimate-heading-761169fabc5a12d14 uvc-2028 \" data-hspacer=\"no_spacer\"  data-halign=\"left\" style=\"text-align:left\"><div class=\"uvc-heading-spacer no_spacer\" style=\"top\"><\/div><div class=\"uvc-main-heading ult-responsive\"  data-ultimate-target='.uvc-heading.ultimate-heading-761169fabc5a12d14 h2'  data-responsive-json-new='{\"font-size\":\"desktop:26px;\",\"line-height\":\"desktop:32px;\"}' ><h2 style=\"font-weight:bold;margin-bottom:20px;\">Nos services d'accompagnement comprennent :<\/h2><\/div><\/div><div class=\"smile_icon_list_wrap ult_info_list_container ult-adjust-bottom-margin service-list  vc_custom_1687889785751\"><ul class=\"smile_icon_list left hexagon\"><li class=\"icon_list_item\" style=\" font-size:60px;\"><div class=\"icon_list_icon\" data-animation=\"\" data-animation-delay=\"03\" style=\"font-size:20px;background:#68349a;color:#ffffff;border-color:#68349a;\"><i class=\"fas fa-clipboard-list\" ><\/i><\/div><div class=\"icon_description\" id=\"Info-list-wrap-4148\" style=\"font-size:20px;\"><h3 class=\"ult-responsive info-list-heading\"  data-ultimate-target='#Info-list-wrap-4148 h3'  data-responsive-json-new='{\"font-size\":\"desktop:16px;\",\"line-height\":\"desktop:22px;\"}'  style=\"font-family:&#039;Open Sans Condensed&#039;;font-weight:700;\">1. La pr\u00e9paration et la gestion des d\u00e9marches pour l\u2019obtention de l\u2019EIMT, du CAQ et du permis de travail ferm\u00e9 de vos travailleurs \u00e9trangers temporaires.<\/h3><div class=\"icon_description_text ult-responsive\"  data-ultimate-target='#Info-list-wrap-4148 .icon_description_text'  data-responsive-json-new='{\"font-size\":\"desktop:12px;\",\"line-height\":\"desktop:20px;\"}'  style=\"\"><\/div><\/div><div class=\"icon_list_connector\"  style=\"border-right-width: 1px;border-right-style: dashed;border-color: #68349a;\"><\/div><\/li><li class=\"icon_list_item\" style=\" font-size:60px;\"><div class=\"icon_list_icon\" data-animation=\"\" data-animation-delay=\"03\" style=\"font-size:20px;background:#68349a;color:#ffffff;border-color:#68349a;\"><i class=\"fas fa-envelope-open-text\" ><\/i><\/div><div class=\"icon_description\" id=\"Info-list-wrap-6578\" style=\"font-size:20px;\"><h3 class=\"ult-responsive info-list-heading\"  data-ultimate-target='#Info-list-wrap-6578 h3'  data-responsive-json-new='{\"font-size\":\"desktop:16px;\",\"line-height\":\"desktop:22px;\"}'  style=\"font-family:&#039;Open Sans Condensed&#039;;font-weight:700;\">2. La pr\u00e9paration des demandes de permis de travail ouvert pour les conjoints\/conjointes.<\/h3><div class=\"icon_description_text ult-responsive\"  data-ultimate-target='#Info-list-wrap-6578 .icon_description_text'  data-responsive-json-new='{\"font-size\":\"desktop:12px;\",\"line-height\":\"desktop:20px;\"}'  style=\"\"><\/div><\/div><div class=\"icon_list_connector\"  style=\"border-right-width: 1px;border-right-style: dashed;border-color: #68349a;\"><\/div><\/li><li class=\"icon_list_item\" style=\" font-size:60px;\"><div class=\"icon_list_icon\" data-animation=\"\" data-animation-delay=\"03\" style=\"font-size:20px;background:#68349a;color:#ffffff;border-color:#68349a;\"><i class=\"fas fa-child\" ><\/i><\/div><div class=\"icon_description\" id=\"Info-list-wrap-2605\" style=\"font-size:20px;\"><h3 class=\"ult-responsive info-list-heading\"  data-ultimate-target='#Info-list-wrap-2605 h3'  data-responsive-json-new='{\"font-size\":\"desktop:16px;\",\"line-height\":\"desktop:22px;\"}'  style=\"font-family:&#039;Open Sans Condensed&#039;;font-weight:700;\">3. L'assistance dans le processus d'obtention du CAQ d\u2019\u00e9tudes pour des enfants accompagnant leurs parents qui sont travailleurs temporaires.<\/h3><div class=\"icon_description_text ult-responsive\"  data-ultimate-target='#Info-list-wrap-2605 .icon_description_text'  data-responsive-json-new='{\"font-size\":\"desktop:12px;\",\"line-height\":\"desktop:20px;\"}'  style=\"\"><\/div><\/div><div class=\"icon_list_connector\"  style=\"border-right-width: 1px;border-right-style: dashed;border-color: #68349a;\"><\/div><\/li><li class=\"icon_list_item\" style=\" font-size:60px;\"><div class=\"icon_list_icon\" data-animation=\"\" data-animation-delay=\"03\" style=\"font-size:20px;background:#68349a;color:#ffffff;border-color:#68349a;\"><i class=\"icomoon-icomoonfree-16x16-bubbles2\" ><\/i><\/div><div class=\"icon_description\" id=\"Info-list-wrap-8346\" style=\"font-size:20px;\"><h3 class=\"ult-responsive info-list-heading\"  data-ultimate-target='#Info-list-wrap-8346 h3'  data-responsive-json-new='{\"font-size\":\"desktop:16px;\",\"line-height\":\"desktop:22px;\"}'  style=\"font-family:&#039;Open Sans Condensed&#039;;font-weight:700;\">4. Des conseils sur les meilleures pratiques en mati\u00e8re de gestion de la diversit\u00e9 culturelle et de r\u00e9solution de conflits.<\/h3><div class=\"icon_description_text ult-responsive\"  data-ultimate-target='#Info-list-wrap-8346 .icon_description_text'  data-responsive-json-new='{\"font-size\":\"desktop:12px;\",\"line-height\":\"desktop:20px;\"}'  style=\"\"><\/div><\/div><div class=\"icon_list_connector\"  style=\"border-right-width: 1px;border-right-style: dashed;border-color: #68349a;\"><\/div><\/li><\/ul><\/div>[\/vc_column][\/vc_row][vc_row type=\u00a0\u00bbvc_default\u00a0\u00bb][vc_column css=\u00a0\u00bb.vc_custom_1498229431694{padding-bottom: 50px !important;}\u00a0\u00bb]<div id=\"ultimate-heading-909569fabc5a12fe3\" class=\"uvc-heading ult-adjust-bottom-margin ultimate-heading-909569fabc5a12fe3 uvc-8248 \" data-hspacer=\"no_spacer\"  data-halign=\"left\" style=\"text-align:left\"><div class=\"uvc-heading-spacer no_spacer\" style=\"top\"><\/div><div class=\"uvc-main-heading ult-responsive\"  data-ultimate-target='.uvc-heading.ultimate-heading-909569fabc5a12fe3 h2'  data-responsive-json-new='{\"font-size\":\"desktop:26px;\",\"line-height\":\"desktop:32px;\"}' ><h2 style=\"font-weight:bold;margin-bottom:20px;\">Programme d'accueil pour les travailleurs \u00e9trangers:<\/h2><\/div><div class=\"uvc-sub-heading ult-responsive\"  data-ultimate-target='.uvc-heading.ultimate-heading-909569fabc5a12fe3 .uvc-sub-heading '  data-responsive-json-new='{\"font-size\":\"\",\"line-height\":\"\"}'  style=\"font-weight:normal;\"><strong><span style=\"font-weight: 400;\">Nous proposons des programmes d&rsquo;accueil pour les travailleurs \u00e9trangers, qui incluent des informations sur la vie au Canada, les services de sant\u00e9, le logement et la culture locale, ainsi que des conseils pratiques pour faciliter l&rsquo;adaptation.<\/span><\/strong><\/div><\/div>[vc_column_text]Nous proposons des programmes d&rsquo;accueil pour les travailleurs \u00e9trangers, qui incluent des informations sur la vie au Canada, les services de sant\u00e9, le logement et la culture locale, ainsi que des conseils pratiques pour faciliter l&rsquo;adaptation.[\/vc_column_text][\/vc_column][\/vc_row][vc_row type=\u00a0\u00bbvc_default\u00a0\u00bb][vc_column css=\u00a0\u00bb.vc_custom_1498229431694{padding-bottom: 50px !important;}\u00a0\u00bb]<div id=\"ultimate-heading-599669fabc5a13024\" class=\"uvc-heading ult-adjust-bottom-margin ultimate-heading-599669fabc5a13024 uvc-3280 \" data-hspacer=\"no_spacer\"  data-halign=\"left\" style=\"text-align:left\"><div class=\"uvc-heading-spacer no_spacer\" style=\"top\"><\/div><div class=\"uvc-main-heading ult-responsive\"  data-ultimate-target='.uvc-heading.ultimate-heading-599669fabc5a13024 h2'  data-responsive-json-new='{\"font-size\":\"desktop:26px;\",\"line-height\":\"desktop:32px;\"}' ><h2 style=\"font-weight:bold;margin-bottom:20px;\">Assistance pour les formalit\u00e9s administratives:<\/h2><\/div><div class=\"uvc-sub-heading ult-responsive\"  data-ultimate-target='.uvc-heading.ultimate-heading-599669fabc5a13024 .uvc-sub-heading '  data-responsive-json-new='{\"font-size\":\"\",\"line-height\":\"\"}'  style=\"font-weight:normal;\"><span style=\"font-weight: 400;\">Nous pouvons aider les travailleurs \u00e9trangers \u00e0 naviguer dans les formalit\u00e9s administratives, comme l&rsquo;obtention de num\u00e9ros d&rsquo;assurance sociale, l&rsquo;inscription \u00e0 l&rsquo;assurance maladie ainsi que dans les d\u00e9marches pour ouvrir un compte bancaire.<\/span><\/div><\/div>[vc_column_text]Nous proposons des programmes d&rsquo;accueil pour les travailleurs \u00e9trangers, qui incluent des informations sur la vie au Canada, les services de sant\u00e9, le logement et la culture locale, ainsi que des conseils pratiques pour faciliter l&rsquo;adaptation.[\/vc_column_text][\/vc_column][\/vc_row][vc_row][vc_column][vc_column_text][\/vc_column_text][\/vc_column][\/vc_row]<\/p>\n<\/div>","protected":false},"excerpt":{"rendered":"<p>[vc_row type=\u00a0\u00bbvc_default\u00a0\u00bb][vc_column css=\u00a0\u00bb.vc_custom_1498229431694{padding-bottom: 50px !important;}\u00a0\u00bb][vc_column_text]Dans le cadre de notre engagement \u00e0 fournir une expertise compl\u00e8te en recrutement et en immigration, nous offrons une gamme de services d&rsquo;accompagnement, sp\u00e9cifiquement con\u00e7us pour les entreprises qui recrutent des travailleurs \u00e9trangers. Nous offrons des conseils en mati\u00e8re de conformit\u00e9 r\u00e9glementaire, pour vous assurer que votre entreprise respecte toutes les&hellip;<\/p>\n","protected":false},"author":12,"featured_media":0,"parent":29886,"menu_order":0,"comment_status":"closed","ping_status":"closed","template":"","meta":{"_acf_changed":false,"footnotes":""},"class_list":["post-29888","page","type-page","status-publish","hentry","description-off"],"acf":[],"yoast_head":"<!-- This site is optimized with the Yoast SEO plugin v27.1.1 - https:\/\/yoast.com\/product\/yoast-seo-wordpress\/ -->\n<title>Accompagnement en Recrutement International<\/title>\n<meta name=\"description\" content=\"Nous accompagnons les entreprises dans le recrutement et l&#039;immigration internationale.\" \/>\n<meta name=\"robots\" content=\"index, follow, max-snippet:-1, max-image-preview:large, max-video-preview:-1\" \/>\n<link rel=\"canonical\" href=\"https:\/\/seaborn-immigration.ca\/fr\/recrutement-international-2\/accompagnement-des-entreprises\/\" \/>\n<meta property=\"og:locale\" content=\"fr_FR\" \/>\n<meta property=\"og:type\" content=\"article\" \/>\n<meta property=\"og:title\" content=\"Accompagnement en Recrutement International\" \/>\n<meta property=\"og:description\" content=\"Nous accompagnons les entreprises dans le recrutement et l&#039;immigration internationale.\" \/>\n<meta property=\"og:url\" content=\"https:\/\/seaborn-immigration.ca\/fr\/recrutement-international-2\/accompagnement-des-entreprises\/\" \/>\n<meta property=\"og:site_name\" content=\"Seaborn Immigration\" \/>\n<meta property=\"article:modified_time\" content=\"2025-07-22T15:55:03+00:00\" \/>\n<meta name=\"twitter:card\" content=\"summary_large_image\" \/>\n<meta name=\"twitter:label1\" content=\"Dur\u00e9e de lecture estim\u00e9e\" \/>\n\t<meta name=\"twitter:data1\" content=\"3 minutes\" \/>\n<!-- \/ Yoast SEO plugin. -->","yoast_head_json":{"title":"Accompagnement en Recrutement International","description":"Nous accompagnons les entreprises dans le recrutement et l'immigration internationale.","robots":{"index":"index","follow":"follow","max-snippet":"max-snippet:-1","max-image-preview":"max-image-preview:large","max-video-preview":"max-video-preview:-1"},"canonical":"https:\/\/seaborn-immigration.ca\/fr\/recrutement-international-2\/accompagnement-des-entreprises\/","og_locale":"fr_FR","og_type":"article","og_title":"Accompagnement en Recrutement International","og_description":"Nous accompagnons les entreprises dans le recrutement et l'immigration internationale.","og_url":"https:\/\/seaborn-immigration.ca\/fr\/recrutement-international-2\/accompagnement-des-entreprises\/","og_site_name":"Seaborn Immigration","article_modified_time":"2025-07-22T15:55:03+00:00","twitter_card":"summary_large_image","twitter_misc":{"Dur\u00e9e de lecture estim\u00e9e":"3 minutes"},"schema":{"@context":"https:\/\/schema.org","@graph":[{"@type":"Article","@id":"https:\/\/seaborn-immigration.ca\/fr\/recrutement-international-2\/accompagnement-des-entreprises\/#article","isPartOf":{"@id":"https:\/\/seaborn-immigration.ca\/fr\/recrutement-international-2\/accompagnement-des-entreprises\/"},"author":{"name":"Katia Seaborn","@id":"https:\/\/seaborn-immigration.ca\/fr\/#\/schema\/person\/d7395a202dffffdf9510b59069cc031e"},"headline":"Accompagnement des entreprises","datePublished":"2023-06-06T20:19:01+00:00","dateModified":"2025-07-22T15:55:03+00:00","mainEntityOfPage":{"@id":"https:\/\/seaborn-immigration.ca\/fr\/recrutement-international-2\/accompagnement-des-entreprises\/"},"wordCount":777,"publisher":{"@id":"https:\/\/seaborn-immigration.ca\/fr\/#organization"},"inLanguage":"fr-FR"},{"@type":"WebPage","@id":"https:\/\/seaborn-immigration.ca\/fr\/recrutement-international-2\/accompagnement-des-entreprises\/","url":"https:\/\/seaborn-immigration.ca\/fr\/recrutement-international-2\/accompagnement-des-entreprises\/","name":"Accompagnement en Recrutement International","isPartOf":{"@id":"https:\/\/seaborn-immigration.ca\/fr\/#website"},"datePublished":"2023-06-06T20:19:01+00:00","dateModified":"2025-07-22T15:55:03+00:00","description":"Nous accompagnons les entreprises dans le recrutement et l'immigration internationale.","breadcrumb":{"@id":"https:\/\/seaborn-immigration.ca\/fr\/recrutement-international-2\/accompagnement-des-entreprises\/#breadcrumb"},"inLanguage":"fr-FR","potentialAction":[{"@type":"ReadAction","target":["https:\/\/seaborn-immigration.ca\/fr\/recrutement-international-2\/accompagnement-des-entreprises\/"]}]},{"@type":"BreadcrumbList","@id":"https:\/\/seaborn-immigration.ca\/fr\/recrutement-international-2\/accompagnement-des-entreprises\/#breadcrumb","itemListElement":[{"@type":"ListItem","position":1,"name":"Accueil","item":"https:\/\/seaborn-immigration.ca\/fr\/"},{"@type":"ListItem","position":2,"name":"Recrutement International","item":"https:\/\/seaborn-immigration.ca\/fr\/recrutement-international-2\/"},{"@type":"ListItem","position":3,"name":"Accompagnement des entreprises"}]},{"@type":"WebSite","@id":"https:\/\/seaborn-immigration.ca\/fr\/#website","url":"https:\/\/seaborn-immigration.ca\/fr\/","name":"Seaborn Immigration","description":"Sp\u00e9cialiste en recrutement international","publisher":{"@id":"https:\/\/seaborn-immigration.ca\/fr\/#organization"},"potentialAction":[{"@type":"SearchAction","target":{"@type":"EntryPoint","urlTemplate":"https:\/\/seaborn-immigration.ca\/fr\/?s={search_term_string}"},"query-input":{"@type":"PropertyValueSpecification","valueRequired":true,"valueName":"search_term_string"}}],"inLanguage":"fr-FR"},{"@type":"Organization","@id":"https:\/\/seaborn-immigration.ca\/fr\/#organization","name":"Sp\u00e9cialiste en recrutement international","url":"https:\/\/seaborn-immigration.ca\/fr\/","logo":{"@type":"ImageObject","inLanguage":"fr-FR","@id":"https:\/\/seaborn-immigration.ca\/fr\/#\/schema\/logo\/image\/","url":"https:\/\/seaborn-immigration.ca\/wp-content\/uploads\/2023\/05\/KS-Immigration-e1686083649395.png","contentUrl":"https:\/\/seaborn-immigration.ca\/wp-content\/uploads\/2023\/05\/KS-Immigration-e1686083649395.png","width":150,"height":129,"caption":"Sp\u00e9cialiste en recrutement international"},"image":{"@id":"https:\/\/seaborn-immigration.ca\/fr\/#\/schema\/logo\/image\/"}},{"@type":"Person","@id":"https:\/\/seaborn-immigration.ca\/fr\/#\/schema\/person\/d7395a202dffffdf9510b59069cc031e","name":"Katia Seaborn","image":{"@type":"ImageObject","inLanguage":"fr-FR","@id":"https:\/\/seaborn-immigration.ca\/fr\/#\/schema\/person\/image\/","url":"https:\/\/secure.gravatar.com\/avatar\/db15f0542f3af1994ab4f2e3219ee0668bfc7217eeeb23c3ff4152d54e668b28?s=96&d=mm&r=g","contentUrl":"https:\/\/secure.gravatar.com\/avatar\/db15f0542f3af1994ab4f2e3219ee0668bfc7217eeeb23c3ff4152d54e668b28?s=96&d=mm&r=g","caption":"Katia Seaborn"},"sameAs":["https:\/\/x.com\/Seaborn-staff-1"]}]}},"_links":{"self":[{"href":"https:\/\/seaborn-immigration.ca\/fr\/wp-json\/wp\/v2\/pages\/29888","targetHints":{"allow":["GET"]}}],"collection":[{"href":"https:\/\/seaborn-immigration.ca\/fr\/wp-json\/wp\/v2\/pages"}],"about":[{"href":"https:\/\/seaborn-immigration.ca\/fr\/wp-json\/wp\/v2\/types\/page"}],"author":[{"embeddable":true,"href":"https:\/\/seaborn-immigration.ca\/fr\/wp-json\/wp\/v2\/users\/12"}],"replies":[{"embeddable":true,"href":"https:\/\/seaborn-immigration.ca\/fr\/wp-json\/wp\/v2\/comments?post=29888"}],"version-history":[{"count":0,"href":"https:\/\/seaborn-immigration.ca\/fr\/wp-json\/wp\/v2\/pages\/29888\/revisions"}],"up":[{"embeddable":true,"href":"https:\/\/seaborn-immigration.ca\/fr\/wp-json\/wp\/v2\/pages\/29886"}],"wp:attachment":[{"href":"https:\/\/seaborn-immigration.ca\/fr\/wp-json\/wp\/v2\/media?parent=29888"}],"curies":[{"name":"wp","href":"https:\/\/api.w.org\/{rel}","templated":true}]}}