{"id":29890,"date":"2023-06-06T16:20:24","date_gmt":"2023-06-06T20:20:24","guid":{"rendered":"https:\/\/seaborn-immigration.ca\/?page_id=29890"},"modified":"2025-07-22T11:56:40","modified_gmt":"2025-07-22T15:56:40","slug":"droit-de-limmigration","status":"publish","type":"page","link":"https:\/\/seaborn-immigration.ca\/fr\/recrutement-international-2\/droit-de-limmigration\/","title":{"rendered":"Droit de l\u2019immigration"},"content":{"rendered":"<div class=\"wpb-content-wrapper\"><p>[vc_row type=\u00a0\u00bbvc_default\u00a0\u00bb][vc_column css=\u00a0\u00bb.vc_custom_1498229431694{padding-bottom: 50px !important;}\u00a0\u00bb]<div id=\"ultimate-heading-775969fabac4c473e\" class=\"uvc-heading ult-adjust-bottom-margin ultimate-heading-775969fabac4c473e uvc-2421 \" data-hspacer=\"no_spacer\"  data-halign=\"left\" style=\"text-align:left\"><div class=\"uvc-heading-spacer no_spacer\" style=\"top\"><\/div><\/div>[vc_column_text]Avec l&rsquo;augmentation de la p\u00e9nurie de main-d&rsquo;\u0153uvre, l\u2019option de faire venir des travailleurs \u00e9trangers temporaires est devenue presque indispensable pour de nombreuses entreprises.<\/p>\n<p>En tant que sp\u00e9cialiste en droit de l&rsquo;immigration, Seaborn Immigration est l\u00e0 pour vous accompagner \u00e0 travers toutes les \u00e9tapes du processus d&rsquo;immigration. Notre \u00e9quipe poss\u00e8de une connaissance approfondie des lois et r\u00e9glementations canadiennes en mati\u00e8re d&rsquo;immigration.[\/vc_column_text][\/vc_column][vc_column css=\u00a0\u00bb.vc_custom_1498229445232{padding-bottom: 50px !important;}\u00a0\u00bb]<div id=\"ultimate-heading-230869fabac4c4790\" class=\"uvc-heading ult-adjust-bottom-margin ultimate-heading-230869fabac4c4790 uvc-6019 \" data-hspacer=\"no_spacer\"  data-halign=\"left\" style=\"text-align:left\"><div class=\"uvc-heading-spacer no_spacer\" style=\"top\"><\/div><div class=\"uvc-main-heading ult-responsive\"  data-ultimate-target='.uvc-heading.ultimate-heading-230869fabac4c4790 h2'  data-responsive-json-new='{\"font-size\":\"desktop:26px;\",\"line-height\":\"desktop:32px;\"}' ><h2 style=\"font-weight:bold;margin-bottom:20px;\">Nos services en droit de l'immigration comprennent :<\/h2><\/div><\/div><div class=\"smile_icon_list_wrap ult_info_list_container ult-adjust-bottom-margin service-list  vc_custom_1687889857940\"><ul class=\"smile_icon_list left hexagon\"><li class=\"icon_list_item\" style=\" font-size:60px;\"><div class=\"icon_list_icon\" data-animation=\"\" data-animation-delay=\"03\" style=\"font-size:20px;background:#68349a;color:#ffffff;border-color:#68349a;\"><i class=\"icomoon-icomoonfree-16x16-search\" ><\/i><\/div><div class=\"icon_description\" id=\"Info-list-wrap-4387\" style=\"font-size:20px;\"><h3 class=\"ult-responsive info-list-heading\"  data-ultimate-target='#Info-list-wrap-4387 h3'  data-responsive-json-new='{\"font-size\":\"desktop:16px;\",\"line-height\":\"desktop:22px;\"}'  style=\"font-family:&#039;Open Sans Condensed&#039;;font-weight:700;\">1. La pr\u00e9paration et la soumission des Demandes d\u2019\u00c9tude de l\u2019Impact sur le March\u00e9 de Travail (EIMT)<\/h3><div class=\"icon_description_text ult-responsive\"  data-ultimate-target='#Info-list-wrap-4387 .icon_description_text'  data-responsive-json-new='{\"font-size\":\"desktop:12px;\",\"line-height\":\"desktop:20px;\"}'  style=\"\"><\/div><\/div><div class=\"icon_list_connector\"  style=\"border-right-width: 1px;border-right-style: dashed;border-color: #68349a;\"><\/div><\/li><li class=\"icon_list_item\" style=\" font-size:60px;\"><div class=\"icon_list_icon\" data-animation=\"\" data-animation-delay=\"03\" style=\"font-size:20px;background:#68349a;color:#ffffff;border-color:#68349a;\"><i class=\"fas fa-file-signature\" ><\/i><\/div><div class=\"icon_description\" id=\"Info-list-wrap-1220\" style=\"font-size:20px;\"><h3 class=\"ult-responsive info-list-heading\"  data-ultimate-target='#Info-list-wrap-1220 h3'  data-responsive-json-new='{\"font-size\":\"desktop:16px;\",\"line-height\":\"desktop:22px;\"}'  style=\"font-family:&#039;Open Sans Condensed&#039;;font-weight:700;\">2. La pr\u00e9paration et la soumission des Demandes de Permis de Travail ferm\u00e9<\/h3><div class=\"icon_description_text ult-responsive\"  data-ultimate-target='#Info-list-wrap-1220 .icon_description_text'  data-responsive-json-new='{\"font-size\":\"desktop:12px;\",\"line-height\":\"desktop:20px;\"}'  style=\"\"><\/div><\/div><div class=\"icon_list_connector\"  style=\"border-right-width: 1px;border-right-style: dashed;border-color: #68349a;\"><\/div><\/li><li class=\"icon_list_item\" style=\" font-size:60px;\"><div class=\"icon_list_icon\" data-animation=\"\" data-animation-delay=\"03\" style=\"font-size:20px;background:#68349a;color:#ffffff;border-color:#68349a;\"><i class=\"fas fa-file-alt\" ><\/i><\/div><div class=\"icon_description\" id=\"Info-list-wrap-5629\" style=\"font-size:20px;\"><h3 class=\"ult-responsive info-list-heading\"  data-ultimate-target='#Info-list-wrap-5629 h3'  data-responsive-json-new='{\"font-size\":\"desktop:16px;\",\"line-height\":\"desktop:22px;\"}'  style=\"font-family:&#039;Open Sans Condensed&#039;;font-weight:700;\">3. La pr\u00e9paration et la soumission des Demandes de visa ou d\u2019Attestation de Voyage \u00c9lectronique (AVE).<\/h3><div class=\"icon_description_text ult-responsive\"  data-ultimate-target='#Info-list-wrap-5629 .icon_description_text'  data-responsive-json-new='{\"font-size\":\"desktop:12px;\",\"line-height\":\"desktop:20px;\"}'  style=\"\"><\/div><\/div><div class=\"icon_list_connector\"  style=\"border-right-width: 1px;border-right-style: dashed;border-color: #68349a;\"><\/div><\/li><li class=\"icon_list_item\" style=\" font-size:60px;\"><div class=\"icon_list_icon\" data-animation=\"\" data-animation-delay=\"03\" style=\"font-size:20px;background:#68349a;color:#ffffff;border-color:#68349a;\"><i class=\"dt-icon-the7-refresh-07\" ><\/i><\/div><div class=\"icon_description\" id=\"Info-list-wrap-7286\" style=\"font-size:20px;\"><h3 class=\"ult-responsive info-list-heading\"  data-ultimate-target='#Info-list-wrap-7286 h3'  data-responsive-json-new='{\"font-size\":\"desktop:16px;\",\"line-height\":\"desktop:22px;\"}'  style=\"font-family:&#039;Open Sans Condensed&#039;;font-weight:700;\">4. La gestion des proc\u00e9dures de renouvellement des permis de travail.<\/h3><div class=\"icon_description_text ult-responsive\"  data-ultimate-target='#Info-list-wrap-7286 .icon_description_text'  data-responsive-json-new='{\"font-size\":\"desktop:12px;\",\"line-height\":\"desktop:20px;\"}'  style=\"\"><\/div><\/div><div class=\"icon_list_connector\"  style=\"border-right-width: 1px;border-right-style: dashed;border-color: #68349a;\"><\/div><\/li><li class=\"icon_list_item\" style=\" font-size:60px;\"><div class=\"icon_list_icon\" data-animation=\"\" data-animation-delay=\"03\" style=\"font-size:20px;background:#68349a;color:#ffffff;border-color:#68349a;\"><i class=\"icomoon-icomoonfree-16x16-users\" ><\/i><\/div><div class=\"icon_description\" id=\"Info-list-wrap-2973\" style=\"font-size:20px;\"><h3 class=\"ult-responsive info-list-heading\"  data-ultimate-target='#Info-list-wrap-2973 h3'  data-responsive-json-new='{\"font-size\":\"desktop:16px;\",\"line-height\":\"desktop:22px;\"}'  style=\"font-family:&#039;Open Sans Condensed&#039;;font-weight:700;\">5. La pr\u00e9paration et la soumission des Demandes de permis de travail ouvert pour les conjoint\/conjointes qui accompagne le travailleur \u00e9tranger temporaire<\/h3><div class=\"icon_description_text ult-responsive\"  data-ultimate-target='#Info-list-wrap-2973 .icon_description_text'  data-responsive-json-new='{\"font-size\":\"desktop:12px;\",\"line-height\":\"desktop:20px;\"}'  style=\"\"><\/div><\/div><div class=\"icon_list_connector\"  style=\"border-right-width: 1px;border-right-style: dashed;border-color: #68349a;\"><\/div><\/li><li class=\"icon_list_item\" style=\" font-size:60px;\"><div class=\"icon_list_icon\" data-animation=\"\" data-animation-delay=\"03\" style=\"font-size:20px;background:#68349a;color:#ffffff;border-color:#68349a;\"><i class=\"fas fa-graduation-cap\" ><\/i><\/div><div class=\"icon_description\" id=\"Info-list-wrap-7765\" style=\"font-size:20px;\"><h3 class=\"ult-responsive info-list-heading\"  data-ultimate-target='#Info-list-wrap-7765 h3'  data-responsive-json-new='{\"font-size\":\"desktop:16px;\",\"line-height\":\"desktop:22px;\"}'  style=\"font-family:&#039;Open Sans Condensed&#039;;font-weight:700;\">6. Certificat d'Acceptation du Qu\u00e9bec (CAQ) jumel\u00e9 \u00e0 la demande de permis d\u2019\u00e9tudes pour les \u00e9tudiants qui accompagne leur parent au Canada<\/h3><div class=\"icon_description_text ult-responsive\"  data-ultimate-target='#Info-list-wrap-7765 .icon_description_text'  data-responsive-json-new='{\"font-size\":\"desktop:12px;\",\"line-height\":\"desktop:20px;\"}'  style=\"\"><\/div><\/div><div class=\"icon_list_connector\"  style=\"border-right-width: 1px;border-right-style: dashed;border-color: #68349a;\"><\/div><\/li><li class=\"icon_list_item\" style=\" font-size:60px;\"><div class=\"icon_list_icon\" data-animation=\"\" data-animation-delay=\"03\" style=\"font-size:20px;background:#68349a;color:#ffffff;border-color:#68349a;\"><i class=\"icomoon-icomoonfree-16x16-paste\" ><\/i><\/div><div class=\"icon_description\" id=\"Info-list-wrap-2424\" style=\"font-size:20px;\"><h3 class=\"ult-responsive info-list-heading\"  data-ultimate-target='#Info-list-wrap-2424 h3'  data-responsive-json-new='{\"font-size\":\"desktop:16px;\",\"line-height\":\"desktop:22px;\"}'  style=\"font-family:&#039;Open Sans Condensed&#039;;font-weight:700;\">7. Demande de r\u00e9tablissement de statut<\/h3><div class=\"icon_description_text ult-responsive\"  data-ultimate-target='#Info-list-wrap-2424 .icon_description_text'  data-responsive-json-new='{\"font-size\":\"desktop:12px;\",\"line-height\":\"desktop:20px;\"}'  style=\"\"><\/div><\/div><div class=\"icon_list_connector\"  style=\"border-right-width: 1px;border-right-style: dashed;border-color: #68349a;\"><\/div><\/li><\/ul><\/div>[\/vc_column][vc_column offset=\u00a0\u00bbvc_col-lg-12 vc_col-md-12 vc_col-xs-12&Prime;][vc_column_text]Chacun de ces services est con\u00e7u pour aider votre entreprise \u00e0 naviguer en toute s\u00e9curit\u00e9 \u00e0 travers le labyrinthe de l&rsquo;immigration temporaire.[\/vc_column_text][\/vc_column][\/vc_row][vc_row][vc_column][vc_column_text][\/vc_column_text][\/vc_column][\/vc_row]<\/p>\n<\/div>","protected":false},"excerpt":{"rendered":"<p>[vc_row type=\u00a0\u00bbvc_default\u00a0\u00bb][vc_column css=\u00a0\u00bb.vc_custom_1498229431694{padding-bottom: 50px !important;}\u00a0\u00bb][vc_column_text]Avec l&rsquo;augmentation de la p\u00e9nurie de main-d&rsquo;\u0153uvre, l\u2019option de faire venir des travailleurs \u00e9trangers temporaires est devenue presque indispensable pour de nombreuses entreprises. En tant que sp\u00e9cialiste en droit de l&rsquo;immigration, Seaborn Immigration est l\u00e0 pour vous accompagner \u00e0 travers toutes les \u00e9tapes du processus d&rsquo;immigration. Notre \u00e9quipe poss\u00e8de une connaissance&hellip;<\/p>\n","protected":false},"author":12,"featured_media":0,"parent":29886,"menu_order":0,"comment_status":"closed","ping_status":"closed","template":"","meta":{"_acf_changed":false,"footnotes":""},"class_list":["post-29890","page","type-page","status-publish","hentry","description-off"],"acf":[],"yoast_head":"<!-- This site is optimized with the Yoast SEO plugin v27.1.1 - https:\/\/yoast.com\/product\/yoast-seo-wordpress\/ -->\n<title>Services Juridiques en Immigration d&#039;Entreprise<\/title>\n<meta name=\"description\" content=\"Experts en droit d&#039;immigration pour aider les entreprises dans leurs d\u00e9marches l\u00e9gales.\" \/>\n<meta name=\"robots\" content=\"index, follow, max-snippet:-1, max-image-preview:large, max-video-preview:-1\" \/>\n<link rel=\"canonical\" href=\"https:\/\/seaborn-immigration.ca\/fr\/recrutement-international-2\/droit-de-limmigration\/\" \/>\n<meta property=\"og:locale\" content=\"fr_FR\" \/>\n<meta property=\"og:type\" content=\"article\" \/>\n<meta property=\"og:title\" content=\"Services Juridiques en Immigration d&#039;Entreprise\" \/>\n<meta property=\"og:description\" content=\"Experts en droit d&#039;immigration pour aider les entreprises dans leurs d\u00e9marches l\u00e9gales.\" \/>\n<meta property=\"og:url\" content=\"https:\/\/seaborn-immigration.ca\/fr\/recrutement-international-2\/droit-de-limmigration\/\" \/>\n<meta property=\"og:site_name\" content=\"Seaborn Immigration\" \/>\n<meta property=\"article:modified_time\" content=\"2025-07-22T15:56:40+00:00\" \/>\n<meta name=\"twitter:card\" content=\"summary_large_image\" \/>\n<meta name=\"twitter:label1\" content=\"Dur\u00e9e de lecture estim\u00e9e\" \/>\n\t<meta name=\"twitter:data1\" content=\"2 minutes\" \/>\n<!-- \/ Yoast SEO plugin. -->","yoast_head_json":{"title":"Services Juridiques en Immigration d'Entreprise","description":"Experts en droit d'immigration pour aider les entreprises dans leurs d\u00e9marches l\u00e9gales.","robots":{"index":"index","follow":"follow","max-snippet":"max-snippet:-1","max-image-preview":"max-image-preview:large","max-video-preview":"max-video-preview:-1"},"canonical":"https:\/\/seaborn-immigration.ca\/fr\/recrutement-international-2\/droit-de-limmigration\/","og_locale":"fr_FR","og_type":"article","og_title":"Services Juridiques en Immigration d'Entreprise","og_description":"Experts en droit d'immigration pour aider les entreprises dans leurs d\u00e9marches l\u00e9gales.","og_url":"https:\/\/seaborn-immigration.ca\/fr\/recrutement-international-2\/droit-de-limmigration\/","og_site_name":"Seaborn Immigration","article_modified_time":"2025-07-22T15:56:40+00:00","twitter_card":"summary_large_image","twitter_misc":{"Dur\u00e9e de lecture estim\u00e9e":"2 minutes"},"schema":{"@context":"https:\/\/schema.org","@graph":[{"@type":"Article","@id":"https:\/\/seaborn-immigration.ca\/fr\/recrutement-international-2\/droit-de-limmigration\/#article","isPartOf":{"@id":"https:\/\/seaborn-immigration.ca\/fr\/recrutement-international-2\/droit-de-limmigration\/"},"author":{"name":"Katia Seaborn","@id":"https:\/\/seaborn-immigration.ca\/fr\/#\/schema\/person\/d7395a202dffffdf9510b59069cc031e"},"headline":"Droit de l\u2019immigration","datePublished":"2023-06-06T20:20:24+00:00","dateModified":"2025-07-22T15:56:40+00:00","mainEntityOfPage":{"@id":"https:\/\/seaborn-immigration.ca\/fr\/recrutement-international-2\/droit-de-limmigration\/"},"wordCount":725,"publisher":{"@id":"https:\/\/seaborn-immigration.ca\/fr\/#organization"},"inLanguage":"fr-FR"},{"@type":"WebPage","@id":"https:\/\/seaborn-immigration.ca\/fr\/recrutement-international-2\/droit-de-limmigration\/","url":"https:\/\/seaborn-immigration.ca\/fr\/recrutement-international-2\/droit-de-limmigration\/","name":"Services Juridiques en Immigration d'Entreprise","isPartOf":{"@id":"https:\/\/seaborn-immigration.ca\/fr\/#website"},"datePublished":"2023-06-06T20:20:24+00:00","dateModified":"2025-07-22T15:56:40+00:00","description":"Experts en droit d'immigration pour aider les entreprises dans leurs d\u00e9marches l\u00e9gales.","breadcrumb":{"@id":"https:\/\/seaborn-immigration.ca\/fr\/recrutement-international-2\/droit-de-limmigration\/#breadcrumb"},"inLanguage":"fr-FR","potentialAction":[{"@type":"ReadAction","target":["https:\/\/seaborn-immigration.ca\/fr\/recrutement-international-2\/droit-de-limmigration\/"]}]},{"@type":"BreadcrumbList","@id":"https:\/\/seaborn-immigration.ca\/fr\/recrutement-international-2\/droit-de-limmigration\/#breadcrumb","itemListElement":[{"@type":"ListItem","position":1,"name":"Accueil","item":"https:\/\/seaborn-immigration.ca\/fr\/"},{"@type":"ListItem","position":2,"name":"Recrutement International","item":"https:\/\/seaborn-immigration.ca\/fr\/recrutement-international-2\/"},{"@type":"ListItem","position":3,"name":"Droit de l\u2019immigration"}]},{"@type":"WebSite","@id":"https:\/\/seaborn-immigration.ca\/fr\/#website","url":"https:\/\/seaborn-immigration.ca\/fr\/","name":"Seaborn Immigration","description":"Sp\u00e9cialiste en recrutement international","publisher":{"@id":"https:\/\/seaborn-immigration.ca\/fr\/#organization"},"potentialAction":[{"@type":"SearchAction","target":{"@type":"EntryPoint","urlTemplate":"https:\/\/seaborn-immigration.ca\/fr\/?s={search_term_string}"},"query-input":{"@type":"PropertyValueSpecification","valueRequired":true,"valueName":"search_term_string"}}],"inLanguage":"fr-FR"},{"@type":"Organization","@id":"https:\/\/seaborn-immigration.ca\/fr\/#organization","name":"Sp\u00e9cialiste en recrutement international","url":"https:\/\/seaborn-immigration.ca\/fr\/","logo":{"@type":"ImageObject","inLanguage":"fr-FR","@id":"https:\/\/seaborn-immigration.ca\/fr\/#\/schema\/logo\/image\/","url":"https:\/\/seaborn-immigration.ca\/wp-content\/uploads\/2023\/05\/KS-Immigration-e1686083649395.png","contentUrl":"https:\/\/seaborn-immigration.ca\/wp-content\/uploads\/2023\/05\/KS-Immigration-e1686083649395.png","width":150,"height":129,"caption":"Sp\u00e9cialiste en recrutement international"},"image":{"@id":"https:\/\/seaborn-immigration.ca\/fr\/#\/schema\/logo\/image\/"}},{"@type":"Person","@id":"https:\/\/seaborn-immigration.ca\/fr\/#\/schema\/person\/d7395a202dffffdf9510b59069cc031e","name":"Katia Seaborn","image":{"@type":"ImageObject","inLanguage":"fr-FR","@id":"https:\/\/seaborn-immigration.ca\/fr\/#\/schema\/person\/image\/","url":"https:\/\/secure.gravatar.com\/avatar\/db15f0542f3af1994ab4f2e3219ee0668bfc7217eeeb23c3ff4152d54e668b28?s=96&d=mm&r=g","contentUrl":"https:\/\/secure.gravatar.com\/avatar\/db15f0542f3af1994ab4f2e3219ee0668bfc7217eeeb23c3ff4152d54e668b28?s=96&d=mm&r=g","caption":"Katia Seaborn"},"sameAs":["https:\/\/x.com\/Seaborn-staff-1"]}]}},"_links":{"self":[{"href":"https:\/\/seaborn-immigration.ca\/fr\/wp-json\/wp\/v2\/pages\/29890","targetHints":{"allow":["GET"]}}],"collection":[{"href":"https:\/\/seaborn-immigration.ca\/fr\/wp-json\/wp\/v2\/pages"}],"about":[{"href":"https:\/\/seaborn-immigration.ca\/fr\/wp-json\/wp\/v2\/types\/page"}],"author":[{"embeddable":true,"href":"https:\/\/seaborn-immigration.ca\/fr\/wp-json\/wp\/v2\/users\/12"}],"replies":[{"embeddable":true,"href":"https:\/\/seaborn-immigration.ca\/fr\/wp-json\/wp\/v2\/comments?post=29890"}],"version-history":[{"count":0,"href":"https:\/\/seaborn-immigration.ca\/fr\/wp-json\/wp\/v2\/pages\/29890\/revisions"}],"up":[{"embeddable":true,"href":"https:\/\/seaborn-immigration.ca\/fr\/wp-json\/wp\/v2\/pages\/29886"}],"wp:attachment":[{"href":"https:\/\/seaborn-immigration.ca\/fr\/wp-json\/wp\/v2\/media?parent=29890"}],"curies":[{"name":"wp","href":"https:\/\/api.w.org\/{rel}","templated":true}]}}