{"id":29892,"date":"2023-06-06T16:21:15","date_gmt":"2023-06-06T20:21:15","guid":{"rendered":"https:\/\/seaborn-immigration.ca\/?page_id=29892"},"modified":"2025-07-22T11:58:47","modified_gmt":"2025-07-22T15:58:47","slug":"portail-securise-pour-les-employeurs","status":"publish","type":"page","link":"https:\/\/seaborn-immigration.ca\/fr\/recrutement-international-2\/portail-securise-pour-les-employeurs\/","title":{"rendered":"Portail S\u00e9curis\u00e9 pour les Employeurs"},"content":{"rendered":"<div class=\"wpb-content-wrapper\"><p>[vc_row type=\u00a0\u00bbvc_default\u00a0\u00bb][vc_column css=\u00a0\u00bb.vc_custom_1498229431694{padding-bottom: 50px !important;}\u00a0\u00bb][vc_column_text]Notre plateforme d\u00e9di\u00e9e, intuitive et s\u00e9curis\u00e9e, est sp\u00e9cialement con\u00e7ue pour vous accompagner tout au long du processus de recrutement et d&rsquo;int\u00e9gration des travailleurs \u00e9trangers. Con\u00e7ue comme un v\u00e9ritable outil d&rsquo;aide \u00e0 la d\u00e9cision, elle vous offre une visibilit\u00e9 compl\u00e8te et une gestion simplifi\u00e9e de vos recrutements internationaux.[\/vc_column_text]<div id=\"ultimate-heading-847169fc82f42ea55\" class=\"uvc-heading ult-adjust-bottom-margin ultimate-heading-847169fc82f42ea55 uvc-4166 \" data-hspacer=\"no_spacer\"  data-halign=\"left\" style=\"text-align:left\"><div class=\"uvc-heading-spacer no_spacer\" style=\"top\"><\/div><div class=\"uvc-main-heading ult-responsive\"  data-ultimate-target='.uvc-heading.ultimate-heading-847169fc82f42ea55 h2'  data-responsive-json-new='{\"font-size\":\"desktop:26px;\",\"line-height\":\"desktop:32px;\"}' ><h2 style=\"font-weight:bold;margin-bottom:20px;\">Acc\u00e9dez \u00e0 vos documents<\/h2><\/div><\/div>[vc_column_text]Notre \u00e9quipe d&rsquo;experts en immigration travaille sans rel\u00e2che pour identifier les meilleurs talents qui correspondent \u00e0 vos besoins sp\u00e9cifiques. Dans votre Portail Employeur, vous trouverez un dossier pour chaque candidat, contenant tous les documents officiels et formulaires n\u00e9cessaires. Vous aurez la possibilit\u00e9 de parcourir vos dossiers et d\u2019y trouver les documents qui se rattachent \u00e0 vos demandes.[\/vc_column_text]<div id=\"ultimate-heading-717669fc82f42eac2\" class=\"uvc-heading ult-adjust-bottom-margin ultimate-heading-717669fc82f42eac2 uvc-3972 \" data-hspacer=\"no_spacer\"  data-halign=\"left\" style=\"text-align:left\"><div class=\"uvc-heading-spacer no_spacer\" style=\"top\"><\/div><div class=\"uvc-main-heading ult-responsive\"  data-ultimate-target='.uvc-heading.ultimate-heading-717669fc82f42eac2 h2'  data-responsive-json-new='{\"font-size\":\"desktop:26px;\",\"line-height\":\"desktop:32px;\"}' ><h2 style=\"font-weight:bold;margin-bottom:20px;\">Ressources d'entreprise \u00e0 port\u00e9e de main<\/h2><\/div><\/div>[vc_column_text]Nous comprenons que le processus d&#8217;embauche de travailleurs \u00e9trangers peut \u00eatre complexe. C&rsquo;est pourquoi nous mettons \u00e0 votre disposition une panoplie de ressources pour vous aider \u00e0 d\u00e9finir, planifier et r\u00e9ussir ce processus. De la s\u00e9lection des candidats \u00e0 leur arriv\u00e9e r\u00e9ussie dans votre entreprise, nous vous guidons \u00e0 chaque \u00e9tape pour assurer un succ\u00e8s garanti.[\/vc_column_text]<div id=\"ultimate-heading-417469fc82f42eb08\" class=\"uvc-heading ult-adjust-bottom-margin ultimate-heading-417469fc82f42eb08 uvc-2748 \" data-hspacer=\"no_spacer\"  data-halign=\"left\" style=\"text-align:left\"><div class=\"uvc-heading-spacer no_spacer\" style=\"top\"><\/div><div class=\"uvc-main-heading ult-responsive\"  data-ultimate-target='.uvc-heading.ultimate-heading-417469fc82f42eb08 h2'  data-responsive-json-new='{\"font-size\":\"desktop:26px;\",\"line-height\":\"desktop:32px;\"}' ><h2 style=\"font-weight:bold;margin-bottom:20px;\">Suivi personnalis\u00e9<\/h2><\/div><\/div>[vc_column_text]Dans votre Portail employeur, vous pourrez \u00e9galement suivre l&rsquo;\u00e9volution de chaque candidature, de la premi\u00e8re introduction \u00e0 l&rsquo;arriv\u00e9e du candidat dans votre entreprise. Notre \u00e9quipe est toujours disponible pour r\u00e9pondre \u00e0 vos questions et vous aider \u00e0 optimiser votre processus de recrutement.[\/vc_column_text][vc_column_text]En bref, votre Portail employeur s\u00e9curis\u00e9 est plus qu&rsquo;une simple plateforme. C&rsquo;est un outil complet con\u00e7u pour vous aider \u00e0 naviguer avec succ\u00e8s dans vos dossiers de recrutement\u00a0 international. Avec notre plateforme, vous avez le contr\u00f4le total et la tranquillit\u00e9 d&rsquo;esprit n\u00e9cessaire pour vous concentrer sur ce que vous faites de mieux : faire prosp\u00e9rer votre entreprise.[\/vc_column_text][\/vc_column][\/vc_row]<\/p>\n<\/div>","protected":false},"excerpt":{"rendered":"<p>[vc_row type=\u00a0\u00bbvc_default\u00a0\u00bb][vc_column css=\u00a0\u00bb.vc_custom_1498229431694{padding-bottom: 50px !important;}\u00a0\u00bb][vc_column_text]Notre plateforme d\u00e9di\u00e9e, intuitive et s\u00e9curis\u00e9e, est sp\u00e9cialement con\u00e7ue pour vous accompagner tout au long du processus de recrutement et d&rsquo;int\u00e9gration des travailleurs \u00e9trangers. Con\u00e7ue comme un v\u00e9ritable outil d&rsquo;aide \u00e0 la d\u00e9cision, elle vous offre une visibilit\u00e9 compl\u00e8te et une gestion simplifi\u00e9e de vos recrutements internationaux.[\/vc_column_text][vc_column_text]Notre \u00e9quipe d&rsquo;experts en immigration&hellip;<\/p>\n","protected":false},"author":12,"featured_media":0,"parent":29886,"menu_order":0,"comment_status":"closed","ping_status":"closed","template":"","meta":{"_acf_changed":false,"footnotes":""},"class_list":["post-29892","page","type-page","status-publish","hentry","description-off"],"acf":[],"yoast_head":"<!-- This site is optimized with the Yoast SEO plugin v27.1.1 - https:\/\/yoast.com\/product\/yoast-seo-wordpress\/ -->\n<title>Portail S\u00e9curis\u00e9 pour Employeurs: Acc\u00e8s et Infos<\/title>\n<meta name=\"description\" content=\"Acc\u00e9dez facilement \u00e0 notre portail s\u00e9curis\u00e9, con\u00e7u sp\u00e9cialement pour les employeurs.\" \/>\n<meta name=\"robots\" content=\"index, follow, max-snippet:-1, max-image-preview:large, max-video-preview:-1\" \/>\n<link rel=\"canonical\" href=\"https:\/\/seaborn-immigration.ca\/fr\/recrutement-international-2\/portail-securise-pour-les-employeurs\/\" \/>\n<meta property=\"og:locale\" content=\"fr_FR\" \/>\n<meta property=\"og:type\" content=\"article\" \/>\n<meta property=\"og:title\" content=\"Portail S\u00e9curis\u00e9 pour Employeurs: Acc\u00e8s et Infos\" \/>\n<meta property=\"og:description\" content=\"Acc\u00e9dez facilement \u00e0 notre portail s\u00e9curis\u00e9, con\u00e7u sp\u00e9cialement pour les employeurs.\" \/>\n<meta property=\"og:url\" content=\"https:\/\/seaborn-immigration.ca\/fr\/recrutement-international-2\/portail-securise-pour-les-employeurs\/\" \/>\n<meta property=\"og:site_name\" content=\"Seaborn Immigration\" \/>\n<meta property=\"article:modified_time\" content=\"2025-07-22T15:58:47+00:00\" \/>\n<meta name=\"twitter:card\" content=\"summary_large_image\" \/>\n<meta name=\"twitter:label1\" content=\"Dur\u00e9e de lecture estim\u00e9e\" \/>\n\t<meta name=\"twitter:data1\" content=\"2 minutes\" \/>\n<!-- \/ Yoast SEO plugin. -->","yoast_head_json":{"title":"Portail S\u00e9curis\u00e9 pour Employeurs: Acc\u00e8s et Infos","description":"Acc\u00e9dez facilement \u00e0 notre portail s\u00e9curis\u00e9, con\u00e7u sp\u00e9cialement pour les employeurs.","robots":{"index":"index","follow":"follow","max-snippet":"max-snippet:-1","max-image-preview":"max-image-preview:large","max-video-preview":"max-video-preview:-1"},"canonical":"https:\/\/seaborn-immigration.ca\/fr\/recrutement-international-2\/portail-securise-pour-les-employeurs\/","og_locale":"fr_FR","og_type":"article","og_title":"Portail S\u00e9curis\u00e9 pour Employeurs: Acc\u00e8s et Infos","og_description":"Acc\u00e9dez facilement \u00e0 notre portail s\u00e9curis\u00e9, con\u00e7u sp\u00e9cialement pour les employeurs.","og_url":"https:\/\/seaborn-immigration.ca\/fr\/recrutement-international-2\/portail-securise-pour-les-employeurs\/","og_site_name":"Seaborn Immigration","article_modified_time":"2025-07-22T15:58:47+00:00","twitter_card":"summary_large_image","twitter_misc":{"Dur\u00e9e de lecture estim\u00e9e":"2 minutes"},"schema":{"@context":"https:\/\/schema.org","@graph":[{"@type":"Article","@id":"https:\/\/seaborn-immigration.ca\/fr\/recrutement-international-2\/portail-securise-pour-les-employeurs\/#article","isPartOf":{"@id":"https:\/\/seaborn-immigration.ca\/fr\/recrutement-international-2\/portail-securise-pour-les-employeurs\/"},"author":{"name":"Katia Seaborn","@id":"https:\/\/seaborn-immigration.ca\/fr\/#\/schema\/person\/d7395a202dffffdf9510b59069cc031e"},"headline":"Portail S\u00e9curis\u00e9 pour les Employeurs","datePublished":"2023-06-06T20:21:15+00:00","dateModified":"2025-07-22T15:58:47+00:00","mainEntityOfPage":{"@id":"https:\/\/seaborn-immigration.ca\/fr\/recrutement-international-2\/portail-securise-pour-les-employeurs\/"},"wordCount":434,"publisher":{"@id":"https:\/\/seaborn-immigration.ca\/fr\/#organization"},"inLanguage":"fr-FR"},{"@type":"WebPage","@id":"https:\/\/seaborn-immigration.ca\/fr\/recrutement-international-2\/portail-securise-pour-les-employeurs\/","url":"https:\/\/seaborn-immigration.ca\/fr\/recrutement-international-2\/portail-securise-pour-les-employeurs\/","name":"Portail S\u00e9curis\u00e9 pour Employeurs: Acc\u00e8s et Infos","isPartOf":{"@id":"https:\/\/seaborn-immigration.ca\/fr\/#website"},"datePublished":"2023-06-06T20:21:15+00:00","dateModified":"2025-07-22T15:58:47+00:00","description":"Acc\u00e9dez facilement \u00e0 notre portail s\u00e9curis\u00e9, con\u00e7u sp\u00e9cialement pour les employeurs.","breadcrumb":{"@id":"https:\/\/seaborn-immigration.ca\/fr\/recrutement-international-2\/portail-securise-pour-les-employeurs\/#breadcrumb"},"inLanguage":"fr-FR","potentialAction":[{"@type":"ReadAction","target":["https:\/\/seaborn-immigration.ca\/fr\/recrutement-international-2\/portail-securise-pour-les-employeurs\/"]}]},{"@type":"BreadcrumbList","@id":"https:\/\/seaborn-immigration.ca\/fr\/recrutement-international-2\/portail-securise-pour-les-employeurs\/#breadcrumb","itemListElement":[{"@type":"ListItem","position":1,"name":"Accueil","item":"https:\/\/seaborn-immigration.ca\/fr\/"},{"@type":"ListItem","position":2,"name":"Recrutement International","item":"https:\/\/seaborn-immigration.ca\/fr\/recrutement-international-2\/"},{"@type":"ListItem","position":3,"name":"Portail S\u00e9curis\u00e9 pour les Employeurs"}]},{"@type":"WebSite","@id":"https:\/\/seaborn-immigration.ca\/fr\/#website","url":"https:\/\/seaborn-immigration.ca\/fr\/","name":"Seaborn Immigration","description":"Sp\u00e9cialiste en recrutement international","publisher":{"@id":"https:\/\/seaborn-immigration.ca\/fr\/#organization"},"potentialAction":[{"@type":"SearchAction","target":{"@type":"EntryPoint","urlTemplate":"https:\/\/seaborn-immigration.ca\/fr\/?s={search_term_string}"},"query-input":{"@type":"PropertyValueSpecification","valueRequired":true,"valueName":"search_term_string"}}],"inLanguage":"fr-FR"},{"@type":"Organization","@id":"https:\/\/seaborn-immigration.ca\/fr\/#organization","name":"Sp\u00e9cialiste en recrutement international","url":"https:\/\/seaborn-immigration.ca\/fr\/","logo":{"@type":"ImageObject","inLanguage":"fr-FR","@id":"https:\/\/seaborn-immigration.ca\/fr\/#\/schema\/logo\/image\/","url":"https:\/\/seaborn-immigration.ca\/wp-content\/uploads\/2023\/05\/KS-Immigration-e1686083649395.png","contentUrl":"https:\/\/seaborn-immigration.ca\/wp-content\/uploads\/2023\/05\/KS-Immigration-e1686083649395.png","width":150,"height":129,"caption":"Sp\u00e9cialiste en recrutement international"},"image":{"@id":"https:\/\/seaborn-immigration.ca\/fr\/#\/schema\/logo\/image\/"}},{"@type":"Person","@id":"https:\/\/seaborn-immigration.ca\/fr\/#\/schema\/person\/d7395a202dffffdf9510b59069cc031e","name":"Katia Seaborn","image":{"@type":"ImageObject","inLanguage":"fr-FR","@id":"https:\/\/seaborn-immigration.ca\/fr\/#\/schema\/person\/image\/","url":"https:\/\/secure.gravatar.com\/avatar\/db15f0542f3af1994ab4f2e3219ee0668bfc7217eeeb23c3ff4152d54e668b28?s=96&d=mm&r=g","contentUrl":"https:\/\/secure.gravatar.com\/avatar\/db15f0542f3af1994ab4f2e3219ee0668bfc7217eeeb23c3ff4152d54e668b28?s=96&d=mm&r=g","caption":"Katia Seaborn"},"sameAs":["https:\/\/x.com\/Seaborn-staff-1"]}]}},"_links":{"self":[{"href":"https:\/\/seaborn-immigration.ca\/fr\/wp-json\/wp\/v2\/pages\/29892","targetHints":{"allow":["GET"]}}],"collection":[{"href":"https:\/\/seaborn-immigration.ca\/fr\/wp-json\/wp\/v2\/pages"}],"about":[{"href":"https:\/\/seaborn-immigration.ca\/fr\/wp-json\/wp\/v2\/types\/page"}],"author":[{"embeddable":true,"href":"https:\/\/seaborn-immigration.ca\/fr\/wp-json\/wp\/v2\/users\/12"}],"replies":[{"embeddable":true,"href":"https:\/\/seaborn-immigration.ca\/fr\/wp-json\/wp\/v2\/comments?post=29892"}],"version-history":[{"count":0,"href":"https:\/\/seaborn-immigration.ca\/fr\/wp-json\/wp\/v2\/pages\/29892\/revisions"}],"up":[{"embeddable":true,"href":"https:\/\/seaborn-immigration.ca\/fr\/wp-json\/wp\/v2\/pages\/29886"}],"wp:attachment":[{"href":"https:\/\/seaborn-immigration.ca\/fr\/wp-json\/wp\/v2\/media?parent=29892"}],"curies":[{"name":"wp","href":"https:\/\/api.w.org\/{rel}","templated":true}]}}