{"id":29894,"date":"2023-06-06T16:21:51","date_gmt":"2023-06-06T20:21:51","guid":{"rendered":"https:\/\/seaborn-immigration.ca\/?page_id=29894"},"modified":"2025-07-22T10:09:58","modified_gmt":"2025-07-22T14:09:58","slug":"notre-methodologie","status":"publish","type":"page","link":"https:\/\/seaborn-immigration.ca\/fr\/notre-methodologie\/","title":{"rendered":"Notre M\u00e9thodologie"},"content":{"rendered":"<div class=\"wpb-content-wrapper\"><p>[vc_row type=\u00a0\u00bbvc_default\u00a0\u00bb][vc_column]<div id=\"ultimate-heading-748569fabadfdc322\" class=\"uvc-heading ult-adjust-bottom-margin ultimate-heading-748569fabadfdc322 uvc-1928 \" data-hspacer=\"no_spacer\"  data-halign=\"left\" style=\"text-align:left\"><div class=\"uvc-heading-spacer no_spacer\" style=\"top\"><\/div><\/div>[vc_column_text]En tant que sp\u00e9cialiste en immigration temporaire, notre travail consiste \u00e0 aider des entreprises \u00e0 naviguer dans les processus complexes li\u00e9s \u00e0 l&rsquo;immigration. Nous sommes l\u00e0 pour vous guider \u00e0 travers les lois et les r\u00e9glementations en mati\u00e8re d&rsquo;immigration, vous aider \u00e0 remplir les formulaires n\u00e9cessaires et \u00e0 pr\u00e9parer les documents pertinents. Nous sommes \u00e9galement en mesure de vous fournir des conseils juridiques pour r\u00e9soudre les probl\u00e8mes qui peuvent survenir pendant le processus d&rsquo;immigration.[\/vc_column_text][\/vc_column][\/vc_row][vc_row type=\u00a0\u00bbvc_default\u00a0\u00bb][vc_column css=\u00a0\u00bb.vc_custom_1498229445232{padding-bottom: 50px !important;}\u00a0\u00bb]<div class=\"smile_icon_list_wrap ult_info_list_container ult-adjust-bottom-margin service-list  vc_custom_1687889492224\"><ul class=\"smile_icon_list left hexagon\"><li class=\"icon_list_item\" style=\" font-size:60px;\"><div class=\"icon_list_icon\" data-animation=\"\" data-animation-delay=\"03\" style=\"font-size:20px;background:#68349a;color:#ffffff;border-color:#68349a;\"><i class=\"icomoon-icomoonfree-16x16-pen\" ><\/i><\/div><div class=\"icon_description\" id=\"Info-list-wrap-6902\" style=\"font-size:20px;\"><h3 class=\"ult-responsive info-list-heading\"  data-ultimate-target='#Info-list-wrap-6902 h3'  data-responsive-json-new='{\"font-size\":\"desktop:16px;\",\"line-height\":\"desktop:22px;\"}'  style=\"font-family:&#039;Open Sans Condensed&#039;;font-weight:700;\">1. Identification des besoins de l\u2019entreprise et \u00e9tude du poste<\/h3><div class=\"icon_description_text ult-responsive\"  data-ultimate-target='#Info-list-wrap-6902 .icon_description_text'  data-responsive-json-new='{\"font-size\":\"desktop:12px;\",\"line-height\":\"desktop:20px;\"}'  style=\"\"><p><span style=\"font-weight: 400;\">Nous prenons le temps de comprendre les besoins sp\u00e9cifiques de chaque entreprise, en \u00e9valuant vos besoins, les postes \u00e0 pourvoir, les comp\u00e9tences requises, les exigences linguistiques ainsi que les d\u00e9lais de recrutement.<\/span><\/p>\n<\/div><\/div><div class=\"icon_list_connector\"  style=\"border-right-width: 1px;border-right-style: dashed;border-color: #68349a;\"><\/div><\/li><li class=\"icon_list_item\" style=\" font-size:60px;\"><div class=\"icon_list_icon\" data-animation=\"\" data-animation-delay=\"03\" style=\"font-size:20px;background:#68349a;color:#ffffff;border-color:#68349a;\"><i class=\"icomoon-icomoonfree-16x16-search\" ><\/i><\/div><div class=\"icon_description\" id=\"Info-list-wrap-2435\" style=\"font-size:20px;\"><h3 class=\"ult-responsive info-list-heading\"  data-ultimate-target='#Info-list-wrap-2435 h3'  data-responsive-json-new='{\"font-size\":\"desktop:16px;\",\"line-height\":\"desktop:22px;\"}'  style=\"font-family:&#039;Open Sans Condensed&#039;;font-weight:700;\">2. Recherche de candidats<\/h3><div class=\"icon_description_text ult-responsive\"  data-ultimate-target='#Info-list-wrap-2435 .icon_description_text'  data-responsive-json-new='{\"font-size\":\"desktop:12px;\",\"line-height\":\"desktop:20px;\"}'  style=\"\"><p><span style=\"font-weight: 400;\">En collaboration avec nos partenaires du Mexique, du Guat\u00e9mala et de Madagascar, nous sommes en mesure de vous fournir des profils de candidats selon vos besoins. Nous sommes \u00e9galement en mesure de vous accompagner dans tout le processus si vous avez d\u00e9j\u00e0 fait votre propre recrutement.<\/span><\/p>\n<\/div><\/div><div class=\"icon_list_connector\"  style=\"border-right-width: 1px;border-right-style: dashed;border-color: #68349a;\"><\/div><\/li><li class=\"icon_list_item\" style=\" font-size:60px;\"><div class=\"icon_list_icon\" data-animation=\"\" data-animation-delay=\"03\" style=\"font-size:20px;background:#68349a;color:#ffffff;border-color:#68349a;\"><i class=\"fas fa-clipboard-list\" ><\/i><\/div><div class=\"icon_description\" id=\"Info-list-wrap-8361\" style=\"font-size:20px;\"><h3 class=\"ult-responsive info-list-heading\"  data-ultimate-target='#Info-list-wrap-8361 h3'  data-responsive-json-new='{\"font-size\":\"desktop:16px;\",\"line-height\":\"desktop:22px;\"}'  style=\"font-family:&#039;Open Sans Condensed&#039;;font-weight:700;\">3. Pr\u00e9s\u00e9lection des candidats :<\/h3><div class=\"icon_description_text ult-responsive\"  data-ultimate-target='#Info-list-wrap-8361 .icon_description_text'  data-responsive-json-new='{\"font-size\":\"desktop:12px;\",\"line-height\":\"desktop:20px;\"}'  style=\"\"><p><span style=\"font-weight: 400;\">Nos partenaires font une \u00e9valuation minutieuse des candidatures re\u00e7ues en effectuant des entrevues t\u00e9l\u00e9phoniques et des rencontres en personne. Cette \u00e9tape nous permet de pr\u00e9s\u00e9lectionner les candidats qui r\u00e9pondent le mieux aux crit\u00e8res sp\u00e9cifiques du client en termes de comp\u00e9tences, d&rsquo;exp\u00e9rience et de qualifications.<\/span><\/p>\n<\/div><\/div><div class=\"icon_list_connector\"  style=\"border-right-width: 1px;border-right-style: dashed;border-color: #68349a;\"><\/div><\/li><li class=\"icon_list_item\" style=\" font-size:60px;\"><div class=\"icon_list_icon\" data-animation=\"\" data-animation-delay=\"03\" style=\"font-size:20px;background:#68349a;color:#ffffff;border-color:#68349a;\"><i class=\"fas fa-envelope-open-text\" ><\/i><\/div><div class=\"icon_description\" id=\"Info-list-wrap-8753\" style=\"font-size:20px;\"><h3 class=\"ult-responsive info-list-heading\"  data-ultimate-target='#Info-list-wrap-8753 h3'  data-responsive-json-new='{\"font-size\":\"desktop:16px;\",\"line-height\":\"desktop:22px;\"}'  style=\"font-family:&#039;Open Sans Condensed&#039;;font-weight:700;\">4. Envoie des candidatures retenues au client<\/h3><div class=\"icon_description_text ult-responsive\"  data-ultimate-target='#Info-list-wrap-8753 .icon_description_text'  data-responsive-json-new='{\"font-size\":\"desktop:12px;\",\"line-height\":\"desktop:20px;\"}'  style=\"\"><p><span style=\"font-weight: 400;\">D\u00e8s que nous aurons un peu plus de profils que le nombre de candidats demand\u00e9s, nous vous les faisons parvenir afin que vous puissiez faire votre choix.<\/span><span style=\"font-weight: 400;\"><br \/>\n<\/span><span style=\"font-weight: 400;\">Il est \u00e9galement possible, sur demande, de faire des entrevues en visioconf\u00e9rence ou demander des tests de comp\u00e9tences aux candidats. C\u2019est \u00e0 ce moment que vous pourrez s\u00e9lectionner vos candidats.<\/span><\/p>\n<\/div><\/div><div class=\"icon_list_connector\"  style=\"border-right-width: 1px;border-right-style: dashed;border-color: #68349a;\"><\/div><\/li><li class=\"icon_list_item\" style=\" font-size:60px;\"><div class=\"icon_list_icon\" data-animation=\"\" data-animation-delay=\"03\" style=\"font-size:20px;background:#68349a;color:#ffffff;border-color:#68349a;\"><i class=\"fas fa-user-check\" ><\/i><\/div><div class=\"icon_description\" id=\"Info-list-wrap-5122\" style=\"font-size:20px;\"><h3 class=\"ult-responsive info-list-heading\"  data-ultimate-target='#Info-list-wrap-5122 h3'  data-responsive-json-new='{\"font-size\":\"desktop:16px;\",\"line-height\":\"desktop:22px;\"}'  style=\"font-family:&#039;Open Sans Condensed&#039;;font-weight:700;\">5. V\u00e9rification des ant\u00e9c\u00e9dents judiciaires, des dipl\u00f4mes et attestations de travail<\/h3><div class=\"icon_description_text ult-responsive\"  data-ultimate-target='#Info-list-wrap-5122 .icon_description_text'  data-responsive-json-new='{\"font-size\":\"desktop:12px;\",\"line-height\":\"desktop:20px;\"}'  style=\"\"><p><span style=\"font-weight: 400;\">Durant le processus de recrutement, nous effectuons des v\u00e9rifications aux niveaux des ant\u00e9c\u00e9dents judiciaires afin de s\u2019assurer de l&rsquo;int\u00e9grit\u00e9 et la fiabilit\u00e9 des candidats. Pour les postes qui requi\u00e8rent des dipl\u00f4mes et de l\u2019exp\u00e9rience, nous nous assurons d\u2019obtenir les dipl\u00f4mes ainsi que les attestations de travail n\u00e9cessaires de la part des candidats. Cette \u00e9tape est essentielle pour offrir une tranquillit\u00e9 d&rsquo;esprit au client et s&rsquo;assurer que les candidats s\u00e9lectionn\u00e9s sont dignes de confiance.<\/span><\/p>\n<\/div><\/div><div class=\"icon_list_connector\"  style=\"border-right-width: 1px;border-right-style: dashed;border-color: #68349a;\"><\/div><\/li><li class=\"icon_list_item\" style=\" font-size:60px;\"><div class=\"icon_list_icon\" data-animation=\"\" data-animation-delay=\"03\" style=\"font-size:20px;background:#68349a;color:#ffffff;border-color:#68349a;\"><i class=\"fas fa-file-signature\" ><\/i><\/div><div class=\"icon_description\" id=\"Info-list-wrap-3757\" style=\"font-size:20px;\"><h3 class=\"ult-responsive info-list-heading\"  data-ultimate-target='#Info-list-wrap-3757 h3'  data-responsive-json-new='{\"font-size\":\"desktop:16px;\",\"line-height\":\"desktop:22px;\"}'  style=\"font-family:&#039;Open Sans Condensed&#039;;font-weight:700;\">6. D\u00e9marches administratives (signature de contrat, mandat, etc.)<\/h3><div class=\"icon_description_text ult-responsive\"  data-ultimate-target='#Info-list-wrap-3757 .icon_description_text'  data-responsive-json-new='{\"font-size\":\"desktop:12px;\",\"line-height\":\"desktop:20px;\"}'  style=\"\"><p><span style=\"font-weight: 400;\">Une fois le candidat s\u00e9lectionn\u00e9, nous nous occupons des d\u00e9marches administratives n\u00e9cessaires \u00e0 la demande et l&rsquo;assistance dans les formalit\u00e9s li\u00e9es \u00e0 l&#8217;embauche du travailleur \u00e9tranger.<\/span><\/p>\n<\/div><\/div><div class=\"icon_list_connector\"  style=\"border-right-width: 1px;border-right-style: dashed;border-color: #68349a;\"><\/div><\/li><li class=\"icon_list_item\" style=\" font-size:60px;\"><div class=\"icon_list_icon\" data-animation=\"\" data-animation-delay=\"03\" style=\"font-size:20px;background:#68349a;color:#ffffff;border-color:#68349a;\"><i class=\"fas fa-plane-arrival\" ><\/i><\/div><div class=\"icon_description\" id=\"Info-list-wrap-6801\" style=\"font-size:20px;\"><h3 class=\"ult-responsive info-list-heading\"  data-ultimate-target='#Info-list-wrap-6801 h3'  data-responsive-json-new='{\"font-size\":\"desktop:16px;\",\"line-height\":\"desktop:22px;\"}'  style=\"font-family:&#039;Open Sans Condensed&#039;;font-weight:700;\">7. Transport et arriv\u00e9e des candidats au Canada<\/h3><div class=\"icon_description_text ult-responsive\"  data-ultimate-target='#Info-list-wrap-6801 .icon_description_text'  data-responsive-json-new='{\"font-size\":\"desktop:12px;\",\"line-height\":\"desktop:20px;\"}'  style=\"\"><p><span style=\"font-weight: 400;\">Comme nous voulons nous assurer que les candidats qui arrivent sont entre bonnes mains, nous avons notre collaborateur pour l\u2019achat des billets d\u2019avion. L\u2019agence vous aide dans la recherche de billets d\u2019avion et proc\u00e8de aux r\u00e9servations. Nous offrons \u00e9galement un service d\u2019accueil \u00e0 l\u2019a\u00e9roport de Montr\u00e9al et si vous le souhaitez nous pouvons aussi offrir un service de transport jusqu\u2019au lieu d\u2019h\u00e9bergement ou votre candidat sera log\u00e9.<\/span><\/p>\n<\/div><\/div><div class=\"icon_list_connector\"  style=\"border-right-width: 1px;border-right-style: dashed;border-color: #68349a;\"><\/div><\/li><li class=\"icon_list_item\" style=\" font-size:60px;\"><div class=\"icon_list_icon\" data-animation=\"\" data-animation-delay=\"03\" style=\"font-size:20px;background:#68349a;color:#ffffff;border-color:#68349a;\"><i class=\"fas fa-hands-helping\" ><\/i><\/div><div class=\"icon_description\" id=\"Info-list-wrap-6418\" style=\"font-size:20px;\"><h3 class=\"ult-responsive info-list-heading\"  data-ultimate-target='#Info-list-wrap-6418 h3'  data-responsive-json-new='{\"font-size\":\"desktop:16px;\",\"line-height\":\"desktop:22px;\"}'  style=\"font-family:&#039;Open Sans Condensed&#039;;font-weight:700;\">8. Int\u00e9gration du candidat<\/h3><div class=\"icon_description_text ult-responsive\"  data-ultimate-target='#Info-list-wrap-6418 .icon_description_text'  data-responsive-json-new='{\"font-size\":\"desktop:12px;\",\"line-height\":\"desktop:20px;\"}'  style=\"\"><p><span style=\"font-weight: 400;\">Nous nous assurons que le processus d&rsquo;int\u00e9gration du candidat se d\u00e9roule sans heurts en fournissant un soutien continu \u00e0 la fois au client et au candidat. Nous restons disponibles pour r\u00e9soudre tout probl\u00e8me ou r\u00e9pondre \u00e0 toute question qui pourrait survenir pendant cette p\u00e9riode critique d&rsquo;int\u00e9gratio<\/span><\/p>\n<\/div><\/div><div class=\"icon_list_connector\"  style=\"border-right-width: 1px;border-right-style: dashed;border-color: #68349a;\"><\/div><\/li><li class=\"icon_list_item\" style=\" font-size:60px;\"><div class=\"icon_list_icon\" data-animation=\"\" data-animation-delay=\"03\" style=\"font-size:20px;background:#68349a;color:#ffffff;border-color:#68349a;\"><i class=\"fas fa-comments\" ><\/i><\/div><div class=\"icon_description\" id=\"Info-list-wrap-8423\" style=\"font-size:20px;\"><h3 class=\"ult-responsive info-list-heading\"  data-ultimate-target='#Info-list-wrap-8423 h3'  data-responsive-json-new='{\"font-size\":\"desktop:16px;\",\"line-height\":\"desktop:22px;\"}'  style=\"font-family:&#039;Open Sans Condensed&#039;;font-weight:700;\">9. Suivi r\u00e9gulier et \u00e9valuation des r\u00e9sultats<\/h3><div class=\"icon_description_text ult-responsive\"  data-ultimate-target='#Info-list-wrap-8423 .icon_description_text'  data-responsive-json-new='{\"font-size\":\"desktop:12px;\",\"line-height\":\"desktop:20px;\"}'  style=\"\"><p><span style=\"font-weight: 400;\">Nous maintenons un suivi r\u00e9gulier avec nos clients pour \u00e9valuer les r\u00e9sultats de notre strat\u00e9gie et effectuer des ajustements si n\u00e9cessaire, afin de garantir le succ\u00e8s \u00e0 long terme des recrutements.<\/span><\/p>\n<\/div><\/div><div class=\"icon_list_connector\"  style=\"border-right-width: 1px;border-right-style: dashed;border-color: #68349a;\"><\/div><\/li><\/ul><\/div>[\/vc_column][\/vc_row][vc_row][vc_column][vc_column_text]Veuillez noter que les \u00e9tapes peuvent varier en fonction des besoins sp\u00e9cifiques du client et des exigences du programme d&rsquo;immigration concern\u00e9.[\/vc_column_text][\/vc_column][\/vc_row]<\/p>\n<\/div>","protected":false},"excerpt":{"rendered":"<p>[vc_row type=\u00a0\u00bbvc_default\u00a0\u00bb][vc_column][vc_column_text]En tant que sp\u00e9cialiste en immigration temporaire, notre travail consiste \u00e0 aider des entreprises \u00e0 naviguer dans les processus complexes li\u00e9s \u00e0 l&rsquo;immigration. Nous sommes l\u00e0 pour vous guider \u00e0 travers les lois et les r\u00e9glementations en mati\u00e8re d&rsquo;immigration, vous aider \u00e0 remplir les formulaires n\u00e9cessaires et \u00e0 pr\u00e9parer les documents pertinents. Nous sommes&hellip;<\/p>\n","protected":false},"author":12,"featured_media":0,"parent":0,"menu_order":0,"comment_status":"closed","ping_status":"closed","template":"","meta":{"_acf_changed":false,"footnotes":""},"class_list":["post-29894","page","type-page","status-publish","hentry","description-off"],"acf":[],"yoast_head":"<!-- This site is optimized with the Yoast SEO plugin v27.1.1 - https:\/\/yoast.com\/product\/yoast-seo-wordpress\/ -->\n<title>M\u00e9thodologie d&#039;Immigration Professionnelle<\/title>\n<meta name=\"description\" content=\"Approche m\u00e9thodique pour garantir le succ\u00e8s des d\u00e9marches d&#039;immigration de nos clients.\" \/>\n<meta name=\"robots\" content=\"index, follow, max-snippet:-1, max-image-preview:large, max-video-preview:-1\" \/>\n<link rel=\"canonical\" href=\"https:\/\/seaborn-immigration.ca\/fr\/notre-methodologie\/\" \/>\n<meta property=\"og:locale\" content=\"fr_FR\" \/>\n<meta property=\"og:type\" content=\"article\" \/>\n<meta property=\"og:title\" content=\"M\u00e9thodologie d&#039;Immigration Professionnelle\" \/>\n<meta property=\"og:description\" content=\"Approche m\u00e9thodique pour garantir le succ\u00e8s des d\u00e9marches d&#039;immigration de nos clients.\" \/>\n<meta property=\"og:url\" content=\"https:\/\/seaborn-immigration.ca\/fr\/notre-methodologie\/\" \/>\n<meta property=\"og:site_name\" content=\"Seaborn Immigration\" \/>\n<meta property=\"article:modified_time\" content=\"2025-07-22T14:09:58+00:00\" \/>\n<meta name=\"twitter:card\" content=\"summary_large_image\" \/>\n<meta name=\"twitter:label1\" content=\"Dur\u00e9e de lecture estim\u00e9e\" \/>\n\t<meta name=\"twitter:data1\" content=\"4 minutes\" \/>\n<!-- \/ Yoast SEO plugin. -->","yoast_head_json":{"title":"M\u00e9thodologie d'Immigration Professionnelle","description":"Approche m\u00e9thodique pour garantir le succ\u00e8s des d\u00e9marches d'immigration de nos clients.","robots":{"index":"index","follow":"follow","max-snippet":"max-snippet:-1","max-image-preview":"max-image-preview:large","max-video-preview":"max-video-preview:-1"},"canonical":"https:\/\/seaborn-immigration.ca\/fr\/notre-methodologie\/","og_locale":"fr_FR","og_type":"article","og_title":"M\u00e9thodologie d'Immigration Professionnelle","og_description":"Approche m\u00e9thodique pour garantir le succ\u00e8s des d\u00e9marches d'immigration de nos clients.","og_url":"https:\/\/seaborn-immigration.ca\/fr\/notre-methodologie\/","og_site_name":"Seaborn Immigration","article_modified_time":"2025-07-22T14:09:58+00:00","twitter_card":"summary_large_image","twitter_misc":{"Dur\u00e9e de lecture estim\u00e9e":"4 minutes"},"schema":{"@context":"https:\/\/schema.org","@graph":[{"@type":"Article","@id":"https:\/\/seaborn-immigration.ca\/fr\/notre-methodologie\/#article","isPartOf":{"@id":"https:\/\/seaborn-immigration.ca\/fr\/notre-methodologie\/"},"author":{"name":"Katia Seaborn","@id":"https:\/\/seaborn-immigration.ca\/fr\/#\/schema\/person\/d7395a202dffffdf9510b59069cc031e"},"headline":"Notre M\u00e9thodologie","datePublished":"2023-06-06T20:21:51+00:00","dateModified":"2025-07-22T14:09:58+00:00","mainEntityOfPage":{"@id":"https:\/\/seaborn-immigration.ca\/fr\/notre-methodologie\/"},"wordCount":1216,"publisher":{"@id":"https:\/\/seaborn-immigration.ca\/fr\/#organization"},"inLanguage":"fr-FR"},{"@type":"WebPage","@id":"https:\/\/seaborn-immigration.ca\/fr\/notre-methodologie\/","url":"https:\/\/seaborn-immigration.ca\/fr\/notre-methodologie\/","name":"M\u00e9thodologie d'Immigration Professionnelle","isPartOf":{"@id":"https:\/\/seaborn-immigration.ca\/fr\/#website"},"datePublished":"2023-06-06T20:21:51+00:00","dateModified":"2025-07-22T14:09:58+00:00","description":"Approche m\u00e9thodique pour garantir le succ\u00e8s des d\u00e9marches d'immigration de nos clients.","breadcrumb":{"@id":"https:\/\/seaborn-immigration.ca\/fr\/notre-methodologie\/#breadcrumb"},"inLanguage":"fr-FR","potentialAction":[{"@type":"ReadAction","target":["https:\/\/seaborn-immigration.ca\/fr\/notre-methodologie\/"]}]},{"@type":"BreadcrumbList","@id":"https:\/\/seaborn-immigration.ca\/fr\/notre-methodologie\/#breadcrumb","itemListElement":[{"@type":"ListItem","position":1,"name":"Accueil","item":"https:\/\/seaborn-immigration.ca\/fr\/"},{"@type":"ListItem","position":2,"name":"Notre M\u00e9thodologie"}]},{"@type":"WebSite","@id":"https:\/\/seaborn-immigration.ca\/fr\/#website","url":"https:\/\/seaborn-immigration.ca\/fr\/","name":"Seaborn Immigration","description":"Sp\u00e9cialiste en recrutement international","publisher":{"@id":"https:\/\/seaborn-immigration.ca\/fr\/#organization"},"potentialAction":[{"@type":"SearchAction","target":{"@type":"EntryPoint","urlTemplate":"https:\/\/seaborn-immigration.ca\/fr\/?s={search_term_string}"},"query-input":{"@type":"PropertyValueSpecification","valueRequired":true,"valueName":"search_term_string"}}],"inLanguage":"fr-FR"},{"@type":"Organization","@id":"https:\/\/seaborn-immigration.ca\/fr\/#organization","name":"Sp\u00e9cialiste en recrutement international","url":"https:\/\/seaborn-immigration.ca\/fr\/","logo":{"@type":"ImageObject","inLanguage":"fr-FR","@id":"https:\/\/seaborn-immigration.ca\/fr\/#\/schema\/logo\/image\/","url":"https:\/\/seaborn-immigration.ca\/wp-content\/uploads\/2023\/05\/KS-Immigration-e1686083649395.png","contentUrl":"https:\/\/seaborn-immigration.ca\/wp-content\/uploads\/2023\/05\/KS-Immigration-e1686083649395.png","width":150,"height":129,"caption":"Sp\u00e9cialiste en recrutement international"},"image":{"@id":"https:\/\/seaborn-immigration.ca\/fr\/#\/schema\/logo\/image\/"}},{"@type":"Person","@id":"https:\/\/seaborn-immigration.ca\/fr\/#\/schema\/person\/d7395a202dffffdf9510b59069cc031e","name":"Katia Seaborn","image":{"@type":"ImageObject","inLanguage":"fr-FR","@id":"https:\/\/seaborn-immigration.ca\/fr\/#\/schema\/person\/image\/","url":"https:\/\/secure.gravatar.com\/avatar\/db15f0542f3af1994ab4f2e3219ee0668bfc7217eeeb23c3ff4152d54e668b28?s=96&d=mm&r=g","contentUrl":"https:\/\/secure.gravatar.com\/avatar\/db15f0542f3af1994ab4f2e3219ee0668bfc7217eeeb23c3ff4152d54e668b28?s=96&d=mm&r=g","caption":"Katia Seaborn"},"sameAs":["https:\/\/x.com\/Seaborn-staff-1"]}]}},"_links":{"self":[{"href":"https:\/\/seaborn-immigration.ca\/fr\/wp-json\/wp\/v2\/pages\/29894","targetHints":{"allow":["GET"]}}],"collection":[{"href":"https:\/\/seaborn-immigration.ca\/fr\/wp-json\/wp\/v2\/pages"}],"about":[{"href":"https:\/\/seaborn-immigration.ca\/fr\/wp-json\/wp\/v2\/types\/page"}],"author":[{"embeddable":true,"href":"https:\/\/seaborn-immigration.ca\/fr\/wp-json\/wp\/v2\/users\/12"}],"replies":[{"embeddable":true,"href":"https:\/\/seaborn-immigration.ca\/fr\/wp-json\/wp\/v2\/comments?post=29894"}],"version-history":[{"count":0,"href":"https:\/\/seaborn-immigration.ca\/fr\/wp-json\/wp\/v2\/pages\/29894\/revisions"}],"wp:attachment":[{"href":"https:\/\/seaborn-immigration.ca\/fr\/wp-json\/wp\/v2\/media?parent=29894"}],"curies":[{"name":"wp","href":"https:\/\/api.w.org\/{rel}","templated":true}]}}