{"id":29896,"date":"2023-06-06T16:22:48","date_gmt":"2023-06-06T20:22:48","guid":{"rendered":"https:\/\/seaborn-immigration.ca\/?page_id=29896"},"modified":"2025-07-22T11:41:18","modified_gmt":"2025-07-22T15:41:18","slug":"notre-equipe-et-histoire","status":"publish","type":"page","link":"https:\/\/seaborn-immigration.ca\/fr\/notre-equipe-et-histoire\/","title":{"rendered":"Notre \u00c9quipe et Histoire"},"content":{"rendered":"<div class=\"wpb-content-wrapper\"><p>[vc_row][vc_column]<style type=\"text\/css\" data-type=\"the7_shortcodes-inline-css\">.dt-team-shortcode.team-masonry-shortcode-id-334526d6e01fc5ccd1a977c11a9b3ec7 .team-desc {\n  padding: 20px 20px 20px 20px;\n}\n.dt-team-shortcode.team-masonry-shortcode-id-334526d6e01fc5ccd1a977c11a9b3ec7 .team-author-name,\n.dt-team-shortcode.team-masonry-shortcode-id-334526d6e01fc5ccd1a977c11a9b3ec7 .team-author-name a {\n  margin-bottom: 0px;\n  font-weight: bold;\n}\n.dt-team-shortcode.team-masonry-shortcode-id-334526d6e01fc5ccd1a977c11a9b3ec7 .team-author p {\n  margin-bottom: 10px;\n  font-weight: bold;\n}\n.dt-team-shortcode.team-masonry-shortcode-id-334526d6e01fc5ccd1a977c11a9b3ec7  .team-media {\n  padding: 0px 0px 0px 0px;\n}\n.dt-team-shortcode.team-masonry-shortcode-id-334526d6e01fc5ccd1a977c11a9b3ec7  .team-media a,\n.dt-team-shortcode.team-masonry-shortcode-id-334526d6e01fc5ccd1a977c11a9b3ec7  .team-media > span,\n.dt-team-shortcode.team-masonry-shortcode-id-334526d6e01fc5ccd1a977c11a9b3ec7  .team-media img {\n  max-width: 200px;\n}\n.dt-team-shortcode.team-masonry-shortcode-id-334526d6e01fc5ccd1a977c11a9b3ec7 .dt-css-grid .team-media img {\n  width: 200px;\n  max-width: 100%;\n}\n.dt-team-shortcode.team-masonry-shortcode-id-334526d6e01fc5ccd1a977c11a9b3ec7 .team-content {\n  margin-bottom: 5px;\n}\n.dt-team-shortcode.team-masonry-shortcode-id-334526d6e01fc5ccd1a977c11a9b3ec7  .team-media,\n.dt-team-shortcode.team-masonry-shortcode-id-334526d6e01fc5ccd1a977c11a9b3ec7  .team-media a.rollover,\n.dt-team-shortcode.team-masonry-shortcode-id-334526d6e01fc5ccd1a977c11a9b3ec7  .team-media a.rollover *,\n.dt-team-shortcode.team-masonry-shortcode-id-334526d6e01fc5ccd1a977c11a9b3ec7  .team-media img {\n  border-radius: 360px;\n}\n.dt-team-shortcode.team-masonry-shortcode-id-334526d6e01fc5ccd1a977c11a9b3ec7 .soc-ico {\n  margin-bottom: 15px;\n}\n.dt-team-shortcode.team-masonry-shortcode-id-334526d6e01fc5ccd1a977c11a9b3ec7 .soc-ico a {\n  min-width: 26px;\n  min-height: 26px;\n  font-size: 16px;\n  border-radius: 100px;\n}\n.dt-team-shortcode.team-masonry-shortcode-id-334526d6e01fc5ccd1a977c11a9b3ec7 .soc-ico a:not(:last-child) {\n  margin-right: 4px;\n}\n.dt-team-shortcode.team-masonry-shortcode-id-334526d6e01fc5ccd1a977c11a9b3ec7 .soc-ico a:before,\n.dt-team-shortcode.team-masonry-shortcode-id-334526d6e01fc5ccd1a977c11a9b3ec7 .soc-ico a:after {\n  min-width: 26px;\n  min-height: 26px;\n  padding: inherit;\n}\n.dt-icon-border-on.dt-team-shortcode.team-masonry-shortcode-id-334526d6e01fc5ccd1a977c11a9b3ec7 .soc-ico a:before {\n  border: 0px solid transparent;\n}\n.dt-team-shortcode.team-masonry-shortcode-id-334526d6e01fc5ccd1a977c11a9b3ec7 .soc-ico a:hover {\n  font-size: 16px;\n}\n#page .dt-team-shortcode.team-masonry-shortcode-id-334526d6e01fc5ccd1a977c11a9b3ec7 .soc-ico a:hover .soc-font-icon {\n  color: rgba(255,255,255,0.75);\n  background: none;\n}\n.dt-icon-border-hover-on.dt-team-shortcode.team-masonry-shortcode-id-334526d6e01fc5ccd1a977c11a9b3ec7 .soc-ico a:after {\n  border: 0px solid transparent;\n}\n#page .dt-team-shortcode.team-masonry-shortcode-id-334526d6e01fc5ccd1a977c11a9b3ec7 .soc-ico a:not(:hover) .soc-font-icon {\n  color: #ffffff;\n  background: none;\n}\n.dt-team-shortcode.team-masonry-shortcode-id-334526d6e01fc5ccd1a977c11a9b3ec7 .soc-ico a .soc-font-icon {\n  font-size: 16px;\n}\n.dt-team-shortcode.team-masonry-shortcode-id-334526d6e01fc5ccd1a977c11a9b3ec7 .filter-bg-decoration .filter-categories a.act {\n  color: #fff;\n}\n.dt-team-shortcode.team-masonry-shortcode-id-334526d6e01fc5ccd1a977c11a9b3ec7:not(.resize-by-browser-width) .dt-css-grid {\n  grid-row-gap: 30px;\n  grid-column-gap: 30px;\n  grid-template-columns: repeat(auto-fill,minmax(,1fr));\n}\n.cssgridlegacy.no-cssgrid .dt-team-shortcode.team-masonry-shortcode-id-334526d6e01fc5ccd1a977c11a9b3ec7:not(.resize-by-browser-width) .dt-css-grid,\n.no-cssgridlegacy.no-cssgrid .dt-team-shortcode.team-masonry-shortcode-id-334526d6e01fc5ccd1a977c11a9b3ec7:not(.resize-by-browser-width) .dt-css-grid {\n  display: flex;\n  flex-flow: row wrap;\n  margin: -15px;\n}\n.cssgridlegacy.no-cssgrid .dt-team-shortcode.team-masonry-shortcode-id-334526d6e01fc5ccd1a977c11a9b3ec7:not(.resize-by-browser-width) .dt-css-grid .wf-cell,\n.no-cssgridlegacy.no-cssgrid .dt-team-shortcode.team-masonry-shortcode-id-334526d6e01fc5ccd1a977c11a9b3ec7:not(.resize-by-browser-width) .dt-css-grid .wf-cell {\n  flex: 1 0 ;\n  max-width: 100%;\n  padding: 15px;\n  box-sizing: border-box;\n}\n.dt-team-shortcode.team-masonry-shortcode-id-334526d6e01fc5ccd1a977c11a9b3ec7.resize-by-browser-width .dt-css-grid {\n  grid-template-columns: repeat(3,1fr);\n  grid-template-rows: auto;\n  grid-column-gap: 30px;\n  grid-row-gap: 30px;\n}\n.cssgridlegacy.no-cssgrid .dt-team-shortcode.team-masonry-shortcode-id-334526d6e01fc5ccd1a977c11a9b3ec7.resize-by-browser-width .dt-css-grid,\n.no-cssgridlegacy.no-cssgrid .dt-team-shortcode.team-masonry-shortcode-id-334526d6e01fc5ccd1a977c11a9b3ec7.resize-by-browser-width .dt-css-grid {\n  margin: -15px;\n}\n.cssgridlegacy.no-cssgrid .dt-team-shortcode.team-masonry-shortcode-id-334526d6e01fc5ccd1a977c11a9b3ec7.resize-by-browser-width .dt-css-grid .wf-cell,\n.no-cssgridlegacy.no-cssgrid .dt-team-shortcode.team-masonry-shortcode-id-334526d6e01fc5ccd1a977c11a9b3ec7.resize-by-browser-width .dt-css-grid .wf-cell {\n  width: 33.333333333333%;\n  padding: 15px;\n}\n@media screen and (max-width: 1199px) {\n  .dt-team-shortcode.team-masonry-shortcode-id-334526d6e01fc5ccd1a977c11a9b3ec7.resize-by-browser-width .dt-css-grid {\n    grid-template-columns: repeat(3,1fr);\n  }\n  .cssgridlegacy.no-cssgrid .dt-team-shortcode.team-masonry-shortcode-id-334526d6e01fc5ccd1a977c11a9b3ec7.resize-by-browser-width .dt-css-grid .wf-cell,\n  .no-cssgridlegacy.no-cssgrid .dt-team-shortcode.team-masonry-shortcode-id-334526d6e01fc5ccd1a977c11a9b3ec7.resize-by-browser-width .dt-css-grid .wf-cell {\n    width: 33.333333333333%;\n  }\n}\n@media screen and (max-width: 991px) {\n  .dt-team-shortcode.team-masonry-shortcode-id-334526d6e01fc5ccd1a977c11a9b3ec7.resize-by-browser-width .dt-css-grid {\n    grid-template-columns: repeat(2,1fr);\n  }\n  .cssgridlegacy.no-cssgrid .dt-team-shortcode.team-masonry-shortcode-id-334526d6e01fc5ccd1a977c11a9b3ec7.resize-by-browser-width .dt-css-grid .wf-cell,\n  .no-cssgridlegacy.no-cssgrid .dt-team-shortcode.team-masonry-shortcode-id-334526d6e01fc5ccd1a977c11a9b3ec7.resize-by-browser-width .dt-css-grid .wf-cell {\n    width: 50%;\n  }\n}\n@media screen and (max-width: 767px) {\n  .dt-team-shortcode.team-masonry-shortcode-id-334526d6e01fc5ccd1a977c11a9b3ec7.resize-by-browser-width .dt-css-grid {\n    grid-template-columns: repeat(1,1fr);\n  }\n  .cssgridlegacy.no-cssgrid .dt-team-shortcode.team-masonry-shortcode-id-334526d6e01fc5ccd1a977c11a9b3ec7.resize-by-browser-width .dt-css-grid .wf-cell,\n  .no-cssgridlegacy.no-cssgrid .dt-team-shortcode.team-masonry-shortcode-id-334526d6e01fc5ccd1a977c11a9b3ec7.resize-by-browser-width .dt-css-grid .wf-cell {\n    width: 100%;\n  }\n}<\/style><div class=\"dt-team-masonry-shortcode dt-team-shortcode team-masonry-shortcode-id-334526d6e01fc5ccd1a977c11a9b3ec7 loading-effect-none mode-grid jquery-filter content-align-center dt-css-grid-wrap scale-img dt-css-grid-wrap dt-icon-bg-on dt-icon-border-on dt-icon-hover-bg-on dt-icon-border-hover-on move-icons-under-position resize-by-browser-width  \" data-padding=\"15px\" data-cur-page=\"1\" data-post-limit=\"-1\" data-pagination-mode=\"none\" data-desktop-columns-num=\"3\" data-v-tablet-columns-num=\"2\" data-h-tablet-columns-num=\"3\" data-phone-columns-num=\"1\" data-width=\"0px\" data-columns=\"0\"><div class=\"dt-css-grid\" ><div class=\"visible wf-cell\" data-post-id=\"30000\" data-date=\"2023-06-15T12:23:39-04:00\" data-name=\"Katia Seaborn\"><div class=\"team-container visible post post-30000 dt_team type-dt_team status-publish has-post-thumbnail hentry\"><div class=\"team-media\"><a href=\"https:\/\/seaborn-immigration.ca\/fr\/team-mate\/katia-seaborn\/\" class=\"rollover layzr-bg\"><img fetchpriority=\"high\" decoding=\"async\" class=\"preload-me iso-lazy-load aspect\" src=\"data:image\/svg+xml,%3Csvg%20xmlns%3D&#39;http%3A%2F%2Fwww.w3.org%2F2000%2Fsvg&#39;%20viewBox%3D&#39;0%200%20384%20384&#39;%2F%3E\" data-src=\"https:\/\/seaborn-immigration.ca\/wp-content\/uploads\/2023\/06\/Photo-Katia.jpg\" data-srcset=\"https:\/\/seaborn-immigration.ca\/wp-content\/uploads\/2023\/06\/Photo-Katia.jpg 384w\" loading=\"eager\" style=\"--ratio: 384 \/ 384\" sizes=\"(max-width: 384px) 100vw, 384px\" width=\"384\" height=\"384\"  title=\"Photo Katia\" alt=\"\" \/><\/a><\/div><div class=\"team-desc\"><div class=\"team-author\"><div class=\"team-author-name\"><a href=\"https:\/\/seaborn-immigration.ca\/fr\/team-mate\/katia-seaborn\/\">Katia Seaborn<\/a><\/div><p>Consultante R\u00e9glement\u00e9e en Immigration Canadienne \u2013 Propri\u00e9taire <\/p><\/div><div class=\"team-content\"><p>Ayant d\u00e9but\u00e9 sa carri\u00e8re dans le domaine du voyage, et y ayant travaill\u00e9 pendant 15 ans, autant ici qu\u2019en Am\u00e9rique\u2026<\/p>\n<\/div>\n<a href=\"https:\/\/seaborn-immigration.ca\/fr\/team-mate\/katia-seaborn\/\" class=\"post-details details-type-link\" aria-label=\"En savoir plus sur Katia Seaborn\">Voir les d\u00e9tails<i class=\"dt-icon-the7-arrow-03\" aria-hidden=\"true\"><\/i><\/a>\n<\/div><\/div><\/div><div class=\"visible wf-cell\" data-post-id=\"30005\" data-date=\"2023-06-15T12:48:08-04:00\" data-name=\"Carlos Chandia - Collaborateur\"><div class=\"team-container visible post post-30005 dt_team type-dt_team status-publish has-post-thumbnail hentry\"><div class=\"team-media\"><a href=\"https:\/\/seaborn-immigration.ca\/fr\/team-mate\/carlos-chandia\/\" class=\"rollover layzr-bg\"><img decoding=\"async\" class=\"preload-me iso-lazy-load aspect\" src=\"data:image\/svg+xml,%3Csvg%20xmlns%3D&#39;http%3A%2F%2Fwww.w3.org%2F2000%2Fsvg&#39;%20viewBox%3D&#39;0%200%20425%20425&#39;%2F%3E\" data-src=\"https:\/\/seaborn-immigration.ca\/wp-content\/uploads\/2023\/06\/carlos-chandia.png\" data-srcset=\"https:\/\/seaborn-immigration.ca\/wp-content\/uploads\/2023\/06\/carlos-chandia.png 425w\" loading=\"eager\" style=\"--ratio: 425 \/ 425\" sizes=\"(max-width: 425px) 100vw, 425px\" width=\"425\" height=\"425\"  title=\"carlos-chandia\" alt=\"\" \/><\/a><\/div><div class=\"team-desc\"><div class=\"team-author\"><div class=\"team-author-name\"><a href=\"https:\/\/seaborn-immigration.ca\/fr\/team-mate\/carlos-chandia\/\">Carlos Chandia &#8211; Collaborateur<\/a><\/div><p>M.I.M.E. Voyages<\/p><\/div><div class=\"team-content\"><p>Cumulant 29 ann\u00e9es d\u2019exp\u00e9riences dans le domaine du tourisme, Carlos Chandia a \u00e9t\u00e9 le directeur de FERME Voyages pendant 4\u2026<\/p>\n<\/div>\n<a href=\"https:\/\/seaborn-immigration.ca\/fr\/team-mate\/carlos-chandia\/\" class=\"post-details details-type-link\" aria-label=\"En savoir plus sur Carlos Chandia &#8211; Collaborateur\">Voir les d\u00e9tails<i class=\"dt-icon-the7-arrow-03\" aria-hidden=\"true\"><\/i><\/a>\n<\/div><\/div><\/div><div class=\"visible wf-cell\" data-post-id=\"30006\" data-date=\"2023-06-15T12:49:50-04:00\" data-name=\"Eugenia P\u00e9rez (Sheny) - Collaboratrice\"><div class=\"team-container visible post post-30006 dt_team type-dt_team status-publish has-post-thumbnail hentry\"><div class=\"team-media\"><a href=\"https:\/\/seaborn-immigration.ca\/fr\/team-mate\/eugenia-perez\/\" class=\"rollover layzr-bg\"><img decoding=\"async\" class=\"preload-me iso-lazy-load aspect\" src=\"data:image\/svg+xml,%3Csvg%20xmlns%3D&#39;http%3A%2F%2Fwww.w3.org%2F2000%2Fsvg&#39;%20viewBox%3D&#39;0%200%20597%20597&#39;%2F%3E\" data-src=\"https:\/\/seaborn-immigration.ca\/wp-content\/uploads\/2023\/06\/Eugenia-Perez-597x597.png\" data-srcset=\"https:\/\/seaborn-immigration.ca\/wp-content\/uploads\/2023\/06\/Eugenia-Perez-597x597.png 597w\" loading=\"eager\" style=\"--ratio: 597 \/ 597\" sizes=\"(max-width: 597px) 100vw, 597px\" width=\"597\" height=\"597\"  title=\"Eugenia P\u00e9rez\" alt=\"\" \/><\/a><\/div><div class=\"team-desc\"><div class=\"team-author\"><div class=\"team-author-name\"><a href=\"https:\/\/seaborn-immigration.ca\/fr\/team-mate\/eugenia-perez\/\">Eugenia P\u00e9rez (Sheny) &#8211; Collaboratrice<\/a><\/div><p> M.I.M.E. Voyages<\/p><\/div><div class=\"team-content\"><p>Elle a travaill\u00e9 3 ans pour l\u2019Organisme International pour les Migrations (O.I.M.). Elle a aussi fond\u00e9 le partenariat de recrutement\u2026<\/p>\n<\/div>\n<a href=\"https:\/\/seaborn-immigration.ca\/fr\/team-mate\/eugenia-perez\/\" class=\"post-details details-type-link\" aria-label=\"En savoir plus sur Eugenia P\u00e9rez (Sheny) &#8211; Collaboratrice\">Voir les d\u00e9tails<i class=\"dt-icon-the7-arrow-03\" aria-hidden=\"true\"><\/i><\/a>\n<\/div><\/div><\/div><\/div><!-- iso-container|iso-grid --><\/div>[\/vc_column][\/vc_row]<\/p>\n<\/div>","protected":false},"excerpt":{"rendered":"<p>[vc_row][vc_column][\/vc_column][\/vc_row]<\/p>\n","protected":false},"author":12,"featured_media":0,"parent":0,"menu_order":0,"comment_status":"closed","ping_status":"closed","template":"","meta":{"_acf_changed":false,"footnotes":""},"class_list":["post-29896","page","type-page","status-publish","hentry","description-off"],"acf":[],"yoast_head":"<!-- This site is optimized with the Yoast SEO plugin v27.1.1 - https:\/\/yoast.com\/product\/yoast-seo-wordpress\/ -->\n<title>Notre \u00c9quipe et Histoire de l&#039;Entreprise<\/title>\n<meta name=\"description\" content=\"D\u00e9couvrez l&#039;histoire de notre \u00e9quipe et les valeurs qui nous guident.\" \/>\n<meta name=\"robots\" content=\"index, follow, max-snippet:-1, max-image-preview:large, max-video-preview:-1\" \/>\n<link rel=\"canonical\" href=\"https:\/\/seaborn-immigration.ca\/fr\/notre-equipe-et-histoire\/\" \/>\n<meta property=\"og:locale\" content=\"fr_FR\" \/>\n<meta property=\"og:type\" content=\"article\" \/>\n<meta property=\"og:title\" content=\"Notre \u00c9quipe et Histoire de l&#039;Entreprise\" \/>\n<meta property=\"og:description\" content=\"D\u00e9couvrez l&#039;histoire de notre \u00e9quipe et les valeurs qui nous guident.\" \/>\n<meta property=\"og:url\" content=\"https:\/\/seaborn-immigration.ca\/fr\/notre-equipe-et-histoire\/\" \/>\n<meta property=\"og:site_name\" content=\"Seaborn Immigration\" \/>\n<meta property=\"article:modified_time\" content=\"2025-07-22T15:41:18+00:00\" \/>\n<meta name=\"twitter:card\" content=\"summary_large_image\" \/>\n<meta name=\"twitter:label1\" content=\"Dur\u00e9e de lecture estim\u00e9e\" \/>\n\t<meta name=\"twitter:data1\" content=\"1 minute\" \/>\n<!-- \/ Yoast SEO plugin. -->","yoast_head_json":{"title":"Notre \u00c9quipe et Histoire de l'Entreprise","description":"D\u00e9couvrez l'histoire de notre \u00e9quipe et les valeurs qui nous guident.","robots":{"index":"index","follow":"follow","max-snippet":"max-snippet:-1","max-image-preview":"max-image-preview:large","max-video-preview":"max-video-preview:-1"},"canonical":"https:\/\/seaborn-immigration.ca\/fr\/notre-equipe-et-histoire\/","og_locale":"fr_FR","og_type":"article","og_title":"Notre \u00c9quipe et Histoire de l'Entreprise","og_description":"D\u00e9couvrez l'histoire de notre \u00e9quipe et les valeurs qui nous guident.","og_url":"https:\/\/seaborn-immigration.ca\/fr\/notre-equipe-et-histoire\/","og_site_name":"Seaborn Immigration","article_modified_time":"2025-07-22T15:41:18+00:00","twitter_card":"summary_large_image","twitter_misc":{"Dur\u00e9e de lecture estim\u00e9e":"1 minute"},"schema":{"@context":"https:\/\/schema.org","@graph":[{"@type":"Article","@id":"https:\/\/seaborn-immigration.ca\/fr\/notre-equipe-et-histoire\/#article","isPartOf":{"@id":"https:\/\/seaborn-immigration.ca\/fr\/notre-equipe-et-histoire\/"},"author":{"name":"Katia Seaborn","@id":"https:\/\/seaborn-immigration.ca\/fr\/#\/schema\/person\/d7395a202dffffdf9510b59069cc031e"},"headline":"Notre \u00c9quipe et Histoire","datePublished":"2023-06-06T20:22:48+00:00","dateModified":"2025-07-22T15:41:18+00:00","mainEntityOfPage":{"@id":"https:\/\/seaborn-immigration.ca\/fr\/notre-equipe-et-histoire\/"},"wordCount":56,"publisher":{"@id":"https:\/\/seaborn-immigration.ca\/fr\/#organization"},"inLanguage":"fr-FR"},{"@type":"WebPage","@id":"https:\/\/seaborn-immigration.ca\/fr\/notre-equipe-et-histoire\/","url":"https:\/\/seaborn-immigration.ca\/fr\/notre-equipe-et-histoire\/","name":"Notre \u00c9quipe et Histoire de l'Entreprise","isPartOf":{"@id":"https:\/\/seaborn-immigration.ca\/fr\/#website"},"datePublished":"2023-06-06T20:22:48+00:00","dateModified":"2025-07-22T15:41:18+00:00","description":"D\u00e9couvrez l'histoire de notre \u00e9quipe et les valeurs qui nous guident.","breadcrumb":{"@id":"https:\/\/seaborn-immigration.ca\/fr\/notre-equipe-et-histoire\/#breadcrumb"},"inLanguage":"fr-FR","potentialAction":[{"@type":"ReadAction","target":["https:\/\/seaborn-immigration.ca\/fr\/notre-equipe-et-histoire\/"]}]},{"@type":"BreadcrumbList","@id":"https:\/\/seaborn-immigration.ca\/fr\/notre-equipe-et-histoire\/#breadcrumb","itemListElement":[{"@type":"ListItem","position":1,"name":"Accueil","item":"https:\/\/seaborn-immigration.ca\/fr\/"},{"@type":"ListItem","position":2,"name":"Notre \u00c9quipe et Histoire"}]},{"@type":"WebSite","@id":"https:\/\/seaborn-immigration.ca\/fr\/#website","url":"https:\/\/seaborn-immigration.ca\/fr\/","name":"Seaborn Immigration","description":"Sp\u00e9cialiste en recrutement international","publisher":{"@id":"https:\/\/seaborn-immigration.ca\/fr\/#organization"},"potentialAction":[{"@type":"SearchAction","target":{"@type":"EntryPoint","urlTemplate":"https:\/\/seaborn-immigration.ca\/fr\/?s={search_term_string}"},"query-input":{"@type":"PropertyValueSpecification","valueRequired":true,"valueName":"search_term_string"}}],"inLanguage":"fr-FR"},{"@type":"Organization","@id":"https:\/\/seaborn-immigration.ca\/fr\/#organization","name":"Sp\u00e9cialiste en recrutement international","url":"https:\/\/seaborn-immigration.ca\/fr\/","logo":{"@type":"ImageObject","inLanguage":"fr-FR","@id":"https:\/\/seaborn-immigration.ca\/fr\/#\/schema\/logo\/image\/","url":"https:\/\/seaborn-immigration.ca\/wp-content\/uploads\/2023\/05\/KS-Immigration-e1686083649395.png","contentUrl":"https:\/\/seaborn-immigration.ca\/wp-content\/uploads\/2023\/05\/KS-Immigration-e1686083649395.png","width":150,"height":129,"caption":"Sp\u00e9cialiste en recrutement international"},"image":{"@id":"https:\/\/seaborn-immigration.ca\/fr\/#\/schema\/logo\/image\/"}},{"@type":"Person","@id":"https:\/\/seaborn-immigration.ca\/fr\/#\/schema\/person\/d7395a202dffffdf9510b59069cc031e","name":"Katia Seaborn","image":{"@type":"ImageObject","inLanguage":"fr-FR","@id":"https:\/\/seaborn-immigration.ca\/fr\/#\/schema\/person\/image\/","url":"https:\/\/secure.gravatar.com\/avatar\/db15f0542f3af1994ab4f2e3219ee0668bfc7217eeeb23c3ff4152d54e668b28?s=96&d=mm&r=g","contentUrl":"https:\/\/secure.gravatar.com\/avatar\/db15f0542f3af1994ab4f2e3219ee0668bfc7217eeeb23c3ff4152d54e668b28?s=96&d=mm&r=g","caption":"Katia Seaborn"},"sameAs":["https:\/\/x.com\/Seaborn-staff-1"]}]}},"_links":{"self":[{"href":"https:\/\/seaborn-immigration.ca\/fr\/wp-json\/wp\/v2\/pages\/29896","targetHints":{"allow":["GET"]}}],"collection":[{"href":"https:\/\/seaborn-immigration.ca\/fr\/wp-json\/wp\/v2\/pages"}],"about":[{"href":"https:\/\/seaborn-immigration.ca\/fr\/wp-json\/wp\/v2\/types\/page"}],"author":[{"embeddable":true,"href":"https:\/\/seaborn-immigration.ca\/fr\/wp-json\/wp\/v2\/users\/12"}],"replies":[{"embeddable":true,"href":"https:\/\/seaborn-immigration.ca\/fr\/wp-json\/wp\/v2\/comments?post=29896"}],"version-history":[{"count":0,"href":"https:\/\/seaborn-immigration.ca\/fr\/wp-json\/wp\/v2\/pages\/29896\/revisions"}],"wp:attachment":[{"href":"https:\/\/seaborn-immigration.ca\/fr\/wp-json\/wp\/v2\/media?parent=29896"}],"curies":[{"name":"wp","href":"https:\/\/api.w.org\/{rel}","templated":true}]}}