{"id":29898,"date":"2023-06-06T16:23:41","date_gmt":"2023-06-06T20:23:41","guid":{"rendered":"https:\/\/seaborn-immigration.ca\/?page_id=29898"},"modified":"2025-07-22T12:01:51","modified_gmt":"2025-07-22T16:01:51","slug":"temoignages","status":"publish","type":"page","link":"https:\/\/seaborn-immigration.ca\/fr\/temoignages\/","title":{"rendered":"T\u00e9moignages"},"content":{"rendered":"<div class=\"wpb-content-wrapper\"><p>[vc_row][vc_column el_class=\u00a0\u00bbtestimonial-page\u00a0\u00bb]<style type=\"text\/css\" data-type=\"the7_shortcodes-inline-css\">.dt-testimonials-shortcode.testimonials-masonry-shortcode-id-7c240f1ce03f7c08ee6e733dc416ab22 .testimonial-item {\n  padding: 30px 30px 20px 30px;\n}\n.dt-testimonials-shortcode.testimonials-masonry-shortcode-id-7c240f1ce03f7c08ee6e733dc416ab22 .testimonial-name,\n.dt-testimonials-shortcode.testimonials-masonry-shortcode-id-7c240f1ce03f7c08ee6e733dc416ab22 .testimonial-name a,\n.dt-testimonials-shortcode.testimonials-masonry-shortcode-id-7c240f1ce03f7c08ee6e733dc416ab22 .testimonial-name span {\n  color: #68349a;\n  background: none;\n  margin-bottom: 0px;\n  font-weight: bold;\n}\n.dt-testimonials-shortcode.testimonials-masonry-shortcode-id-7c240f1ce03f7c08ee6e733dc416ab22 .testimonial-position {\n  margin-bottom: 20px;\n}\n.dt-testimonials-shortcode.testimonials-masonry-shortcode-id-7c240f1ce03f7c08ee6e733dc416ab22 .testimonial-position,\n.dt-testimonials-shortcode.testimonials-masonry-shortcode-id-7c240f1ce03f7c08ee6e733dc416ab22 .testimonial-position span {\n  font-weight: bold;\n}\n.content .dt-testimonials-shortcode.testimonials-masonry-shortcode-id-7c240f1ce03f7c08ee6e733dc416ab22 .testimonial-position,\n.content .dt-testimonials-shortcode.testimonials-masonry-shortcode-id-7c240f1ce03f7c08ee6e733dc416ab22 .testimonial-position span {\n  color: #2f1c53;\n  background: none;\n}\n.dt-testimonials-shortcode.testimonials-masonry-shortcode-id-7c240f1ce03f7c08ee6e733dc416ab22  .testimonial-avatar {\n  padding: 0px 20px 20px 0px;\n}\n.dt-testimonials-shortcode.testimonials-masonry-shortcode-id-7c240f1ce03f7c08ee6e733dc416ab22  .testimonial-avatar a,\n.dt-testimonials-shortcode.testimonials-masonry-shortcode-id-7c240f1ce03f7c08ee6e733dc416ab22  .testimonial-avatar span,\n.dt-testimonials-shortcode.testimonials-masonry-shortcode-id-7c240f1ce03f7c08ee6e733dc416ab22  .testimonial-avatar img {\n  max-width: 80px;\n}\n.dt-testimonials-shortcode.testimonials-masonry-shortcode-id-7c240f1ce03f7c08ee6e733dc416ab22 .dt-css-grid .testimonial-avatar img,\n.dt-testimonials-shortcode.testimonials-masonry-shortcode-id-7c240f1ce03f7c08ee6e733dc416ab22 .dt-css-grid .testimonial-avatar svg {\n  max-width: 100%;\n}\n.dt-testimonials-shortcode.testimonials-masonry-shortcode-id-7c240f1ce03f7c08ee6e733dc416ab22.layout-5:not(.hide-testimonial-avatar) .content-wrap,\n.dt-testimonials-shortcode.testimonials-masonry-shortcode-id-7c240f1ce03f7c08ee6e733dc416ab22.layout-6:not(.hide-testimonial-avatar) .content-wrap {\n  width: calc(100% - 80px - 20px - 0px);\n}\n.dt-testimonials-shortcode.testimonials-masonry-shortcode-id-7c240f1ce03f7c08ee6e733dc416ab22 .testimonial-content {\n  margin-bottom: 0px;\n}\n.dt-testimonials-shortcode.testimonials-masonry-shortcode-id-7c240f1ce03f7c08ee6e733dc416ab22  .testimonial-avatar,\n.dt-testimonials-shortcode.testimonials-masonry-shortcode-id-7c240f1ce03f7c08ee6e733dc416ab22  .testimonial-avatar a.rollover,\n.dt-testimonials-shortcode.testimonials-masonry-shortcode-id-7c240f1ce03f7c08ee6e733dc416ab22  .testimonial-avatar a.rollover *,\n.dt-testimonials-shortcode.testimonials-masonry-shortcode-id-7c240f1ce03f7c08ee6e733dc416ab22  .testimonial-avatar img,\n.dt-testimonials-shortcode.testimonials-masonry-shortcode-id-7c240f1ce03f7c08ee6e733dc416ab22  .testimonial-avatar .no-avatar,\n.dt-testimonials-shortcode.testimonials-masonry-shortcode-id-7c240f1ce03f7c08ee6e733dc416ab22  .testim-no-avatar {\n  border-radius: 60px;\n}\n.dt-testimonials-shortcode.testimonials-masonry-shortcode-id-7c240f1ce03f7c08ee6e733dc416ab22  .testimonial-avatar .no-avatar {\n  height: 80px;\n  border-color: rgba(104,52,154,0.15);\n}\n.dt-testimonials-shortcode.testimonials-masonry-shortcode-id-7c240f1ce03f7c08ee6e733dc416ab22  .testimonial-avatar .no-avatar:after {\n  color: rgba(104,52,154,0.15);\n}\n.dt-testimonials-shortcode.testimonials-masonry-shortcode-id-7c240f1ce03f7c08ee6e733dc416ab22  .testim-no-avatar {\n  border-color: rgba(104,52,154,0.15);\n}\n.dt-testimonials-shortcode.testimonials-masonry-shortcode-id-7c240f1ce03f7c08ee6e733dc416ab22  .testim-no-avatar svg {\n  fill: rgba(104,52,154,0.15);\n}\n.dt-testimonials-shortcode.testimonials-masonry-shortcode-id-7c240f1ce03f7c08ee6e733dc416ab22  .testimonial-avatar .no-avatar {\n  font-size: 80px;\n  width: 80px;\n}\n.dt-testimonials-shortcode.testimonials-masonry-shortcode-id-7c240f1ce03f7c08ee6e733dc416ab22 .filter-bg-decoration .filter-categories a.act {\n  color: #fff;\n}\n.dt-testimonials-shortcode.testimonials-masonry-shortcode-id-7c240f1ce03f7c08ee6e733dc416ab22:not(.resize-by-browser-width) .dt-css-grid {\n  grid-row-gap: 30px;\n  grid-column-gap: 30px;\n  grid-template-columns: repeat(auto-fill,minmax(,1fr));\n}\n.cssgridlegacy.no-cssgrid .dt-testimonials-shortcode.testimonials-masonry-shortcode-id-7c240f1ce03f7c08ee6e733dc416ab22:not(.resize-by-browser-width) .dt-css-grid,\n.no-cssgridlegacy.no-cssgrid .dt-testimonials-shortcode.testimonials-masonry-shortcode-id-7c240f1ce03f7c08ee6e733dc416ab22:not(.resize-by-browser-width) .dt-css-grid {\n  display: flex;\n  flex-flow: row wrap;\n  margin: -15px;\n}\n.cssgridlegacy.no-cssgrid .dt-testimonials-shortcode.testimonials-masonry-shortcode-id-7c240f1ce03f7c08ee6e733dc416ab22:not(.resize-by-browser-width) .dt-css-grid .wf-cell,\n.no-cssgridlegacy.no-cssgrid .dt-testimonials-shortcode.testimonials-masonry-shortcode-id-7c240f1ce03f7c08ee6e733dc416ab22:not(.resize-by-browser-width) .dt-css-grid .wf-cell {\n  flex: 1 0 ;\n  max-width: 100%;\n  padding: 15px;\n  box-sizing: border-box;\n}\n.dt-testimonials-shortcode.testimonials-masonry-shortcode-id-7c240f1ce03f7c08ee6e733dc416ab22.resize-by-browser-width .dt-css-grid {\n  grid-template-columns: repeat(1,1fr);\n  grid-template-rows: auto;\n  grid-column-gap: 30px;\n  grid-row-gap: 30px;\n}\n.cssgridlegacy.no-cssgrid .dt-testimonials-shortcode.testimonials-masonry-shortcode-id-7c240f1ce03f7c08ee6e733dc416ab22.resize-by-browser-width .dt-css-grid,\n.no-cssgridlegacy.no-cssgrid .dt-testimonials-shortcode.testimonials-masonry-shortcode-id-7c240f1ce03f7c08ee6e733dc416ab22.resize-by-browser-width .dt-css-grid {\n  margin: -15px;\n}\n.cssgridlegacy.no-cssgrid .dt-testimonials-shortcode.testimonials-masonry-shortcode-id-7c240f1ce03f7c08ee6e733dc416ab22.resize-by-browser-width .dt-css-grid .wf-cell,\n.no-cssgridlegacy.no-cssgrid .dt-testimonials-shortcode.testimonials-masonry-shortcode-id-7c240f1ce03f7c08ee6e733dc416ab22.resize-by-browser-width .dt-css-grid .wf-cell {\n  width: 100%;\n  padding: 15px;\n}\n@media screen and (max-width: 1199px) {\n  .dt-testimonials-shortcode.testimonials-masonry-shortcode-id-7c240f1ce03f7c08ee6e733dc416ab22.resize-by-browser-width .dt-css-grid {\n    grid-template-columns: repeat(1,1fr);\n  }\n  .cssgridlegacy.no-cssgrid .dt-testimonials-shortcode.testimonials-masonry-shortcode-id-7c240f1ce03f7c08ee6e733dc416ab22.resize-by-browser-width .dt-css-grid .wf-cell,\n  .no-cssgridlegacy.no-cssgrid .dt-testimonials-shortcode.testimonials-masonry-shortcode-id-7c240f1ce03f7c08ee6e733dc416ab22.resize-by-browser-width .dt-css-grid .wf-cell {\n    width: 100%;\n  }\n}\n@media screen and (max-width: 991px) {\n  .dt-testimonials-shortcode.testimonials-masonry-shortcode-id-7c240f1ce03f7c08ee6e733dc416ab22.resize-by-browser-width .dt-css-grid {\n    grid-template-columns: repeat(1,1fr);\n  }\n  .cssgridlegacy.no-cssgrid .dt-testimonials-shortcode.testimonials-masonry-shortcode-id-7c240f1ce03f7c08ee6e733dc416ab22.resize-by-browser-width .dt-css-grid .wf-cell,\n  .no-cssgridlegacy.no-cssgrid .dt-testimonials-shortcode.testimonials-masonry-shortcode-id-7c240f1ce03f7c08ee6e733dc416ab22.resize-by-browser-width .dt-css-grid .wf-cell {\n    width: 100%;\n  }\n}\n@media screen and (max-width: 767px) {\n  .dt-testimonials-shortcode.testimonials-masonry-shortcode-id-7c240f1ce03f7c08ee6e733dc416ab22.resize-by-browser-width .dt-css-grid {\n    grid-template-columns: repeat(1,1fr);\n  }\n  .cssgridlegacy.no-cssgrid .dt-testimonials-shortcode.testimonials-masonry-shortcode-id-7c240f1ce03f7c08ee6e733dc416ab22.resize-by-browser-width .dt-css-grid .wf-cell,\n  .no-cssgridlegacy.no-cssgrid .dt-testimonials-shortcode.testimonials-masonry-shortcode-id-7c240f1ce03f7c08ee6e733dc416ab22.resize-by-browser-width .dt-css-grid .wf-cell {\n    width: 100%;\n  }\n}<\/style><div class=\"dt-testimonials-masonry-shortcode dt-testimonials-shortcode testimonials-masonry-shortcode-id-7c240f1ce03f7c08ee6e733dc416ab22 loading-effect-none content-align-left mode-masonry content-bg-on layout-3 scale-img jquery-filter resize-by-browser-width  \" data-padding=\"15px\" data-cur-page=\"1\" data-post-limit=\"-1\" data-pagination-mode=\"none\" data-desktop-columns-num=\"1\" data-v-tablet-columns-num=\"1\" data-h-tablet-columns-num=\"1\" data-phone-columns-num=\"1\" data-width=\"0px\" data-columns=\"0\"><div class=\"iso-container\" ><div class=\"visible wf-cell iso-item\" data-post-id=\"1588\" data-date=\"2017-06-27T16:15:02-04:00\" data-name=\"Catherine Grimard-Leduc\"><div class=\"testimonial-item post visible\"><div class=\"testimonial-author\"><div class=\"testimonial-avatar\"><span class=\"testim-no-avatar\"><svg version=\"1.1\" xmlns=\"http:\/\/www.w3.org\/2000\/svg\" width=\"80\" height=\"80\" xmlns:xlink=\"http:\/\/www.w3.org\/1999\/xlink\" x=\"0px\" y=\"0px\"\n\t viewBox=\"0 0 60 60\" style=\"enable-background:new 0 0 60 60;\" xml:space=\"preserve\">\n<path d=\"M30,1.5c-16.542,0-30,12.112-30,27c0,5.204,1.646,10.245,4.768,14.604c-0.591,6.537-2.175,11.39-4.475,13.689\n\tc-0.304,0.304-0.38,0.769-0.188,1.153C0.275,58.289,0.625,58.5,1,58.5c0.046,0,0.092-0.003,0.139-0.01\n\tc0.405-0.057,9.813-1.411,16.618-5.339C21.621,54.71,25.737,55.5,30,55.5c16.542,0,30-12.112,30-27S46.542,1.5,30,1.5z M16,32.5\n\tc-2.206,0-4-1.794-4-4s1.794-4,4-4s4,1.794,4,4S18.206,32.5,16,32.5z M30,32.5c-2.206,0-4-1.794-4-4s1.794-4,4-4s4,1.794,4,4\n\tS32.206,32.5,30,32.5z M44,32.5c-2.206,0-4-1.794-4-4s1.794-4,4-4s4,1.794,4,4S46.206,32.5,44,32.5z\"\/>\n<\/svg><\/span><\/div><div class=\"testimonial-vcard\"><div class=\"testimonial-name\"><span class=\"text-primary\">Catherine Grimard-Leduc<\/span><br \/><\/div><div class=\"testimonial-position\"><span class=\"text-secondary color-secondary\"> Directrice RH - Les Serres Lefort (maintenant sous le nom de Cultures GEN V INC.) \r\n<\/span><\/div><\/div><\/div><div class=\"testimonial-content\">\n<p>Faire affaire avec l\u2019\u00e9quipe de Seaborn Immigration, c\u2019est s\u2019assurer d\u2019un service professionnel, rapide et courtois ou les gens sont toujours pr\u00eats \u00e0 vous aider et \u00e0 vous revenir avec des solutions concr\u00e8tes et efficaces qui r\u00e9pondent \u00e0 vos besoins.<\/p>\n<\/div><\/div><\/div><div class=\"visible wf-cell iso-item\" data-post-id=\"291\" data-date=\"2017-01-30T17:44:15-05:00\" data-name=\"Maude Paquin\"><div class=\"testimonial-item post visible\"><div class=\"testimonial-author\"><div class=\"testimonial-avatar\"><span class=\"testim-no-avatar\"><svg version=\"1.1\" xmlns=\"http:\/\/www.w3.org\/2000\/svg\" width=\"80\" height=\"80\" xmlns:xlink=\"http:\/\/www.w3.org\/1999\/xlink\" x=\"0px\" y=\"0px\"\n\t viewBox=\"0 0 60 60\" style=\"enable-background:new 0 0 60 60;\" xml:space=\"preserve\">\n<path d=\"M30,1.5c-16.542,0-30,12.112-30,27c0,5.204,1.646,10.245,4.768,14.604c-0.591,6.537-2.175,11.39-4.475,13.689\n\tc-0.304,0.304-0.38,0.769-0.188,1.153C0.275,58.289,0.625,58.5,1,58.5c0.046,0,0.092-0.003,0.139-0.01\n\tc0.405-0.057,9.813-1.411,16.618-5.339C21.621,54.71,25.737,55.5,30,55.5c16.542,0,30-12.112,30-27S46.542,1.5,30,1.5z M16,32.5\n\tc-2.206,0-4-1.794-4-4s1.794-4,4-4s4,1.794,4,4S18.206,32.5,16,32.5z M30,32.5c-2.206,0-4-1.794-4-4s1.794-4,4-4s4,1.794,4,4\n\tS32.206,32.5,30,32.5z M44,32.5c-2.206,0-4-1.794-4-4s1.794-4,4-4s4,1.794,4,4S46.206,32.5,44,32.5z\"\/>\n<\/svg><\/span><\/div><div class=\"testimonial-vcard\"><div class=\"testimonial-name\"><span class=\"text-primary\">Maude Paquin<\/span><br \/><\/div><div class=\"testimonial-position\"><span class=\"text-secondary color-secondary\">Conseill\u00e8re en ressources humaines - Service Alimentaire Gordon<\/span><\/div><\/div><\/div><div class=\"testimonial-content\"><p><span style=\"font-weight: 400;\">Nous sommes toujours tr\u00e8s satisfaits du travail effectu\u00e9 par l\u2019\u00e9quipe de Seaborn Immigration. \u00c7a fait plusieurs ann\u00e9es qu\u2019on travaille en partenariat et les r\u00e9sultats sont toujours ceux escompt\u00e9s. L&rsquo;\u00e9quipe est disponible et r\u00e9pond \u00e0 toutes nos questions rapidement. Leurs conseils sont toujours pr\u00e9cieux et judicieux.<\/span><\/p>\n\n\n<p><\/p>\n<\/div><\/div><\/div><div class=\"visible wf-cell iso-item\" data-post-id=\"293\" data-date=\"2016-01-30T18:08:11-05:00\" data-name=\"Josianne Taillon\"><div class=\"testimonial-item post visible\"><div class=\"testimonial-author\"><div class=\"testimonial-avatar\"><span class=\"testim-no-avatar\"><svg version=\"1.1\" xmlns=\"http:\/\/www.w3.org\/2000\/svg\" width=\"80\" height=\"80\" xmlns:xlink=\"http:\/\/www.w3.org\/1999\/xlink\" x=\"0px\" y=\"0px\"\n\t viewBox=\"0 0 60 60\" style=\"enable-background:new 0 0 60 60;\" xml:space=\"preserve\">\n<path d=\"M30,1.5c-16.542,0-30,12.112-30,27c0,5.204,1.646,10.245,4.768,14.604c-0.591,6.537-2.175,11.39-4.475,13.689\n\tc-0.304,0.304-0.38,0.769-0.188,1.153C0.275,58.289,0.625,58.5,1,58.5c0.046,0,0.092-0.003,0.139-0.01\n\tc0.405-0.057,9.813-1.411,16.618-5.339C21.621,54.71,25.737,55.5,30,55.5c16.542,0,30-12.112,30-27S46.542,1.5,30,1.5z M16,32.5\n\tc-2.206,0-4-1.794-4-4s1.794-4,4-4s4,1.794,4,4S18.206,32.5,16,32.5z M30,32.5c-2.206,0-4-1.794-4-4s1.794-4,4-4s4,1.794,4,4\n\tS32.206,32.5,30,32.5z M44,32.5c-2.206,0-4-1.794-4-4s1.794-4,4-4s4,1.794,4,4S46.206,32.5,44,32.5z\"\/>\n<\/svg><\/span><\/div><div class=\"testimonial-vcard\"><div class=\"testimonial-name\"><span class=\"text-primary\">Josianne Taillon<\/span><br \/><\/div><div class=\"testimonial-position\"><span class=\"text-secondary color-secondary\">Directrice des ressources humaines - Usihome - Structures Usin\u00e9es<\/span><\/div><\/div><\/div><div class=\"testimonial-content\"><p><span style=\"font-weight: 400;\">Je travaille avec Katia depuis d\u00e9j\u00e0 plusieurs ann\u00e9es pour faire nos demandes de travailleurs \u00e9trangers temporaires. Elle offre un service exceptionnel. L\u2019\u00e9quipe r\u00e9pond rapidement \u00e0 nos questions et je sens que mes dossiers sont pris en charge et sont importants. Leur travail est tr\u00e8s professionnel. L\u2019\u00e9quipe est toujours disponible pour m\u2019aider et je suis fi\u00e8re de les compter comme alli\u00e9s.<\/span><\/p>\n<\/div><\/div><\/div><div class=\"visible wf-cell iso-item\" data-post-id=\"292\" data-date=\"2016-01-30T18:03:33-05:00\" data-name=\"Caroline Dufresne\"><div class=\"testimonial-item post visible\"><div class=\"testimonial-author\"><div class=\"testimonial-avatar\"><span class=\"testim-no-avatar\"><svg version=\"1.1\" xmlns=\"http:\/\/www.w3.org\/2000\/svg\" width=\"80\" height=\"80\" xmlns:xlink=\"http:\/\/www.w3.org\/1999\/xlink\" x=\"0px\" y=\"0px\"\n\t viewBox=\"0 0 60 60\" style=\"enable-background:new 0 0 60 60;\" xml:space=\"preserve\">\n<path d=\"M30,1.5c-16.542,0-30,12.112-30,27c0,5.204,1.646,10.245,4.768,14.604c-0.591,6.537-2.175,11.39-4.475,13.689\n\tc-0.304,0.304-0.38,0.769-0.188,1.153C0.275,58.289,0.625,58.5,1,58.5c0.046,0,0.092-0.003,0.139-0.01\n\tc0.405-0.057,9.813-1.411,16.618-5.339C21.621,54.71,25.737,55.5,30,55.5c16.542,0,30-12.112,30-27S46.542,1.5,30,1.5z M16,32.5\n\tc-2.206,0-4-1.794-4-4s1.794-4,4-4s4,1.794,4,4S18.206,32.5,16,32.5z M30,32.5c-2.206,0-4-1.794-4-4s1.794-4,4-4s4,1.794,4,4\n\tS32.206,32.5,30,32.5z M44,32.5c-2.206,0-4-1.794-4-4s1.794-4,4-4s4,1.794,4,4S46.206,32.5,44,32.5z\"\/>\n<\/svg><\/span><\/div><div class=\"testimonial-vcard\"><div class=\"testimonial-name\"><span class=\"text-primary\">Caroline Dufresne<\/span><br \/><\/div><div class=\"testimonial-position\"><span class=\"text-secondary color-secondary\">Directrice des ressources humaines - Les Viandes Lacroix<\/span><\/div><\/div><\/div><div class=\"testimonial-content\"><p><span style=\"font-weight: 400;\">\u00c7a fait plusieurs ann\u00e9es que nous travaillons en collaboration avec l\u2019\u00e9quipe de Katia pour nos dossiers de travailleurs \u00e9trangers temporaires. L\u2019\u00e9quipe donne un service hors pair, une expertise et des conseils au-del\u00e0 de nos attentes dans la gestion de nos dossiers !<\/span><\/p>\n<\/div><\/div><\/div><\/div><!-- iso-container|iso-grid --><\/div>[\/vc_column][\/vc_row]<\/p>\n<\/div>","protected":false},"excerpt":{"rendered":"<p>[vc_row][vc_column el_class=\u00a0\u00bbtestimonial-page\u00a0\u00bb][\/vc_column][\/vc_row]<\/p>\n","protected":false},"author":12,"featured_media":0,"parent":0,"menu_order":0,"comment_status":"closed","ping_status":"closed","template":"","meta":{"_acf_changed":false,"footnotes":""},"class_list":["post-29898","page","type-page","status-publish","hentry","description-off"],"acf":[],"yoast_head":"<!-- This site is optimized with the Yoast SEO plugin v27.1.1 - https:\/\/yoast.com\/product\/yoast-seo-wordpress\/ -->\n<title>D\u00e9couvrez les T\u00e9moignages de Clients Seaborn Immigration<\/title>\n<meta name=\"description\" content=\"Lisez les t\u00e9moignages de nos clients et d\u00e9couvrez l&#039;impact de nos services.\" \/>\n<meta name=\"robots\" content=\"index, follow, max-snippet:-1, max-image-preview:large, max-video-preview:-1\" \/>\n<link rel=\"canonical\" href=\"https:\/\/seaborn-immigration.ca\/fr\/temoignages\/\" \/>\n<meta property=\"og:locale\" content=\"fr_FR\" \/>\n<meta property=\"og:type\" content=\"article\" \/>\n<meta property=\"og:title\" content=\"D\u00e9couvrez les T\u00e9moignages de Clients Seaborn Immigration\" \/>\n<meta property=\"og:description\" content=\"Lisez les t\u00e9moignages de nos clients et d\u00e9couvrez l&#039;impact de nos services.\" \/>\n<meta property=\"og:url\" content=\"https:\/\/seaborn-immigration.ca\/fr\/temoignages\/\" \/>\n<meta property=\"og:site_name\" content=\"Seaborn Immigration\" \/>\n<meta property=\"article:modified_time\" content=\"2025-07-22T16:01:51+00:00\" \/>\n<meta name=\"twitter:card\" content=\"summary_large_image\" \/>\n<meta name=\"twitter:label1\" content=\"Dur\u00e9e de lecture estim\u00e9e\" \/>\n\t<meta name=\"twitter:data1\" content=\"1 minute\" \/>\n<!-- \/ Yoast SEO plugin. -->","yoast_head_json":{"title":"D\u00e9couvrez les T\u00e9moignages de Clients Seaborn Immigration","description":"Lisez les t\u00e9moignages de nos clients et d\u00e9couvrez l'impact de nos services.","robots":{"index":"index","follow":"follow","max-snippet":"max-snippet:-1","max-image-preview":"max-image-preview:large","max-video-preview":"max-video-preview:-1"},"canonical":"https:\/\/seaborn-immigration.ca\/fr\/temoignages\/","og_locale":"fr_FR","og_type":"article","og_title":"D\u00e9couvrez les T\u00e9moignages de Clients Seaborn Immigration","og_description":"Lisez les t\u00e9moignages de nos clients et d\u00e9couvrez l'impact de nos services.","og_url":"https:\/\/seaborn-immigration.ca\/fr\/temoignages\/","og_site_name":"Seaborn Immigration","article_modified_time":"2025-07-22T16:01:51+00:00","twitter_card":"summary_large_image","twitter_misc":{"Dur\u00e9e de lecture estim\u00e9e":"1 minute"},"schema":{"@context":"https:\/\/schema.org","@graph":[{"@type":"Article","@id":"https:\/\/seaborn-immigration.ca\/fr\/temoignages\/#article","isPartOf":{"@id":"https:\/\/seaborn-immigration.ca\/fr\/temoignages\/"},"author":{"name":"Katia Seaborn","@id":"https:\/\/seaborn-immigration.ca\/fr\/#\/schema\/person\/d7395a202dffffdf9510b59069cc031e"},"headline":"T\u00e9moignages","datePublished":"2023-06-06T20:23:41+00:00","dateModified":"2025-07-22T16:01:51+00:00","mainEntityOfPage":{"@id":"https:\/\/seaborn-immigration.ca\/fr\/temoignages\/"},"wordCount":60,"publisher":{"@id":"https:\/\/seaborn-immigration.ca\/fr\/#organization"},"inLanguage":"fr-FR"},{"@type":"WebPage","@id":"https:\/\/seaborn-immigration.ca\/fr\/temoignages\/","url":"https:\/\/seaborn-immigration.ca\/fr\/temoignages\/","name":"D\u00e9couvrez les T\u00e9moignages de Clients Seaborn Immigration","isPartOf":{"@id":"https:\/\/seaborn-immigration.ca\/fr\/#website"},"datePublished":"2023-06-06T20:23:41+00:00","dateModified":"2025-07-22T16:01:51+00:00","description":"Lisez les t\u00e9moignages de nos clients et d\u00e9couvrez l'impact de nos services.","breadcrumb":{"@id":"https:\/\/seaborn-immigration.ca\/fr\/temoignages\/#breadcrumb"},"inLanguage":"fr-FR","potentialAction":[{"@type":"ReadAction","target":["https:\/\/seaborn-immigration.ca\/fr\/temoignages\/"]}]},{"@type":"BreadcrumbList","@id":"https:\/\/seaborn-immigration.ca\/fr\/temoignages\/#breadcrumb","itemListElement":[{"@type":"ListItem","position":1,"name":"Accueil","item":"https:\/\/seaborn-immigration.ca\/fr\/"},{"@type":"ListItem","position":2,"name":"T\u00e9moignages"}]},{"@type":"WebSite","@id":"https:\/\/seaborn-immigration.ca\/fr\/#website","url":"https:\/\/seaborn-immigration.ca\/fr\/","name":"Seaborn Immigration","description":"Sp\u00e9cialiste en recrutement international","publisher":{"@id":"https:\/\/seaborn-immigration.ca\/fr\/#organization"},"potentialAction":[{"@type":"SearchAction","target":{"@type":"EntryPoint","urlTemplate":"https:\/\/seaborn-immigration.ca\/fr\/?s={search_term_string}"},"query-input":{"@type":"PropertyValueSpecification","valueRequired":true,"valueName":"search_term_string"}}],"inLanguage":"fr-FR"},{"@type":"Organization","@id":"https:\/\/seaborn-immigration.ca\/fr\/#organization","name":"Sp\u00e9cialiste en recrutement international","url":"https:\/\/seaborn-immigration.ca\/fr\/","logo":{"@type":"ImageObject","inLanguage":"fr-FR","@id":"https:\/\/seaborn-immigration.ca\/fr\/#\/schema\/logo\/image\/","url":"https:\/\/seaborn-immigration.ca\/wp-content\/uploads\/2023\/05\/KS-Immigration-e1686083649395.png","contentUrl":"https:\/\/seaborn-immigration.ca\/wp-content\/uploads\/2023\/05\/KS-Immigration-e1686083649395.png","width":150,"height":129,"caption":"Sp\u00e9cialiste en recrutement international"},"image":{"@id":"https:\/\/seaborn-immigration.ca\/fr\/#\/schema\/logo\/image\/"}},{"@type":"Person","@id":"https:\/\/seaborn-immigration.ca\/fr\/#\/schema\/person\/d7395a202dffffdf9510b59069cc031e","name":"Katia Seaborn","image":{"@type":"ImageObject","inLanguage":"fr-FR","@id":"https:\/\/seaborn-immigration.ca\/fr\/#\/schema\/person\/image\/","url":"https:\/\/secure.gravatar.com\/avatar\/db15f0542f3af1994ab4f2e3219ee0668bfc7217eeeb23c3ff4152d54e668b28?s=96&d=mm&r=g","contentUrl":"https:\/\/secure.gravatar.com\/avatar\/db15f0542f3af1994ab4f2e3219ee0668bfc7217eeeb23c3ff4152d54e668b28?s=96&d=mm&r=g","caption":"Katia Seaborn"}}]}},"_links":{"self":[{"href":"https:\/\/seaborn-immigration.ca\/fr\/wp-json\/wp\/v2\/pages\/29898","targetHints":{"allow":["GET"]}}],"collection":[{"href":"https:\/\/seaborn-immigration.ca\/fr\/wp-json\/wp\/v2\/pages"}],"about":[{"href":"https:\/\/seaborn-immigration.ca\/fr\/wp-json\/wp\/v2\/types\/page"}],"author":[{"embeddable":true,"href":"https:\/\/seaborn-immigration.ca\/fr\/wp-json\/wp\/v2\/users\/12"}],"replies":[{"embeddable":true,"href":"https:\/\/seaborn-immigration.ca\/fr\/wp-json\/wp\/v2\/comments?post=29898"}],"version-history":[{"count":0,"href":"https:\/\/seaborn-immigration.ca\/fr\/wp-json\/wp\/v2\/pages\/29898\/revisions"}],"wp:attachment":[{"href":"https:\/\/seaborn-immigration.ca\/fr\/wp-json\/wp\/v2\/media?parent=29898"}],"curies":[{"name":"wp","href":"https:\/\/api.w.org\/{rel}","templated":true}]}}