{"id":29900,"date":"2023-06-06T16:24:21","date_gmt":"2023-06-06T20:24:21","guid":{"rendered":"https:\/\/seaborn-immigration.ca\/?page_id=29900"},"modified":"2024-05-03T09:56:16","modified_gmt":"2024-05-03T13:56:16","slug":"politique-de-confidentialite-conditions-dutilisation","status":"publish","type":"page","link":"https:\/\/seaborn-immigration.ca\/fr\/politique-de-confidentialite-conditions-dutilisation\/","title":{"rendered":"Politique de Confidentialit\u00e9 \/ Conditions d&rsquo;Utilisation"},"content":{"rendered":"<div class=\"wpb-content-wrapper\"><p>[vc_row equal_height=\u00a0\u00bbyes\u00a0\u00bb content_placement=\u00a0\u00bbmiddle\u00a0\u00bb bg_type=\u00a0\u00bbbg_color\u00a0\u00bb bg_override=\u00a0\u00bbex-full\u00a0\u00bb type=\u00a0\u00bbvc_default\u00a0\u00bb][vc_column offset=\u00a0\u00bbvc_col-lg-12 vc_col-md-12&Prime;]<div class=\"aio-icon-component  vc_custom_1686851840149  accent-icon-color style_1\"><div id=\"Info-box-wrap-1348\" class=\"aio-icon-box left-icon\" style=\"\"  ><div class=\"aio-icon-left\"><div class=\"ult-just-icon-wrapper  \"><div class=\"align-icon\" style=\"text-align:center;\">\n<div class=\"aio-icon none \"  style=\"font-size:32px;display:inline-block;\">\n\t<i class=\"icomoon-numbers-32x32-number\"><\/i>\n<\/div><\/div><\/div><\/div><div class=\"aio-ibd-block\"><div class=\"aio-icon-description ult-responsive\"  data-ultimate-target='#Info-box-wrap-1348 .aio-icon-description'  data-responsive-json-new='{\"font-size\":\"\",\"line-height\":\"\"}'  style=\"\"><b>Politique de confidentialit\u00e9<\/b><\/p>\n<p><span style=\"font-weight: 400;\">Chez Seaborn Immigration, nous prenons la protection de vos donn\u00e9es tr\u00e8s au s\u00e9rieux. Cette politique de confidentialit\u00e9 d\u00e9crit comment nous collectons, utilisons, conservons et prot\u00e9geons vos informations personnelles lorsque vous utilisez notre site Web.<\/span><\/div> <!-- description --><\/div> <!-- aio-ibd-block --><\/div> <!-- aio-icon-box --><\/div> <!-- aio-icon-component --><div class=\"aio-icon-component  vc_custom_1686851868584  accent-icon-color style_1\"><div id=\"Info-box-wrap-1107\" class=\"aio-icon-box left-icon\" style=\"\"  ><div class=\"aio-icon-left\"><div class=\"ult-just-icon-wrapper  \"><div class=\"align-icon\" style=\"text-align:center;\">\n<div class=\"aio-icon none \"  style=\"font-size:32px;display:inline-block;\">\n\t<i class=\"icomoon-numbers-32x32-number2\"><\/i>\n<\/div><\/div><\/div><\/div><div class=\"aio-ibd-block\"><div class=\"aio-icon-description ult-responsive\"  data-ultimate-target='#Info-box-wrap-1107 .aio-icon-description'  data-responsive-json-new='{\"font-size\":\"\",\"line-height\":\"\"}'  style=\"\"><b>Collecte d&rsquo;informations<\/b><\/p>\n<p><span style=\"font-weight: 400;\">Lorsque vous utilisez notre site Web, nous pouvons collecter des informations \u00e0 votre sujet, y compris, mais sans s&rsquo;y limiter, votre nom, votre adresse, votre adresse e-mail, votre num\u00e9ro de t\u00e9l\u00e9phone et d&rsquo;autres informations que vous nous fournissez en remplissant des formulaires sur notre site Web.<\/span><\/div> <!-- description --><\/div> <!-- aio-ibd-block --><\/div> <!-- aio-icon-box --><\/div> <!-- aio-icon-component --><div class=\"aio-icon-component  vc_custom_1686851896048  accent-icon-color style_1\"><div id=\"Info-box-wrap-3946\" class=\"aio-icon-box left-icon\" style=\"\"  ><div class=\"aio-icon-left\"><div class=\"ult-just-icon-wrapper  \"><div class=\"align-icon\" style=\"text-align:center;\">\n<div class=\"aio-icon none \"  style=\"font-size:32px;display:inline-block;\">\n\t<i class=\"icomoon-numbers-32x32-number3\"><\/i>\n<\/div><\/div><\/div><\/div><div class=\"aio-ibd-block\"><div class=\"aio-icon-description ult-responsive\"  data-ultimate-target='#Info-box-wrap-3946 .aio-icon-description'  data-responsive-json-new='{\"font-size\":\"\",\"line-height\":\"\"}'  style=\"\"><b>Utilisation des informations<\/b><\/p>\n<p><span style=\"font-weight: 400;\">Nous utilisons vos informations pour r\u00e9pondre \u00e0 vos demandes, vous fournir nos services, am\u00e9liorer notre site Web et respecter nos obligations l\u00e9gales et r\u00e9glementaires.<\/span><\/div> <!-- description --><\/div> <!-- aio-ibd-block --><\/div> <!-- aio-icon-box --><\/div> <!-- aio-icon-component --><div class=\"aio-icon-component  vc_custom_1686851934073  accent-icon-color style_1\"><div id=\"Info-box-wrap-5242\" class=\"aio-icon-box left-icon\" style=\"\"  ><div class=\"aio-icon-left\"><div class=\"ult-just-icon-wrapper  \"><div class=\"align-icon\" style=\"text-align:center;\">\n<div class=\"aio-icon none \"  style=\"font-size:32px;display:inline-block;\">\n\t<i class=\"icomoon-numbers-32x32-number4\"><\/i>\n<\/div><\/div><\/div><\/div><div class=\"aio-ibd-block\"><div class=\"aio-icon-description ult-responsive\"  data-ultimate-target='#Info-box-wrap-5242 .aio-icon-description'  data-responsive-json-new='{\"font-size\":\"\",\"line-height\":\"\"}'  style=\"\"><b>Protection des informations<\/b><\/p>\n<p><span style=\"font-weight: 400;\">Nous avons mis en place des mesures de s\u00e9curit\u00e9 techniques et organisationnelles appropri\u00e9es pour prot\u00e9ger vos informations personnelles contre la perte, l&rsquo;usage abusif, l&rsquo;alt\u00e9ration et l&rsquo;acc\u00e8s non autoris\u00e9.<\/span><\/div> <!-- description --><\/div> <!-- aio-ibd-block --><\/div> <!-- aio-icon-box --><\/div> <!-- aio-icon-component -->[\/vc_column][\/vc_row]<\/p>\n<\/div>","protected":false},"excerpt":{"rendered":"<p>[vc_row equal_height=\u00a0\u00bbyes\u00a0\u00bb content_placement=\u00a0\u00bbmiddle\u00a0\u00bb bg_type=\u00a0\u00bbbg_color\u00a0\u00bb bg_override=\u00a0\u00bbex-full\u00a0\u00bb type=\u00a0\u00bbvc_default\u00a0\u00bb][vc_column offset=\u00a0\u00bbvc_col-lg-12 vc_col-md-12&Prime;][\/vc_column][\/vc_row]<\/p>\n","protected":false},"author":12,"featured_media":0,"parent":0,"menu_order":0,"comment_status":"closed","ping_status":"closed","template":"","meta":{"_acf_changed":false,"footnotes":""},"class_list":["post-29900","page","type-page","status-publish","hentry","description-off"],"acf":[],"yoast_head":"<!-- This site is optimized with the Yoast SEO plugin v27.1.1 - https:\/\/yoast.com\/product\/yoast-seo-wordpress\/ -->\n<title>Respect de la Vie Priv\u00e9e et S\u00e9curit\u00e9 des Donn\u00e9es<\/title>\n<meta name=\"description\" content=\"Engagement envers la protection des donn\u00e9es personnelles et la confidentialit\u00e9.\" \/>\n<meta name=\"robots\" content=\"index, follow, max-snippet:-1, max-image-preview:large, max-video-preview:-1\" \/>\n<link rel=\"canonical\" href=\"https:\/\/seaborn-immigration.ca\/fr\/politique-de-confidentialite-conditions-dutilisation\/\" \/>\n<meta property=\"og:locale\" content=\"fr_FR\" \/>\n<meta property=\"og:type\" content=\"article\" \/>\n<meta property=\"og:title\" content=\"Respect de la Vie Priv\u00e9e et S\u00e9curit\u00e9 des Donn\u00e9es\" \/>\n<meta property=\"og:description\" content=\"Engagement envers la protection des donn\u00e9es personnelles et la confidentialit\u00e9.\" \/>\n<meta property=\"og:url\" content=\"https:\/\/seaborn-immigration.ca\/fr\/politique-de-confidentialite-conditions-dutilisation\/\" \/>\n<meta property=\"og:site_name\" content=\"Seaborn Immigration\" \/>\n<meta property=\"article:modified_time\" content=\"2024-05-03T13:56:16+00:00\" \/>\n<meta name=\"twitter:card\" content=\"summary_large_image\" \/>\n<meta name=\"twitter:label1\" content=\"Dur\u00e9e de lecture estim\u00e9e\" \/>\n\t<meta name=\"twitter:data1\" content=\"1 minute\" \/>\n<!-- \/ Yoast SEO plugin. -->","yoast_head_json":{"title":"Respect de la Vie Priv\u00e9e et S\u00e9curit\u00e9 des Donn\u00e9es","description":"Engagement envers la protection des donn\u00e9es personnelles et la confidentialit\u00e9.","robots":{"index":"index","follow":"follow","max-snippet":"max-snippet:-1","max-image-preview":"max-image-preview:large","max-video-preview":"max-video-preview:-1"},"canonical":"https:\/\/seaborn-immigration.ca\/fr\/politique-de-confidentialite-conditions-dutilisation\/","og_locale":"fr_FR","og_type":"article","og_title":"Respect de la Vie Priv\u00e9e et S\u00e9curit\u00e9 des Donn\u00e9es","og_description":"Engagement envers la protection des donn\u00e9es personnelles et la confidentialit\u00e9.","og_url":"https:\/\/seaborn-immigration.ca\/fr\/politique-de-confidentialite-conditions-dutilisation\/","og_site_name":"Seaborn Immigration","article_modified_time":"2024-05-03T13:56:16+00:00","twitter_card":"summary_large_image","twitter_misc":{"Dur\u00e9e de lecture estim\u00e9e":"1 minute"},"schema":{"@context":"https:\/\/schema.org","@graph":[{"@type":"Article","@id":"https:\/\/seaborn-immigration.ca\/fr\/politique-de-confidentialite-conditions-dutilisation\/#article","isPartOf":{"@id":"https:\/\/seaborn-immigration.ca\/fr\/politique-de-confidentialite-conditions-dutilisation\/"},"author":{"name":"Katia Seaborn","@id":"https:\/\/seaborn-immigration.ca\/fr\/#\/schema\/person\/d7395a202dffffdf9510b59069cc031e"},"headline":"Politique de Confidentialit\u00e9 \/ Conditions d&rsquo;Utilisation","datePublished":"2023-06-06T20:24:21+00:00","dateModified":"2024-05-03T13:56:16+00:00","mainEntityOfPage":{"@id":"https:\/\/seaborn-immigration.ca\/fr\/politique-de-confidentialite-conditions-dutilisation\/"},"wordCount":284,"publisher":{"@id":"https:\/\/seaborn-immigration.ca\/fr\/#organization"},"inLanguage":"fr-FR"},{"@type":"WebPage","@id":"https:\/\/seaborn-immigration.ca\/fr\/politique-de-confidentialite-conditions-dutilisation\/","url":"https:\/\/seaborn-immigration.ca\/fr\/politique-de-confidentialite-conditions-dutilisation\/","name":"Respect de la Vie Priv\u00e9e et S\u00e9curit\u00e9 des Donn\u00e9es","isPartOf":{"@id":"https:\/\/seaborn-immigration.ca\/fr\/#website"},"datePublished":"2023-06-06T20:24:21+00:00","dateModified":"2024-05-03T13:56:16+00:00","description":"Engagement envers la protection des donn\u00e9es personnelles et la confidentialit\u00e9.","breadcrumb":{"@id":"https:\/\/seaborn-immigration.ca\/fr\/politique-de-confidentialite-conditions-dutilisation\/#breadcrumb"},"inLanguage":"fr-FR","potentialAction":[{"@type":"ReadAction","target":["https:\/\/seaborn-immigration.ca\/fr\/politique-de-confidentialite-conditions-dutilisation\/"]}]},{"@type":"BreadcrumbList","@id":"https:\/\/seaborn-immigration.ca\/fr\/politique-de-confidentialite-conditions-dutilisation\/#breadcrumb","itemListElement":[{"@type":"ListItem","position":1,"name":"Accueil","item":"https:\/\/seaborn-immigration.ca\/fr\/"},{"@type":"ListItem","position":2,"name":"Politique de Confidentialit\u00e9 \/ Conditions d&rsquo;Utilisation"}]},{"@type":"WebSite","@id":"https:\/\/seaborn-immigration.ca\/fr\/#website","url":"https:\/\/seaborn-immigration.ca\/fr\/","name":"Seaborn Immigration","description":"Sp\u00e9cialiste en recrutement international","publisher":{"@id":"https:\/\/seaborn-immigration.ca\/fr\/#organization"},"potentialAction":[{"@type":"SearchAction","target":{"@type":"EntryPoint","urlTemplate":"https:\/\/seaborn-immigration.ca\/fr\/?s={search_term_string}"},"query-input":{"@type":"PropertyValueSpecification","valueRequired":true,"valueName":"search_term_string"}}],"inLanguage":"fr-FR"},{"@type":"Organization","@id":"https:\/\/seaborn-immigration.ca\/fr\/#organization","name":"Sp\u00e9cialiste en recrutement international","url":"https:\/\/seaborn-immigration.ca\/fr\/","logo":{"@type":"ImageObject","inLanguage":"fr-FR","@id":"https:\/\/seaborn-immigration.ca\/fr\/#\/schema\/logo\/image\/","url":"https:\/\/seaborn-immigration.ca\/wp-content\/uploads\/2023\/05\/KS-Immigration-e1686083649395.png","contentUrl":"https:\/\/seaborn-immigration.ca\/wp-content\/uploads\/2023\/05\/KS-Immigration-e1686083649395.png","width":150,"height":129,"caption":"Sp\u00e9cialiste en recrutement international"},"image":{"@id":"https:\/\/seaborn-immigration.ca\/fr\/#\/schema\/logo\/image\/"}},{"@type":"Person","@id":"https:\/\/seaborn-immigration.ca\/fr\/#\/schema\/person\/d7395a202dffffdf9510b59069cc031e","name":"Katia Seaborn","image":{"@type":"ImageObject","inLanguage":"fr-FR","@id":"https:\/\/seaborn-immigration.ca\/fr\/#\/schema\/person\/image\/","url":"https:\/\/secure.gravatar.com\/avatar\/db15f0542f3af1994ab4f2e3219ee0668bfc7217eeeb23c3ff4152d54e668b28?s=96&d=mm&r=g","contentUrl":"https:\/\/secure.gravatar.com\/avatar\/db15f0542f3af1994ab4f2e3219ee0668bfc7217eeeb23c3ff4152d54e668b28?s=96&d=mm&r=g","caption":"Katia Seaborn"},"sameAs":["https:\/\/x.com\/Seaborn-staff-1"]}]}},"_links":{"self":[{"href":"https:\/\/seaborn-immigration.ca\/fr\/wp-json\/wp\/v2\/pages\/29900","targetHints":{"allow":["GET"]}}],"collection":[{"href":"https:\/\/seaborn-immigration.ca\/fr\/wp-json\/wp\/v2\/pages"}],"about":[{"href":"https:\/\/seaborn-immigration.ca\/fr\/wp-json\/wp\/v2\/types\/page"}],"author":[{"embeddable":true,"href":"https:\/\/seaborn-immigration.ca\/fr\/wp-json\/wp\/v2\/users\/12"}],"replies":[{"embeddable":true,"href":"https:\/\/seaborn-immigration.ca\/fr\/wp-json\/wp\/v2\/comments?post=29900"}],"version-history":[{"count":0,"href":"https:\/\/seaborn-immigration.ca\/fr\/wp-json\/wp\/v2\/pages\/29900\/revisions"}],"wp:attachment":[{"href":"https:\/\/seaborn-immigration.ca\/fr\/wp-json\/wp\/v2\/media?parent=29900"}],"curies":[{"name":"wp","href":"https:\/\/api.w.org\/{rel}","templated":true}]}}