{"id":29968,"date":"2023-06-14T14:56:40","date_gmt":"2023-06-14T18:56:40","guid":{"rendered":"https:\/\/seaborn-immigration.ca\/?page_id=29968"},"modified":"2025-07-22T11:57:45","modified_gmt":"2025-07-22T15:57:45","slug":"obtention-de-permis","status":"publish","type":"page","link":"https:\/\/seaborn-immigration.ca\/fr\/recrutement-international-2\/obtention-de-permis\/","title":{"rendered":"Obtention de permis"},"content":{"rendered":"<div class=\"wpb-content-wrapper\"><p>[vc_row type=\u00a0\u00bbvc_default\u00a0\u00bb][vc_column css=\u00a0\u00bb.vc_custom_1498229431694{padding-bottom: 50px !important;}\u00a0\u00bb]<div id=\"ultimate-heading-812169fabaf672c95\" class=\"uvc-heading ult-adjust-bottom-margin ultimate-heading-812169fabaf672c95 uvc-5708 \" data-hspacer=\"no_spacer\"  data-halign=\"left\" style=\"text-align:left\"><div class=\"uvc-heading-spacer no_spacer\" style=\"top\"><\/div><div class=\"uvc-main-heading ult-responsive\"  data-ultimate-target='.uvc-heading.ultimate-heading-812169fabaf672c95 h2'  data-responsive-json-new='{\"font-size\":\"desktop:26px;\",\"line-height\":\"desktop:32px;\"}' ><h2 style=\"font-weight:bold;margin-bottom:20px;\">Processus de demande de permis:<\/h2><\/div><\/div>[vc_column_text]Nous sommes en mesure de guider les employeurs\u00a0 tout au long du processus de demande de permis, en fournissant des conseils personnalis\u00e9s selon les exigences du programme et en prenant en charge\u00a0 la pr\u00e9paration et la soumission des demandes.[\/vc_column_text][\/vc_column][vc_column css=\u00a0\u00bb.vc_custom_1498229445232{padding-bottom: 50px !important;}\u00a0\u00bb]<div id=\"ultimate-heading-776369fabaf672d06\" class=\"uvc-heading ult-adjust-bottom-margin ultimate-heading-776369fabaf672d06 uvc-1201 \" data-hspacer=\"no_spacer\"  data-halign=\"left\" style=\"text-align:left\"><div class=\"uvc-heading-spacer no_spacer\" style=\"top\"><\/div><div class=\"uvc-main-heading ult-responsive\"  data-ultimate-target='.uvc-heading.ultimate-heading-776369fabaf672d06 h2'  data-responsive-json-new='{\"font-size\":\"desktop:26px;\",\"line-height\":\"desktop:32px;\"}' ><h2 style=\"font-weight:bold;margin-bottom:20px;\">Voici les descriptions des diff\u00e9rents permis et visa :<\/h2><\/div><\/div><div class=\"smile_icon_list_wrap ult_info_list_container ult-adjust-bottom-margin service-list  vc_custom_1687889912052\"><ul class=\"smile_icon_list left hexagon\"><li class=\"icon_list_item\" style=\" font-size:60px;\"><div class=\"icon_list_icon\" data-animation=\"\" data-animation-delay=\"03\" style=\"font-size:20px;background:#68349a;color:#ffffff;border-color:#68349a;\"><i class=\"icomoon-the7-font-the7-link-00\" ><\/i><\/div><div class=\"icon_description\" id=\"Info-list-wrap-1937\" style=\"font-size:20px;\"><h3 class=\"ult-responsive info-list-heading\"  data-ultimate-target='#Info-list-wrap-1937 h3'  data-responsive-json-new='{\"font-size\":\"desktop:16px;\",\"line-height\":\"desktop:22px;\"}'  style=\"font-family:&#039;Open Sans Condensed&#039;;font-weight:700;\">Permis de travail ferm\u00e9 pour un travailleur \u00e9tranger temporaire (TET)<\/h3><div class=\"icon_description_text ult-responsive\"  data-ultimate-target='#Info-list-wrap-1937 .icon_description_text'  data-responsive-json-new='{\"font-size\":\"desktop:12px;\",\"line-height\":\"desktop:20px;\"}'  style=\"\"><p>Ce permis permet aux travailleurs \u00e9trangers de venir au Canada pour occuper un emploi sp\u00e9cifique et pour une dur\u00e9e d\u00e9termin\u00e9e. Il est d\u00e9livr\u00e9 par Immigration, R\u00e9fugi\u00e9s et Citoyennet\u00e9 Canada (IRCC) et est\u00a0 li\u00e9 \u00e0 un employeur sp\u00e9cifique canadien.<\/p>\n<\/div><\/div><div class=\"icon_list_connector\"  style=\"border-right-width: 1px;border-right-style: dashed;border-color: #68349a;\"><\/div><\/li><li class=\"icon_list_item\" style=\" font-size:60px;\"><div class=\"icon_list_icon\" data-animation=\"\" data-animation-delay=\"03\" style=\"font-size:20px;background:#68349a;color:#ffffff;border-color:#68349a;\"><i class=\"fas fa-user-check\" ><\/i><\/div><div class=\"icon_description\" id=\"Info-list-wrap-8671\" style=\"font-size:20px;\"><h3 class=\"ult-responsive info-list-heading\"  data-ultimate-target='#Info-list-wrap-8671 h3'  data-responsive-json-new='{\"font-size\":\"desktop:16px;\",\"line-height\":\"desktop:22px;\"}'  style=\"font-family:&#039;Open Sans Condensed&#039;;font-weight:700;\">Demande de visa ou Attestation de Voyage \u00c9lectronique (AVE)<\/h3><div class=\"icon_description_text ult-responsive\"  data-ultimate-target='#Info-list-wrap-8671 .icon_description_text'  data-responsive-json-new='{\"font-size\":\"desktop:12px;\",\"line-height\":\"desktop:20px;\"}'  style=\"\"><p>Dans certains cas, les ressortissants \u00e9trangers doivent obtenir un visa de visiteur en plus d&rsquo;un permis de travail pour entrer au Canada. Le visa est un document de voyage d\u00e9livr\u00e9 par l&rsquo;ambassade canadienne dans le pays d&rsquo;origine du demandeur et il est n\u00e9cessaire pour entrer au Canada. Ceux qui n\u2019ont pas besoin de visa ont g\u00e9n\u00e9ralement besoin d\u2019une Attestation de voyage \u00c9lectronique (AVE)<\/p>\n<\/div><\/div><div class=\"icon_list_connector\"  style=\"border-right-width: 1px;border-right-style: dashed;border-color: #68349a;\"><\/div><\/li><li class=\"icon_list_item\" style=\" font-size:60px;\"><div class=\"icon_list_icon\" data-animation=\"\" data-animation-delay=\"03\" style=\"font-size:20px;background:#68349a;color:#ffffff;border-color:#68349a;\"><i class=\"fas fa-file-contract\" ><\/i><\/div><div class=\"icon_description\" id=\"Info-list-wrap-9512\" style=\"font-size:20px;\"><h3 class=\"ult-responsive info-list-heading\"  data-ultimate-target='#Info-list-wrap-9512 h3'  data-responsive-json-new='{\"font-size\":\"desktop:16px;\",\"line-height\":\"desktop:22px;\"}'  style=\"font-family:&#039;Open Sans Condensed&#039;;font-weight:700;\">Permis de travail ouvert pour conjoint<\/h3><div class=\"icon_description_text ult-responsive\"  data-ultimate-target='#Info-list-wrap-9512 .icon_description_text'  data-responsive-json-new='{\"font-size\":\"desktop:12px;\",\"line-height\":\"desktop:20px;\"}'  style=\"\"><p>Ce permis permet au conjoint ou conjointe de fait d&rsquo;un Travailleur \u00c9tranger Temporaire (TET) d\u2018obtenir un permis de travail lui permettant de travailler pour l\u2019entreprise de son choix pour la m\u00eame dur\u00e9e que le permis accord\u00e9 \u00e0 son conjoint ou conjointe.<\/p>\n<\/div><\/div><div class=\"icon_list_connector\"  style=\"border-right-width: 1px;border-right-style: dashed;border-color: #68349a;\"><\/div><\/li><li class=\"icon_list_item\" style=\" font-size:60px;\"><div class=\"icon_list_icon\" data-animation=\"\" data-animation-delay=\"03\" style=\"font-size:20px;background:#68349a;color:#ffffff;border-color:#68349a;\"><i class=\"fas fa-graduation-cap\" ><\/i><\/div><div class=\"icon_description\" id=\"Info-list-wrap-6541\" style=\"font-size:20px;\"><h3 class=\"ult-responsive info-list-heading\"  data-ultimate-target='#Info-list-wrap-6541 h3'  data-responsive-json-new='{\"font-size\":\"desktop:16px;\",\"line-height\":\"desktop:22px;\"}'  style=\"font-family:&#039;Open Sans Condensed&#039;;font-weight:700;\">CAQ d'\u00e9tudes pour les enfants<\/h3><div class=\"icon_description_text ult-responsive\"  data-ultimate-target='#Info-list-wrap-6541 .icon_description_text'  data-responsive-json-new='{\"font-size\":\"desktop:12px;\",\"line-height\":\"desktop:20px;\"}'  style=\"\"><p>Le Certificat d&rsquo;acceptation du Qu\u00e9bec (CAQ) est un document d\u00e9livr\u00e9 par le gouvernement du Qu\u00e9bec pour les \u00e9tudiants internationaux souhaitant \u00e9tudier au Qu\u00e9bec. Il est obligatoire pour obtenir un permis d&rsquo;\u00e9tudes au Canada. Les enfants de plus de 6 ans des travailleurs \u00e9trangers ont besoin d&rsquo;un CAQ d&rsquo;\u00e9tudes pour pouvoir \u00e9tudier au Qu\u00e9bec.<\/p>\n<\/div><\/div><div class=\"icon_list_connector\"  style=\"border-right-width: 1px;border-right-style: dashed;border-color: #68349a;\"><\/div><\/li><\/ul><\/div>[\/vc_column][vc_column offset=\u00a0\u00bbvc_col-lg-12 vc_col-md-12 vc_col-xs-12&Prime;][vc_column_text]Ces permis et documents sont soumis \u00e0 des exigences sp\u00e9cifiques et \u00e0 des proc\u00e9dures de demande distinctes. Il est important de consulter les autorit\u00e9s comp\u00e9tentes et de se conformer aux r\u00e8gles et r\u00e9glementations en vigueur lors de la demande de ces permis.[\/vc_column_text][\/vc_column][\/vc_row][vc_row type=\u00a0\u00bbvc_default\u00a0\u00bb][vc_column css=\u00a0\u00bb.vc_custom_1498229431694{padding-bottom: 50px !important;}\u00a0\u00bb]<div id=\"ultimate-heading-646869fabaf672ff2\" class=\"uvc-heading ult-adjust-bottom-margin ultimate-heading-646869fabaf672ff2 uvc-7862 \" data-hspacer=\"no_spacer\"  data-halign=\"left\" style=\"text-align:left\"><div class=\"uvc-heading-spacer no_spacer\" style=\"top\"><\/div><div class=\"uvc-main-heading ult-responsive\"  data-ultimate-target='.uvc-heading.ultimate-heading-646869fabaf672ff2 h2'  data-responsive-json-new='{\"font-size\":\"desktop:26px;\",\"line-height\":\"desktop:32px;\"}' ><h2 style=\"font-weight:bold;margin-bottom:20px;\">D\u00e9lais de traitement des demandes de permis:<\/h2><\/div><div class=\"uvc-sub-heading ult-responsive\"  data-ultimate-target='.uvc-heading.ultimate-heading-646869fabaf672ff2 .uvc-sub-heading '  data-responsive-json-new='{\"font-size\":\"\",\"line-height\":\"\"}'  style=\"font-weight:normal;\"><span style=\"font-weight: 400;\">Nous comprenons que le temps est essentiel lorsqu&rsquo;il s&rsquo;agit de la demande de permis pour les travailleurs \u00e9trangers. Les d\u00e9lais de traitement des demandes diff\u00e8rent selon le pays d\u2019origine des candidats.<\/span><\/div><\/div>[vc_column_text]Nous sommes en mesure de guider les employeurs\u00a0 tout au long du processus de demande de permis, en fournissant des conseils personnalis\u00e9s selon les exigences du programme et en prenant en charge\u00a0 la pr\u00e9paration et la soumission des demandes.[\/vc_column_text]<div id=\"ultimate-heading-512269fabaf673032\" class=\"uvc-heading ult-adjust-bottom-margin ultimate-heading-512269fabaf673032 uvc-2177 \" data-hspacer=\"no_spacer\"  data-halign=\"left\" style=\"text-align:left\"><div class=\"uvc-heading-spacer no_spacer\" style=\"top\"><\/div><div class=\"uvc-main-heading ult-responsive\"  data-ultimate-target='.uvc-heading.ultimate-heading-512269fabaf673032 h2'  data-responsive-json-new='{\"font-size\":\"desktop:26px;\",\"line-height\":\"desktop:32px;\"}' ><h2 style=\"font-weight:bold;margin-bottom:20px;\">Prolonger ou renouveler les permis:<\/h2><\/div><div class=\"uvc-sub-heading ult-responsive\"  data-ultimate-target='.uvc-heading.ultimate-heading-512269fabaf673032 .uvc-sub-heading '  data-responsive-json-new='{\"font-size\":\"\",\"line-height\":\"\"}'  style=\"font-weight:normal;\"><span style=\"font-weight: 400;\">Nous aidons les entreprises qui ont des travailleurs \u00e9trangers \u00e0\u00a0 renouveler les permis de travail de leurs employ\u00e9s afin qu\u2019il conserve leur statut au Canada.<\/span><\/div><\/div>[vc_column_text]Nous sommes en mesure de guider les employeurs\u00a0 tout au long du processus de demande de permis, en fournissant des conseils personnalis\u00e9s selon les exigences du programme et en prenant en charge\u00a0 la pr\u00e9paration et la soumission des demandes.[\/vc_column_text][\/vc_column][\/vc_row]<\/p>\n<\/div>","protected":false},"excerpt":{"rendered":"<p>[vc_row type=\u00a0\u00bbvc_default\u00a0\u00bb][vc_column css=\u00a0\u00bb.vc_custom_1498229431694{padding-bottom: 50px !important;}\u00a0\u00bb][vc_column_text]Nous sommes en mesure de guider les employeurs\u00a0 tout au long du processus de demande de permis, en fournissant des conseils personnalis\u00e9s selon les exigences du programme et en prenant en charge\u00a0 la pr\u00e9paration et la soumission des demandes.[\/vc_column_text][\/vc_column][vc_column css=\u00a0\u00bb.vc_custom_1498229445232{padding-bottom: 50px !important;}\u00a0\u00bb][\/vc_column][vc_column offset=\u00a0\u00bbvc_col-lg-12 vc_col-md-12 vc_col-xs-12&Prime;][vc_column_text]Ces permis et documents sont soumis \u00e0&hellip;<\/p>\n","protected":false},"author":12,"featured_media":0,"parent":29886,"menu_order":0,"comment_status":"closed","ping_status":"closed","template":"","meta":{"_acf_changed":false,"footnotes":""},"class_list":["post-29968","page","type-page","status-publish","hentry","description-off"],"acf":[],"yoast_head":"<!-- This site is optimized with the Yoast SEO plugin v27.1.1 - https:\/\/yoast.com\/product\/yoast-seo-wordpress\/ -->\n<title>Permis de Travail et Formalit\u00e9s Migratoires<\/title>\n<meta name=\"description\" content=\"Assistance compl\u00e8te pour l&#039;obtention de permis de travail et autres formalit\u00e9s.\" \/>\n<meta name=\"robots\" content=\"index, follow, max-snippet:-1, max-image-preview:large, max-video-preview:-1\" \/>\n<link rel=\"canonical\" href=\"https:\/\/seaborn-immigration.ca\/fr\/recrutement-international-2\/obtention-de-permis\/\" \/>\n<meta property=\"og:locale\" content=\"fr_FR\" \/>\n<meta property=\"og:type\" content=\"article\" \/>\n<meta property=\"og:title\" content=\"Permis de Travail et Formalit\u00e9s Migratoires\" \/>\n<meta property=\"og:description\" content=\"Assistance compl\u00e8te pour l&#039;obtention de permis de travail et autres formalit\u00e9s.\" \/>\n<meta property=\"og:url\" content=\"https:\/\/seaborn-immigration.ca\/fr\/recrutement-international-2\/obtention-de-permis\/\" \/>\n<meta property=\"og:site_name\" content=\"Seaborn Immigration\" \/>\n<meta property=\"article:modified_time\" content=\"2025-07-22T15:57:45+00:00\" \/>\n<meta name=\"twitter:card\" content=\"summary_large_image\" \/>\n<meta name=\"twitter:label1\" content=\"Dur\u00e9e de lecture estim\u00e9e\" \/>\n\t<meta name=\"twitter:data1\" content=\"3 minutes\" \/>\n<!-- \/ Yoast SEO plugin. -->","yoast_head_json":{"title":"Permis de Travail et Formalit\u00e9s Migratoires","description":"Assistance compl\u00e8te pour l'obtention de permis de travail et autres formalit\u00e9s.","robots":{"index":"index","follow":"follow","max-snippet":"max-snippet:-1","max-image-preview":"max-image-preview:large","max-video-preview":"max-video-preview:-1"},"canonical":"https:\/\/seaborn-immigration.ca\/fr\/recrutement-international-2\/obtention-de-permis\/","og_locale":"fr_FR","og_type":"article","og_title":"Permis de Travail et Formalit\u00e9s Migratoires","og_description":"Assistance compl\u00e8te pour l'obtention de permis de travail et autres formalit\u00e9s.","og_url":"https:\/\/seaborn-immigration.ca\/fr\/recrutement-international-2\/obtention-de-permis\/","og_site_name":"Seaborn Immigration","article_modified_time":"2025-07-22T15:57:45+00:00","twitter_card":"summary_large_image","twitter_misc":{"Dur\u00e9e de lecture estim\u00e9e":"3 minutes"},"schema":{"@context":"https:\/\/schema.org","@graph":[{"@type":"Article","@id":"https:\/\/seaborn-immigration.ca\/fr\/recrutement-international-2\/obtention-de-permis\/#article","isPartOf":{"@id":"https:\/\/seaborn-immigration.ca\/fr\/recrutement-international-2\/obtention-de-permis\/"},"author":{"name":"Katia Seaborn","@id":"https:\/\/seaborn-immigration.ca\/fr\/#\/schema\/person\/d7395a202dffffdf9510b59069cc031e"},"headline":"Obtention de permis","datePublished":"2023-06-14T18:56:40+00:00","dateModified":"2025-07-22T15:57:45+00:00","mainEntityOfPage":{"@id":"https:\/\/seaborn-immigration.ca\/fr\/recrutement-international-2\/obtention-de-permis\/"},"wordCount":948,"publisher":{"@id":"https:\/\/seaborn-immigration.ca\/fr\/#organization"},"inLanguage":"fr-FR"},{"@type":"WebPage","@id":"https:\/\/seaborn-immigration.ca\/fr\/recrutement-international-2\/obtention-de-permis\/","url":"https:\/\/seaborn-immigration.ca\/fr\/recrutement-international-2\/obtention-de-permis\/","name":"Permis de Travail et Formalit\u00e9s Migratoires","isPartOf":{"@id":"https:\/\/seaborn-immigration.ca\/fr\/#website"},"datePublished":"2023-06-14T18:56:40+00:00","dateModified":"2025-07-22T15:57:45+00:00","description":"Assistance compl\u00e8te pour l'obtention de permis de travail et autres formalit\u00e9s.","breadcrumb":{"@id":"https:\/\/seaborn-immigration.ca\/fr\/recrutement-international-2\/obtention-de-permis\/#breadcrumb"},"inLanguage":"fr-FR","potentialAction":[{"@type":"ReadAction","target":["https:\/\/seaborn-immigration.ca\/fr\/recrutement-international-2\/obtention-de-permis\/"]}]},{"@type":"BreadcrumbList","@id":"https:\/\/seaborn-immigration.ca\/fr\/recrutement-international-2\/obtention-de-permis\/#breadcrumb","itemListElement":[{"@type":"ListItem","position":1,"name":"Accueil","item":"https:\/\/seaborn-immigration.ca\/fr\/"},{"@type":"ListItem","position":2,"name":"Recrutement International","item":"https:\/\/seaborn-immigration.ca\/fr\/recrutement-international-2\/"},{"@type":"ListItem","position":3,"name":"Obtention de permis"}]},{"@type":"WebSite","@id":"https:\/\/seaborn-immigration.ca\/fr\/#website","url":"https:\/\/seaborn-immigration.ca\/fr\/","name":"Seaborn Immigration","description":"Sp\u00e9cialiste en recrutement international","publisher":{"@id":"https:\/\/seaborn-immigration.ca\/fr\/#organization"},"potentialAction":[{"@type":"SearchAction","target":{"@type":"EntryPoint","urlTemplate":"https:\/\/seaborn-immigration.ca\/fr\/?s={search_term_string}"},"query-input":{"@type":"PropertyValueSpecification","valueRequired":true,"valueName":"search_term_string"}}],"inLanguage":"fr-FR"},{"@type":"Organization","@id":"https:\/\/seaborn-immigration.ca\/fr\/#organization","name":"Sp\u00e9cialiste en recrutement international","url":"https:\/\/seaborn-immigration.ca\/fr\/","logo":{"@type":"ImageObject","inLanguage":"fr-FR","@id":"https:\/\/seaborn-immigration.ca\/fr\/#\/schema\/logo\/image\/","url":"https:\/\/seaborn-immigration.ca\/wp-content\/uploads\/2023\/05\/KS-Immigration-e1686083649395.png","contentUrl":"https:\/\/seaborn-immigration.ca\/wp-content\/uploads\/2023\/05\/KS-Immigration-e1686083649395.png","width":150,"height":129,"caption":"Sp\u00e9cialiste en recrutement international"},"image":{"@id":"https:\/\/seaborn-immigration.ca\/fr\/#\/schema\/logo\/image\/"}},{"@type":"Person","@id":"https:\/\/seaborn-immigration.ca\/fr\/#\/schema\/person\/d7395a202dffffdf9510b59069cc031e","name":"Katia Seaborn","image":{"@type":"ImageObject","inLanguage":"fr-FR","@id":"https:\/\/seaborn-immigration.ca\/fr\/#\/schema\/person\/image\/","url":"https:\/\/secure.gravatar.com\/avatar\/db15f0542f3af1994ab4f2e3219ee0668bfc7217eeeb23c3ff4152d54e668b28?s=96&d=mm&r=g","contentUrl":"https:\/\/secure.gravatar.com\/avatar\/db15f0542f3af1994ab4f2e3219ee0668bfc7217eeeb23c3ff4152d54e668b28?s=96&d=mm&r=g","caption":"Katia Seaborn"},"sameAs":["https:\/\/x.com\/Seaborn-staff-1"]}]}},"_links":{"self":[{"href":"https:\/\/seaborn-immigration.ca\/fr\/wp-json\/wp\/v2\/pages\/29968","targetHints":{"allow":["GET"]}}],"collection":[{"href":"https:\/\/seaborn-immigration.ca\/fr\/wp-json\/wp\/v2\/pages"}],"about":[{"href":"https:\/\/seaborn-immigration.ca\/fr\/wp-json\/wp\/v2\/types\/page"}],"author":[{"embeddable":true,"href":"https:\/\/seaborn-immigration.ca\/fr\/wp-json\/wp\/v2\/users\/12"}],"replies":[{"embeddable":true,"href":"https:\/\/seaborn-immigration.ca\/fr\/wp-json\/wp\/v2\/comments?post=29968"}],"version-history":[{"count":0,"href":"https:\/\/seaborn-immigration.ca\/fr\/wp-json\/wp\/v2\/pages\/29968\/revisions"}],"up":[{"embeddable":true,"href":"https:\/\/seaborn-immigration.ca\/fr\/wp-json\/wp\/v2\/pages\/29886"}],"wp:attachment":[{"href":"https:\/\/seaborn-immigration.ca\/fr\/wp-json\/wp\/v2\/media?parent=29968"}],"curies":[{"name":"wp","href":"https:\/\/api.w.org\/{rel}","templated":true}]}}