{"id":29971,"date":"2023-06-14T15:04:05","date_gmt":"2023-06-14T19:04:05","guid":{"rendered":"https:\/\/seaborn-immigration.ca\/?page_id=29971"},"modified":"2025-07-22T10:12:48","modified_gmt":"2025-07-22T14:12:48","slug":"a-propos-de-nous","status":"publish","type":"page","link":"https:\/\/seaborn-immigration.ca\/fr\/a-propos-de-nous\/","title":{"rendered":"\u00c0 propos de nous"},"content":{"rendered":"<div class=\"wpb-content-wrapper\"><p>[vc_row type=\u00a0\u00bbvc_default\u00a0\u00bb][vc_column]<div id=\"ultimate-heading-843969fabacc5a254\" class=\"uvc-heading ult-adjust-bottom-margin ultimate-heading-843969fabacc5a254 uvc-6652 \" data-hspacer=\"no_spacer\"  data-halign=\"left\" style=\"text-align:left\"><div class=\"uvc-heading-spacer no_spacer\" style=\"top\"><\/div><\/div>[vc_column_text]Chez Seaborn Immigration, nous sommes fiers d&rsquo;offrir des services de qualit\u00e9 pour aider nos clients \u00e0 r\u00e9pondre \u00e0 leurs besoins en mati\u00e8re de main d&rsquo;\u0153uvre et de recrutement international. Nous croyons en la cr\u00e9ation de relations \u00e0 long terme avec nos clients et nous nous effor\u00e7ons de fournir des solutions personnalis\u00e9es qui r\u00e9pondent \u00e0 leurs besoins sp\u00e9cifiques. Apprenez-en plus sur notre entreprise, notre histoire, notre \u00e9quipe et nos valeurs.[\/vc_column_text][\/vc_column][\/vc_row][vc_row equal_height=\u00a0\u00bbyes\u00a0\u00bb content_placement=\u00a0\u00bbmiddle\u00a0\u00bb bg_type=\u00a0\u00bbbg_color\u00a0\u00bb bg_override=\u00a0\u00bbex-full\u00a0\u00bb type=\u00a0\u00bbvc_default\u00a0\u00bb][vc_column offset=\u00a0\u00bbvc_col-lg-12 vc_col-md-12&Prime;]<div class=\"aio-icon-component  vc_custom_1695064978480  accent-icon-color style_1\"><div id=\"Info-box-wrap-4758\" class=\"aio-icon-box left-icon\" style=\"\"  ><div class=\"aio-icon-left\"><div class=\"ult-just-icon-wrapper  \"><div class=\"align-icon\" style=\"text-align:center;\">\n<div class=\"aio-icon none \"  style=\"font-size:32px;display:inline-block;\">\n\t<i class=\"icomoon-numbers-32x32-number\"><\/i>\n<\/div><\/div><\/div><\/div><div class=\"aio-ibd-block\"><div class=\"aio-icon-description ult-responsive\"  data-ultimate-target='#Info-box-wrap-4758 .aio-icon-description'  data-responsive-json-new='{\"font-size\":\"\",\"line-height\":\"\"}'  style=\"\"><b>Notre histoire :<\/b><\/p>\n<p>Fond\u00e9 en janvier 2022, KS Immigration a \u00e9t\u00e9 cr\u00e9\u00e9 dans le but de fournir des services d\u2019immigration de haute qualit\u00e9 aux entreprises ayant besoin d&rsquo;aide pour naviguer dans les processus d&rsquo;immigration au Canada. Depuis lors, nous avons aid\u00e9 de nombreuses entreprises \u00e0 atteindre leurs objectifs de recrutement en proposant des strat\u00e9gies efficaces, une assistance personnalis\u00e9e et un soutien continu. Nous sommes fiers de notre r\u00f4le en tant qu&rsquo;experts de l&rsquo;immigration et nous nous engageons \u00e0 continuer \u00e0 fournir des services exceptionnels \u00e0 nos clients.<\/div> <!-- description --><\/div> <!-- aio-ibd-block --><\/div> <!-- aio-icon-box --><\/div> <!-- aio-icon-component --><div class=\"aio-icon-component  vc_custom_1695064998049  accent-icon-color style_1\"><div id=\"Info-box-wrap-6298\" class=\"aio-icon-box left-icon\" style=\"\"  ><div class=\"aio-icon-left\"><div class=\"ult-just-icon-wrapper  \"><div class=\"align-icon\" style=\"text-align:center;\">\n<div class=\"aio-icon none \"  style=\"font-size:32px;display:inline-block;\">\n\t<i class=\"icomoon-numbers-32x32-number2\"><\/i>\n<\/div><\/div><\/div><\/div><div class=\"aio-ibd-block\"><div class=\"aio-icon-description ult-responsive\"  data-ultimate-target='#Info-box-wrap-6298 .aio-icon-description'  data-responsive-json-new='{\"font-size\":\"\",\"line-height\":\"\"}'  style=\"\"><b>Notre \u00e9quipe :<\/b><\/p>\n<p>Notre \u00e9quipe est compos\u00e9e d\u2019une consultante en immigration qualifi\u00e9s et exp\u00e9riment\u00e9s, d&rsquo;adjoints et de plusieurs collaborateurs notamment au transport et aux services clients, chacun ayant une grande exp\u00e9rience dans le domaine. Nous sommes fiers de fournir \u00e0 nos clients des conseils juridiques pr\u00e9cis et complets, ainsi que des services personnalis\u00e9s et adapt\u00e9s \u00e0 leurs besoins. Nous sommes d\u00e9vou\u00e9s \u00e0 aider nos clients \u00e0 atteindre leurs objectifs de recrutement et nous travaillons sans rel\u00e2che pour leur offrir une exp\u00e9rience de service exceptionnelle.<\/div> <!-- description --><\/div> <!-- aio-ibd-block --><\/div> <!-- aio-icon-box --><\/div> <!-- aio-icon-component --><div class=\"aio-icon-component  vc_custom_1695065026184  accent-icon-color style_1\"><div id=\"Info-box-wrap-1543\" class=\"aio-icon-box left-icon\" style=\"\"  ><div class=\"aio-icon-left\"><div class=\"ult-just-icon-wrapper  \"><div class=\"align-icon\" style=\"text-align:center;\">\n<div class=\"aio-icon none \"  style=\"font-size:32px;display:inline-block;\">\n\t<i class=\"icomoon-numbers-32x32-number3\"><\/i>\n<\/div><\/div><\/div><\/div><div class=\"aio-ibd-block\"><div class=\"aio-icon-description ult-responsive\"  data-ultimate-target='#Info-box-wrap-1543 .aio-icon-description'  data-responsive-json-new='{\"font-size\":\"\",\"line-height\":\"\"}'  style=\"\"><b>Nos valeurs :<\/b><\/p>\n<p>Chez KS Immigration, nous sommes anim\u00e9s par des valeurs fortes qui guident notre travail au quotidien. Nous croyons en l&rsquo;importance de l&rsquo;int\u00e9grit\u00e9, de l&#8217;empathie et de l&rsquo;excellence dans tout ce que nous faisons. Nous sommes \u00e9galement engag\u00e9s \u00e0 maintenir une culture de collaboration et de respect mutuel, tant \u00e0 l&rsquo;interne qu&rsquo;avec nos clients et partenaires. Nous nous engageons \u00e0 offrir des services de qualit\u00e9 sup\u00e9rieure \u00e0 nos clients et \u00e0 respecter les normes les plus \u00e9lev\u00e9es d&rsquo;\u00e9thique professionnelle dans tous nos efforts.<\/div> <!-- description --><\/div> <!-- aio-ibd-block --><\/div> <!-- aio-icon-box --><\/div> <!-- aio-icon-component -->[\/vc_column][\/vc_row]<\/p>\n<\/div>","protected":false},"excerpt":{"rendered":"<p>[vc_row type=\u00a0\u00bbvc_default\u00a0\u00bb][vc_column][vc_column_text]Chez Seaborn Immigration, nous sommes fiers d&rsquo;offrir des services de qualit\u00e9 pour aider nos clients \u00e0 r\u00e9pondre \u00e0 leurs besoins en mati\u00e8re de main d&rsquo;\u0153uvre et de recrutement international. Nous croyons en la cr\u00e9ation de relations \u00e0 long terme avec nos clients et nous nous effor\u00e7ons de fournir des solutions personnalis\u00e9es qui r\u00e9pondent \u00e0&hellip;<\/p>\n","protected":false},"author":12,"featured_media":0,"parent":0,"menu_order":0,"comment_status":"closed","ping_status":"closed","template":"","meta":{"_acf_changed":false,"footnotes":""},"class_list":["post-29971","page","type-page","status-publish","hentry","description-off"],"acf":[],"yoast_head":"<!-- This site is optimized with the Yoast SEO plugin v27.1.1 - https:\/\/yoast.com\/product\/yoast-seo-wordpress\/ -->\n<title>En Savoir Plus sur Seaborn Immigration<\/title>\n<meta name=\"description\" content=\"Apprenez plus sur notre entreprise et comment nous pouvons vous aider en immigration.\" \/>\n<meta name=\"robots\" content=\"index, follow, max-snippet:-1, max-image-preview:large, max-video-preview:-1\" \/>\n<link rel=\"canonical\" href=\"https:\/\/seaborn-immigration.ca\/fr\/a-propos-de-nous\/\" \/>\n<meta property=\"og:locale\" content=\"fr_FR\" \/>\n<meta property=\"og:type\" content=\"article\" \/>\n<meta property=\"og:title\" content=\"En Savoir Plus sur Seaborn Immigration\" \/>\n<meta property=\"og:description\" content=\"Apprenez plus sur notre entreprise et comment nous pouvons vous aider en immigration.\" \/>\n<meta property=\"og:url\" content=\"https:\/\/seaborn-immigration.ca\/fr\/a-propos-de-nous\/\" \/>\n<meta property=\"og:site_name\" content=\"Seaborn Immigration\" \/>\n<meta property=\"article:modified_time\" content=\"2025-07-22T14:12:48+00:00\" \/>\n<meta name=\"twitter:card\" content=\"summary_large_image\" \/>\n<meta name=\"twitter:label1\" content=\"Dur\u00e9e de lecture estim\u00e9e\" \/>\n\t<meta name=\"twitter:data1\" content=\"2 minutes\" \/>\n<!-- \/ Yoast SEO plugin. -->","yoast_head_json":{"title":"En Savoir Plus sur Seaborn Immigration","description":"Apprenez plus sur notre entreprise et comment nous pouvons vous aider en immigration.","robots":{"index":"index","follow":"follow","max-snippet":"max-snippet:-1","max-image-preview":"max-image-preview:large","max-video-preview":"max-video-preview:-1"},"canonical":"https:\/\/seaborn-immigration.ca\/fr\/a-propos-de-nous\/","og_locale":"fr_FR","og_type":"article","og_title":"En Savoir Plus sur Seaborn Immigration","og_description":"Apprenez plus sur notre entreprise et comment nous pouvons vous aider en immigration.","og_url":"https:\/\/seaborn-immigration.ca\/fr\/a-propos-de-nous\/","og_site_name":"Seaborn Immigration","article_modified_time":"2025-07-22T14:12:48+00:00","twitter_card":"summary_large_image","twitter_misc":{"Dur\u00e9e de lecture estim\u00e9e":"2 minutes"},"schema":{"@context":"https:\/\/schema.org","@graph":[{"@type":"Article","@id":"https:\/\/seaborn-immigration.ca\/fr\/a-propos-de-nous\/#article","isPartOf":{"@id":"https:\/\/seaborn-immigration.ca\/fr\/a-propos-de-nous\/"},"author":{"name":"Katia Seaborn","@id":"https:\/\/seaborn-immigration.ca\/fr\/#\/schema\/person\/d7395a202dffffdf9510b59069cc031e"},"headline":"\u00c0 propos de nous","datePublished":"2023-06-14T19:04:05+00:00","dateModified":"2025-07-22T14:12:48+00:00","mainEntityOfPage":{"@id":"https:\/\/seaborn-immigration.ca\/fr\/a-propos-de-nous\/"},"wordCount":481,"publisher":{"@id":"https:\/\/seaborn-immigration.ca\/fr\/#organization"},"inLanguage":"fr-FR"},{"@type":"WebPage","@id":"https:\/\/seaborn-immigration.ca\/fr\/a-propos-de-nous\/","url":"https:\/\/seaborn-immigration.ca\/fr\/a-propos-de-nous\/","name":"En Savoir Plus sur Seaborn Immigration","isPartOf":{"@id":"https:\/\/seaborn-immigration.ca\/fr\/#website"},"datePublished":"2023-06-14T19:04:05+00:00","dateModified":"2025-07-22T14:12:48+00:00","description":"Apprenez plus sur notre entreprise et comment nous pouvons vous aider en immigration.","breadcrumb":{"@id":"https:\/\/seaborn-immigration.ca\/fr\/a-propos-de-nous\/#breadcrumb"},"inLanguage":"fr-FR","potentialAction":[{"@type":"ReadAction","target":["https:\/\/seaborn-immigration.ca\/fr\/a-propos-de-nous\/"]}]},{"@type":"BreadcrumbList","@id":"https:\/\/seaborn-immigration.ca\/fr\/a-propos-de-nous\/#breadcrumb","itemListElement":[{"@type":"ListItem","position":1,"name":"Accueil","item":"https:\/\/seaborn-immigration.ca\/fr\/"},{"@type":"ListItem","position":2,"name":"\u00c0 propos de nous"}]},{"@type":"WebSite","@id":"https:\/\/seaborn-immigration.ca\/fr\/#website","url":"https:\/\/seaborn-immigration.ca\/fr\/","name":"Seaborn Immigration","description":"Sp\u00e9cialiste en recrutement international","publisher":{"@id":"https:\/\/seaborn-immigration.ca\/fr\/#organization"},"potentialAction":[{"@type":"SearchAction","target":{"@type":"EntryPoint","urlTemplate":"https:\/\/seaborn-immigration.ca\/fr\/?s={search_term_string}"},"query-input":{"@type":"PropertyValueSpecification","valueRequired":true,"valueName":"search_term_string"}}],"inLanguage":"fr-FR"},{"@type":"Organization","@id":"https:\/\/seaborn-immigration.ca\/fr\/#organization","name":"Sp\u00e9cialiste en recrutement international","url":"https:\/\/seaborn-immigration.ca\/fr\/","logo":{"@type":"ImageObject","inLanguage":"fr-FR","@id":"https:\/\/seaborn-immigration.ca\/fr\/#\/schema\/logo\/image\/","url":"https:\/\/seaborn-immigration.ca\/wp-content\/uploads\/2023\/05\/KS-Immigration-e1686083649395.png","contentUrl":"https:\/\/seaborn-immigration.ca\/wp-content\/uploads\/2023\/05\/KS-Immigration-e1686083649395.png","width":150,"height":129,"caption":"Sp\u00e9cialiste en recrutement international"},"image":{"@id":"https:\/\/seaborn-immigration.ca\/fr\/#\/schema\/logo\/image\/"}},{"@type":"Person","@id":"https:\/\/seaborn-immigration.ca\/fr\/#\/schema\/person\/d7395a202dffffdf9510b59069cc031e","name":"Katia Seaborn","image":{"@type":"ImageObject","inLanguage":"fr-FR","@id":"https:\/\/seaborn-immigration.ca\/fr\/#\/schema\/person\/image\/","url":"https:\/\/secure.gravatar.com\/avatar\/db15f0542f3af1994ab4f2e3219ee0668bfc7217eeeb23c3ff4152d54e668b28?s=96&d=mm&r=g","contentUrl":"https:\/\/secure.gravatar.com\/avatar\/db15f0542f3af1994ab4f2e3219ee0668bfc7217eeeb23c3ff4152d54e668b28?s=96&d=mm&r=g","caption":"Katia Seaborn"},"sameAs":["https:\/\/x.com\/Seaborn-staff-1"]}]}},"_links":{"self":[{"href":"https:\/\/seaborn-immigration.ca\/fr\/wp-json\/wp\/v2\/pages\/29971","targetHints":{"allow":["GET"]}}],"collection":[{"href":"https:\/\/seaborn-immigration.ca\/fr\/wp-json\/wp\/v2\/pages"}],"about":[{"href":"https:\/\/seaborn-immigration.ca\/fr\/wp-json\/wp\/v2\/types\/page"}],"author":[{"embeddable":true,"href":"https:\/\/seaborn-immigration.ca\/fr\/wp-json\/wp\/v2\/users\/12"}],"replies":[{"embeddable":true,"href":"https:\/\/seaborn-immigration.ca\/fr\/wp-json\/wp\/v2\/comments?post=29971"}],"version-history":[{"count":0,"href":"https:\/\/seaborn-immigration.ca\/fr\/wp-json\/wp\/v2\/pages\/29971\/revisions"}],"wp:attachment":[{"href":"https:\/\/seaborn-immigration.ca\/fr\/wp-json\/wp\/v2\/media?parent=29971"}],"curies":[{"name":"wp","href":"https:\/\/api.w.org\/{rel}","templated":true}]}}